{"id":116389,"date":"2024-05-31T09:01:36","date_gmt":"2024-05-31T13:01:36","guid":{"rendered":"https:\/\/goelette.ca\/?post_type=product&#038;p=116389"},"modified":"2024-05-31T09:03:08","modified_gmt":"2024-05-31T13:03:08","slug":"ophelie-lelephante-degourdie","status":"publish","type":"product","link":"https:\/\/goelette.ca\/en\/tous-les-livres\/ophelie-lelephante-degourdie\/","title":{"rendered":"Oph\u00e9lie l&#8217;\u00e9l\u00e9phante d\u00e9gourdie"},"content":{"rendered":"<p>Rencontrez les personnages attachants de la collection<strong><em> Nos amis les animaux <\/em><\/strong>!<\/p>\n","protected":false},"excerpt":{"rendered":"<p>Rencontrez les personnages attachants de la collection Nos amis les animaux !<\/p>\n","protected":false},"featured_media":116391,"template":"","meta":{"wds_primary_product_brand":0,"wds_primary_product_cat":0,"wds_primary_maison_dedition":0},"product_brand":[],"product_cat":[540,560,578,538],"product_tag":[],"maison_dedition":[541,767],"class_list":{"0":"post-116389","1":"product","2":"type-product","3":"status-publish","4":"has-post-thumbnail","6":"product_cat-0-2-ans","7":"product_cat-3-5-ans","8":"product_cat-albums-illustres","9":"product_cat-jeunesse","10":"pa_auteur-frederique-gosselin","11":"pa_illustrateur-jade-lachine","12":"maison_dedition-les-editions-coup-doeil","13":"maison_dedition-nos-amis-les-animaux","15":"first","16":"instock","17":"taxable","18":"shipping-taxable","19":"purchasable","20":"product-type-variable"},"bundled_by":[],"bundle_stock_status":"instock","bundle_stock_quantity":null,"bundle_virtual":false,"bundle_layout":"","bundle_add_to_cart_form_location":"","bundle_editable_in_cart":false,"bundle_sold_individually_context":"","bundle_item_grouping":"","bundle_min_size":"","bundle_max_size":"","bundle_price":[],"bundled_items":[],"bundle_sell_ids":[],"acf":[],"_links":{"self":[{"href":"https:\/\/goelette.ca\/en\/wp-json\/wp\/v2\/product\/116389","targetHints":{"allow":["GET"]}}],"collection":[{"href":"https:\/\/goelette.ca\/en\/wp-json\/wp\/v2\/product"}],"about":[{"href":"https:\/\/goelette.ca\/en\/wp-json\/wp\/v2\/types\/product"}],"wp:featuredmedia":[{"embeddable":true,"href":"https:\/\/goelette.ca\/en\/wp-json\/wp\/v2\/media\/116391"}],"wp:attachment":[{"href":"https:\/\/goelette.ca\/en\/wp-json\/wp\/v2\/media?parent=116389"}],"wp:term":[{"taxonomy":"product_brand","embeddable":true,"href":"https:\/\/goelette.ca\/en\/wp-json\/wp\/v2\/product_brand?post=116389"},{"taxonomy":"product_cat","embeddable":true,"href":"https:\/\/goelette.ca\/en\/wp-json\/wp\/v2\/product_cat?post=116389"},{"taxonomy":"product_tag","embeddable":true,"href":"https:\/\/goelette.ca\/en\/wp-json\/wp\/v2\/product_tag?post=116389"},{"taxonomy":"maison_dedition","embeddable":true,"href":"https:\/\/goelette.ca\/en\/wp-json\/wp\/v2\/maison_dedition?post=116389"}],"curies":[{"name":"wp","href":"https:\/\/api.w.org\/{rel}","templated":true}]}}