{"id":11635,"date":"2019-12-01T01:00:00","date_gmt":"2021-10-04T18:55:45","guid":{"rendered":"https:\/\/www.goelette.ca\/produit\/mon-jeu-de-memoire-cartes-eclair\/"},"modified":"2024-05-30T09:10:31","modified_gmt":"2024-05-30T13:10:31","slug":"mon-jeu-de-memoire-cartes-eclair","status":"publish","type":"product","link":"https:\/\/goelette.ca\/en\/tous-les-livres\/mon-jeu-de-memoire-cartes-eclair\/","title":{"rendered":"Mon jeu de m\u00e9moire (54 cartes-\u00e9clair)"},"content":{"rendered":"<p>Amuse-toi \u00e0 retrouver les paires d&#8217;images !<\/p>\n","protected":false},"excerpt":{"rendered":"<p>Amuse-toi \u00e0 retrouver les paires d&#8217;images !<\/p>\n","protected":false},"featured_media":11633,"template":"","meta":{"wds_primary_product_brand":0,"wds_primary_product_cat":0,"wds_primary_maison_dedition":0},"product_brand":[],"product_cat":[560,596,538],"product_tag":[],"maison_dedition":[595],"class_list":{"0":"post-11635","1":"product","2":"type-product","3":"status-publish","4":"has-post-thumbnail","6":"product_cat-3-5-ans","7":"product_cat-cartes-eclair-jeunesse","8":"product_cat-jeunesse","9":"pa_auteur-collectif","10":"maison_dedition-cartes-eclair","12":"first","13":"instock","14":"taxable","15":"shipping-taxable","16":"purchasable","17":"product-type-variable"},"bundled_by":[],"bundle_stock_status":"instock","bundle_stock_quantity":null,"bundle_virtual":false,"bundle_layout":"","bundle_add_to_cart_form_location":"","bundle_editable_in_cart":false,"bundle_sold_individually_context":"","bundle_item_grouping":"","bundle_min_size":"","bundle_max_size":"","bundle_price":[],"bundled_items":[],"bundle_sell_ids":[],"acf":[],"_links":{"self":[{"href":"https:\/\/goelette.ca\/en\/wp-json\/wp\/v2\/product\/11635","targetHints":{"allow":["GET"]}}],"collection":[{"href":"https:\/\/goelette.ca\/en\/wp-json\/wp\/v2\/product"}],"about":[{"href":"https:\/\/goelette.ca\/en\/wp-json\/wp\/v2\/types\/product"}],"wp:featuredmedia":[{"embeddable":true,"href":"https:\/\/goelette.ca\/en\/wp-json\/wp\/v2\/media\/11633"}],"wp:attachment":[{"href":"https:\/\/goelette.ca\/en\/wp-json\/wp\/v2\/media?parent=11635"}],"wp:term":[{"taxonomy":"product_brand","embeddable":true,"href":"https:\/\/goelette.ca\/en\/wp-json\/wp\/v2\/product_brand?post=11635"},{"taxonomy":"product_cat","embeddable":true,"href":"https:\/\/goelette.ca\/en\/wp-json\/wp\/v2\/product_cat?post=11635"},{"taxonomy":"product_tag","embeddable":true,"href":"https:\/\/goelette.ca\/en\/wp-json\/wp\/v2\/product_tag?post=11635"},{"taxonomy":"maison_dedition","embeddable":true,"href":"https:\/\/goelette.ca\/en\/wp-json\/wp\/v2\/maison_dedition?post=11635"}],"curies":[{"name":"wp","href":"https:\/\/api.w.org\/{rel}","templated":true}]}}