{"id":11578,"date":"2019-07-01T01:00:00","date_gmt":"2021-10-04T18:54:35","guid":{"rendered":"https:\/\/www.goelette.ca\/produit\/le-cruciverbiste-une-enquete-avec-emma-clarke\/"},"modified":"2025-09-15T08:43:16","modified_gmt":"2025-09-15T12:43:16","slug":"le-cruciverbiste-une-enquete-avec-emma-clarke","status":"publish","type":"product","link":"https:\/\/goelette.ca\/en\/tous-les-livres\/le-cruciverbiste-une-enquete-avec-emma-clarke\/","title":{"rendered":"Le cruciverbiste (Une enqu\u00eate avec Emma Clarke)"},"content":{"rendered":"<p>Le monde immobilier de la Rive-Nord de Montr\u00e9al est secou\u00e9. Joseph Dunstan, un de ses membres reconnu pour ses dettes de jeu, a \u00e9t\u00e9 assassin\u00e9. Vedette de la S\u00fbret\u00e9 du Qu\u00e9bec, la lieutenante-d\u00e9tective Emma Clarke h\u00e9rite de cette affaire qui s\u2019av\u00e8re tout sauf simple. Car les cadavres ne tardent pas \u00e0 s\u2019empiler, et la polici\u00e8re se retrouve bien vite au centre d\u2019un v\u00e9ritable casse-t\u00eate o\u00f9 se m\u00ealent le latin, la religion et une myst\u00e9rieuse grille de mots crois\u00e9s qui lui parvient par fragments.<\/p>\n<p>Ce jeu ignoble, imagin\u00e9 par un meurtrier des plus provocants, poussera Emma dans ses derniers retranchements. Ent\u00eat\u00e9e et passionn\u00e9e, elle s\u2019\u00e9vertuera \u00e0 relever le d\u00e9fi intellectuel auquel la convie l\u2019assassin, \u00e0 un point tel qu\u2019elle finira par y prendre go\u00fbt et tentera de le d\u00e9masquer co\u00fbte que co\u00fbte.<\/p>\n<p>D\u00e8s cette premi\u00e8re enqu\u00eate, Emma Clarke vous s\u00e9duira par son obstination, son sens de la d\u00e9duction et sa personnalit\u00e9 hors norme habilement d\u00e9peinte par la plume d\u2019une auteure \u00e0 l\u2019imagination d\u00e9bordante.<\/p>\n","protected":false},"excerpt":{"rendered":"<p>Le monde immobilier de la Rive-Nord de Montr\u00e9al est secou\u00e9. Joseph Dunstan, un de ses membres reconnu pour ses dettes de jeu, a \u00e9t\u00e9 assassin\u00e9. Vedette de la S\u00fbret\u00e9 du Qu\u00e9bec, la lieutenante-d\u00e9tective Emma Clarke h\u00e9rite de cette affaire qui s\u2019av\u00e8re tout sauf simple. Car les cadavres ne tardent pas \u00e0 s\u2019empiler, et la polici\u00e8re [&hellip;]<\/p>\n","protected":false},"featured_media":11576,"template":"","meta":{"wds_primary_product_brand":0,"wds_primary_product_cat":0,"wds_primary_maison_dedition":0},"product_brand":[],"product_cat":[546,542],"product_tag":[],"maison_dedition":[541],"class_list":{"0":"post-11578","1":"product","2":"type-product","3":"status-publish","4":"has-post-thumbnail","6":"product_cat-policier-thriller","7":"product_cat-roman","8":"pa_auteur-claire-cooke","9":"maison_dedition-les-editions-coup-doeil","11":"first","12":"instock","13":"taxable","14":"shipping-taxable","15":"purchasable","16":"product-type-variable","17":"has-default-attributes"},"bundled_by":[],"bundle_stock_status":"instock","bundle_stock_quantity":null,"bundle_virtual":false,"bundle_layout":"","bundle_add_to_cart_form_location":"","bundle_editable_in_cart":false,"bundle_sold_individually_context":"","bundle_item_grouping":"","bundle_min_size":"","bundle_max_size":"","bundle_price":[],"bundled_items":[],"bundle_sell_ids":[],"acf":[],"_links":{"self":[{"href":"https:\/\/goelette.ca\/en\/wp-json\/wp\/v2\/product\/11578","targetHints":{"allow":["GET"]}}],"collection":[{"href":"https:\/\/goelette.ca\/en\/wp-json\/wp\/v2\/product"}],"about":[{"href":"https:\/\/goelette.ca\/en\/wp-json\/wp\/v2\/types\/product"}],"wp:featuredmedia":[{"embeddable":true,"href":"https:\/\/goelette.ca\/en\/wp-json\/wp\/v2\/media\/11576"}],"wp:attachment":[{"href":"https:\/\/goelette.ca\/en\/wp-json\/wp\/v2\/media?parent=11578"}],"wp:term":[{"taxonomy":"product_brand","embeddable":true,"href":"https:\/\/goelette.ca\/en\/wp-json\/wp\/v2\/product_brand?post=11578"},{"taxonomy":"product_cat","embeddable":true,"href":"https:\/\/goelette.ca\/en\/wp-json\/wp\/v2\/product_cat?post=11578"},{"taxonomy":"product_tag","embeddable":true,"href":"https:\/\/goelette.ca\/en\/wp-json\/wp\/v2\/product_tag?post=11578"},{"taxonomy":"maison_dedition","embeddable":true,"href":"https:\/\/goelette.ca\/en\/wp-json\/wp\/v2\/maison_dedition?post=11578"}],"curies":[{"name":"wp","href":"https:\/\/api.w.org\/{rel}","templated":true}]}}