{"id":11560,"date":"2019-12-01T01:00:00","date_gmt":"2021-10-04T18:54:19","guid":{"rendered":"https:\/\/www.goelette.ca\/produit\/le-pays-du-bout-du-fleuve-tome-1-un-saut-vers-linconnu\/"},"modified":"2023-12-14T13:59:18","modified_gmt":"2023-12-14T18:59:18","slug":"le-pays-du-bout-du-fleuve-tome-1-un-saut-vers-linconnu","status":"publish","type":"product","link":"https:\/\/goelette.ca\/en\/tous-les-livres\/le-pays-du-bout-du-fleuve-tome-1-un-saut-vers-linconnu\/","title":{"rendered":"Le pays du bout du fleuve Tome 1 Un saut vers l&#8217;inconnu"},"content":{"rendered":"<p class=\"p1\">Un apr\u00e8s-midi de juin 1665, une foule f\u00e9brile s\u2019amoncelle pr\u00e8s du navire amarr\u00e9 au port de La Rochelle. La journ\u00e9e est ensoleill\u00e9e et l\u2019\u00e9quipage pr\u00e9pare le bateau. L\u2019embarquement commencera dans quelques instants. Jean Gobeil, enthousiaste \u00e0 l\u2019id\u00e9e de faire la travers\u00e9e jusqu\u2019en Nouvelle-France, est d\u00e9j\u00e0 pr\u00eat \u00e0 monter \u00e0 bord. Toutefois, sa femme Jeanne, inqui\u00e8te, surveille furtivement ses enfants. Ce saut vers l\u2019inconnu l\u2019effraie, mais elle y a consenti par amour pour son homme.<\/p>\n<p class=\"p1\">Apr\u00e8s neuf semaines en mer, la famille d\u00e9barque \u00e0 Qu\u00e9bec avant de s\u2019installer \u00e0 Ch\u00e2teau-Richer. Mais pour ces nouveaux colons, tout est \u00e0 construire. L\u2019\u00e9t\u00e9, les hommes et les femmes s\u2019\u00e9puisent \u00e0 la culture et au d\u00e9frichement des terres. L\u2019hiver, le fleuve gel\u00e9 et la neige \u00e0 perte de vue isolent les habitants accabl\u00e9s par le froid. Comment les Gobeil parviendront-ils \u00e0 s\u2019adapter \u00e0 ces conditions difficiles ? R\u00e9ussiront-ils \u00e0 s\u2019installer d\u00e9finitivement dans leur pays d\u2019adoption sans peine ni douleur? Dans ce premier tome palpitant, l\u2019auteure insuffle une vie aux gens modestes et courageux qui ont b\u00e2ti la Nouvelle-France.<\/p>\n","protected":false},"excerpt":{"rendered":"<p>Un apr\u00e8s-midi de juin 1665, une foule f\u00e9brile s\u2019amoncelle pr\u00e8s du navire amarr\u00e9 au port de La Rochelle. La journ\u00e9e est ensoleill\u00e9e et l\u2019\u00e9quipage pr\u00e9pare le bateau. L\u2019embarquement commencera dans quelques instants. Jean Gobeil, enthousiaste \u00e0 l\u2019id\u00e9e de faire la travers\u00e9e jusqu\u2019en Nouvelle-France, est d\u00e9j\u00e0 pr\u00eat \u00e0 monter \u00e0 bord. Toutefois, sa femme Jeanne, inqui\u00e8te, [&hellip;]<\/p>\n","protected":false},"featured_media":11558,"template":"","meta":{"wds_primary_product_brand":0,"wds_primary_product_cat":0,"wds_primary_maison_dedition":0},"product_brand":[],"product_cat":[543,542],"product_tag":[],"maison_dedition":[541],"class_list":{"0":"post-11560","1":"product","2":"type-product","3":"status-publish","4":"has-post-thumbnail","6":"product_cat-historique","7":"product_cat-roman","8":"pa_auteur-sylvie-gobeil","9":"maison_dedition-les-editions-coup-doeil","11":"first","12":"instock","13":"taxable","14":"shipping-taxable","15":"purchasable","16":"product-type-variable"},"bundled_by":[],"bundle_stock_status":"instock","bundle_stock_quantity":null,"bundle_virtual":false,"bundle_layout":"","bundle_add_to_cart_form_location":"","bundle_editable_in_cart":false,"bundle_sold_individually_context":"","bundle_item_grouping":"","bundle_min_size":"","bundle_max_size":"","bundle_price":[],"bundled_items":[],"bundle_sell_ids":[],"acf":[],"_links":{"self":[{"href":"https:\/\/goelette.ca\/en\/wp-json\/wp\/v2\/product\/11560","targetHints":{"allow":["GET"]}}],"collection":[{"href":"https:\/\/goelette.ca\/en\/wp-json\/wp\/v2\/product"}],"about":[{"href":"https:\/\/goelette.ca\/en\/wp-json\/wp\/v2\/types\/product"}],"wp:featuredmedia":[{"embeddable":true,"href":"https:\/\/goelette.ca\/en\/wp-json\/wp\/v2\/media\/11558"}],"wp:attachment":[{"href":"https:\/\/goelette.ca\/en\/wp-json\/wp\/v2\/media?parent=11560"}],"wp:term":[{"taxonomy":"product_brand","embeddable":true,"href":"https:\/\/goelette.ca\/en\/wp-json\/wp\/v2\/product_brand?post=11560"},{"taxonomy":"product_cat","embeddable":true,"href":"https:\/\/goelette.ca\/en\/wp-json\/wp\/v2\/product_cat?post=11560"},{"taxonomy":"product_tag","embeddable":true,"href":"https:\/\/goelette.ca\/en\/wp-json\/wp\/v2\/product_tag?post=11560"},{"taxonomy":"maison_dedition","embeddable":true,"href":"https:\/\/goelette.ca\/en\/wp-json\/wp\/v2\/maison_dedition?post=11560"}],"curies":[{"name":"wp","href":"https:\/\/api.w.org\/{rel}","templated":true}]}}