{"id":11557,"date":"2019-12-01T01:00:00","date_gmt":"2021-10-04T18:54:17","guid":{"rendered":"https:\/\/www.goelette.ca\/produit\/le-pays-du-bout-du-fleuve-tome-2-les-tiroirs-secrets-de-jeanne\/"},"modified":"2023-12-14T14:41:16","modified_gmt":"2023-12-14T19:41:16","slug":"le-pays-du-bout-du-fleuve-tome-2-les-tiroirs-secrets-de-jeanne","status":"publish","type":"product","link":"https:\/\/goelette.ca\/en\/tous-les-livres\/le-pays-du-bout-du-fleuve-tome-2-les-tiroirs-secrets-de-jeanne\/","title":{"rendered":"Le pays du bout du fleuve Tome 2 Les tiroirs secrets de Jeanne"},"content":{"rendered":"<p class=\"p1\">De l\u2019\u00eele d\u2019Orl\u00e9ans jusqu\u2019\u00e0 Qu\u00e9bec, les huit enfants Gobeil, d\u00e9sormais adultes, sont appel\u00e9s \u00e0 faire leurs propres choix. Certains se sont mari\u00e9s et fondent, comme il est coutume en Nouvelle-France, une famille nombreuse. D\u2019autres aident aux travaux de la terre avec l\u2019espoir d\u2019en h\u00e9riter un jour ou encore aspirent \u00e0 d\u00e9couvrir des contr\u00e9es inexplor\u00e9es.<\/p>\n<p class=\"p1\">Malheureusement, en mars 1690, les Gobeil peinent \u00e0 se remettre d\u2019un terrible deuil. Ils r\u00e9agissent tous de mani\u00e8re diff\u00e9rente pour transcender leur douleur. Sauront-ils faire face \u00e0 cette \u00e9preuve tout en restant unis ? En d\u00e9pit du chagrin, les membres de la famille continuent d\u2019avancer courageusement, et ce, malgr\u00e9 les cultures assaillies d\u2019insectes. De plus, ils doivent riposter aux troupes anglaises qui s\u2019approchent de leur territoire et repousser les attaques autochtones. Pourront-ils prot\u00e9ger les leurs des menaces incessantes ? Dans ce deuxi\u00e8me tome, teint\u00e9 d\u2019\u00e9motions fortes, de tendresse et d\u2019amour, l\u2019auteure aborde les tribulations des enfants Gobeil. Composant un univers entrem\u00ealant histoire et fiction, elle offre des personnages authentiques, qui permettent de d\u00e9couvrir l\u2019essence d\u2019une \u00e9poque.<\/p>\n","protected":false},"excerpt":{"rendered":"<p>De l\u2019\u00eele d\u2019Orl\u00e9ans jusqu\u2019\u00e0 Qu\u00e9bec, les huit enfants Gobeil, d\u00e9sormais adultes, sont appel\u00e9s \u00e0 faire leurs propres choix. Certains se sont mari\u00e9s et fondent, comme il est coutume en Nouvelle-France, une famille nombreuse. D\u2019autres aident aux travaux de la terre avec l\u2019espoir d\u2019en h\u00e9riter un jour ou encore aspirent \u00e0 d\u00e9couvrir des contr\u00e9es inexplor\u00e9es. Malheureusement, [&hellip;]<\/p>\n","protected":false},"featured_media":11555,"template":"","meta":{"wds_primary_product_brand":0,"wds_primary_product_cat":0,"wds_primary_maison_dedition":0},"product_brand":[],"product_cat":[543,542],"product_tag":[],"maison_dedition":[541],"class_list":{"0":"post-11557","1":"product","2":"type-product","3":"status-publish","4":"has-post-thumbnail","6":"product_cat-historique","7":"product_cat-roman","8":"pa_auteur-sylvie-gobeil","9":"maison_dedition-les-editions-coup-doeil","11":"first","12":"instock","13":"taxable","14":"shipping-taxable","15":"purchasable","16":"product-type-variable"},"bundled_by":[],"bundle_stock_status":"instock","bundle_stock_quantity":null,"bundle_virtual":false,"bundle_layout":"","bundle_add_to_cart_form_location":"","bundle_editable_in_cart":false,"bundle_sold_individually_context":"","bundle_item_grouping":"","bundle_min_size":"","bundle_max_size":"","bundle_price":[],"bundled_items":[],"bundle_sell_ids":[],"acf":[],"_links":{"self":[{"href":"https:\/\/goelette.ca\/en\/wp-json\/wp\/v2\/product\/11557","targetHints":{"allow":["GET"]}}],"collection":[{"href":"https:\/\/goelette.ca\/en\/wp-json\/wp\/v2\/product"}],"about":[{"href":"https:\/\/goelette.ca\/en\/wp-json\/wp\/v2\/types\/product"}],"wp:featuredmedia":[{"embeddable":true,"href":"https:\/\/goelette.ca\/en\/wp-json\/wp\/v2\/media\/11555"}],"wp:attachment":[{"href":"https:\/\/goelette.ca\/en\/wp-json\/wp\/v2\/media?parent=11557"}],"wp:term":[{"taxonomy":"product_brand","embeddable":true,"href":"https:\/\/goelette.ca\/en\/wp-json\/wp\/v2\/product_brand?post=11557"},{"taxonomy":"product_cat","embeddable":true,"href":"https:\/\/goelette.ca\/en\/wp-json\/wp\/v2\/product_cat?post=11557"},{"taxonomy":"product_tag","embeddable":true,"href":"https:\/\/goelette.ca\/en\/wp-json\/wp\/v2\/product_tag?post=11557"},{"taxonomy":"maison_dedition","embeddable":true,"href":"https:\/\/goelette.ca\/en\/wp-json\/wp\/v2\/maison_dedition?post=11557"}],"curies":[{"name":"wp","href":"https:\/\/api.w.org\/{rel}","templated":true}]}}