{"id":11554,"date":"2019-12-01T01:00:00","date_gmt":"2021-10-04T18:54:14","guid":{"rendered":"https:\/\/www.goelette.ca\/produit\/le-pays-du-bout-du-fleuve-tome-3-au-gre-du-vent\/"},"modified":"2023-12-14T15:00:20","modified_gmt":"2023-12-14T20:00:20","slug":"le-pays-du-bout-du-fleuve-tome-3-au-gre-du-vent","status":"publish","type":"product","link":"https:\/\/goelette.ca\/en\/tous-les-livres\/le-pays-du-bout-du-fleuve-tome-3-au-gre-du-vent\/","title":{"rendered":"Le pays du bout du fleuve Tome 3 Au gr\u00e9 du vent"},"content":{"rendered":"<p class=\"p1\">En mars 1698, \u00e0 Qu\u00e9bec, les Gobeil sont une fois de plus accabl\u00e9spar la perte d\u2019un \u00eatre cher. Tous se sont r\u00e9unis pour un dernier adieu. La douleur est vive et la vie est de plus en plus dure en Nouvelle-France. L\u2019\u00e9pid\u00e9mie de variole fait rage, les morts se succ\u00e8dent et la pauvret\u00e9 est plus pr\u00e9sente que jamais. Garder le moral n\u2019est pas facile.<\/p>\n<p class=\"p1\">Au gr\u00e9 du vent, de leurs devoirs et de leurs destin\u00e9es, les enfants Gobeil ont pris des directions diff\u00e9rentes. Ang\u00e9lique tient un commerce, Catherine oeuvre pieusement aux Ursulines, Laurent a repris la mer vers l\u2019est. Certains se sont install\u00e9s sur des terres lointaines \u00e0 d\u00e9fricher, et d\u2019autres se retrouvent pr\u00e8s du port de Qu\u00e9bec en pleine action. Sauront-ils rester soud\u00e9s ou l\u2019\u00e9loignement aura-t-il raison de leur amour fraternel ? Dans ce dernier tome, l\u2019auteure nous partage sa passion pour l\u2019histoire de la Nouvelle-France et pour ces femmes et ces hommes travaillants. Elle d\u00e9crit avec justesse et \u00e9motion les naissances, les morts, les \u00e9pid\u00e9mies et les guerres, nous dressant ainsi un portrait \u00e0 saveur authentique.<\/p>\n","protected":false},"excerpt":{"rendered":"<p>En mars 1698, \u00e0 Qu\u00e9bec, les Gobeil sont une fois de plus accabl\u00e9spar la perte d\u2019un \u00eatre cher. Tous se sont r\u00e9unis pour un dernier adieu. La douleur est vive et la vie est de plus en plus dure en Nouvelle-France. L\u2019\u00e9pid\u00e9mie de variole fait rage, les morts se succ\u00e8dent et la pauvret\u00e9 est plus [&hellip;]<\/p>\n","protected":false},"featured_media":11552,"template":"","meta":{"wds_primary_product_brand":0,"wds_primary_product_cat":0,"wds_primary_maison_dedition":0},"product_brand":[],"product_cat":[543,542],"product_tag":[],"maison_dedition":[541],"class_list":{"0":"post-11554","1":"product","2":"type-product","3":"status-publish","4":"has-post-thumbnail","6":"product_cat-historique","7":"product_cat-roman","8":"pa_auteur-sylvie-gobeil","9":"maison_dedition-les-editions-coup-doeil","11":"first","12":"instock","13":"taxable","14":"shipping-taxable","15":"purchasable","16":"product-type-variable"},"bundled_by":[],"bundle_stock_status":"instock","bundle_stock_quantity":null,"bundle_virtual":false,"bundle_layout":"","bundle_add_to_cart_form_location":"","bundle_editable_in_cart":false,"bundle_sold_individually_context":"","bundle_item_grouping":"","bundle_min_size":"","bundle_max_size":"","bundle_price":[],"bundled_items":[],"bundle_sell_ids":[],"acf":[],"_links":{"self":[{"href":"https:\/\/goelette.ca\/en\/wp-json\/wp\/v2\/product\/11554","targetHints":{"allow":["GET"]}}],"collection":[{"href":"https:\/\/goelette.ca\/en\/wp-json\/wp\/v2\/product"}],"about":[{"href":"https:\/\/goelette.ca\/en\/wp-json\/wp\/v2\/types\/product"}],"wp:featuredmedia":[{"embeddable":true,"href":"https:\/\/goelette.ca\/en\/wp-json\/wp\/v2\/media\/11552"}],"wp:attachment":[{"href":"https:\/\/goelette.ca\/en\/wp-json\/wp\/v2\/media?parent=11554"}],"wp:term":[{"taxonomy":"product_brand","embeddable":true,"href":"https:\/\/goelette.ca\/en\/wp-json\/wp\/v2\/product_brand?post=11554"},{"taxonomy":"product_cat","embeddable":true,"href":"https:\/\/goelette.ca\/en\/wp-json\/wp\/v2\/product_cat?post=11554"},{"taxonomy":"product_tag","embeddable":true,"href":"https:\/\/goelette.ca\/en\/wp-json\/wp\/v2\/product_tag?post=11554"},{"taxonomy":"maison_dedition","embeddable":true,"href":"https:\/\/goelette.ca\/en\/wp-json\/wp\/v2\/maison_dedition?post=11554"}],"curies":[{"name":"wp","href":"https:\/\/api.w.org\/{rel}","templated":true}]}}