{"id":11548,"date":"2022-11-17T00:00:00","date_gmt":"2022-11-17T05:00:00","guid":{"rendered":"https:\/\/www.goelette.ca\/produit\/les-lutins-a-la-rescousse\/"},"modified":"2025-05-15T13:50:35","modified_gmt":"2025-05-15T17:50:35","slug":"les-lutins-a-la-rescousse","status":"publish","type":"product","link":"https:\/\/goelette.ca\/en\/tous-les-livres\/les-lutins-a-la-rescousse\/","title":{"rendered":"Les lutins \u00e0 la rescousse"},"content":{"rendered":"<p><span style=\"font-size: 12px; color: #ff0000;\">Catastrophe !<\/span><\/p>\n<p><span style=\"font-size: 12px;\">Le p\u00e8re No\u00ebl est atteint d&#8217;un rhume polaire aigu. Il ne peut pas faire la distribution des cadeaux. Heureusement, Muscade est une lutine tr\u00e8s intelligente. Elle sait exactement quoi faire pour sauver No\u00ebl et entra\u00eener les autres lutins avec elle !<\/span><\/p>\n","protected":false},"excerpt":{"rendered":"<p>Catastrophe ! Le p\u00e8re No\u00ebl est atteint d&#8217;un rhume polaire aigu. Il ne peut pas faire la distribution des cadeaux. Heureusement, Muscade est une lutine tr\u00e8s intelligente. Elle sait exactement quoi faire pour sauver No\u00ebl et entra\u00eener les autres lutins avec elle !<\/p>\n","protected":false},"featured_media":11546,"template":"","meta":{"wds_primary_product_brand":0,"wds_primary_product_cat":0,"wds_primary_maison_dedition":0},"product_brand":[],"product_cat":[560,578,538,545],"product_tag":[],"maison_dedition":[541,584],"class_list":{"0":"post-11548","1":"product","2":"type-product","3":"status-publish","4":"has-post-thumbnail","6":"product_cat-3-5-ans","7":"product_cat-albums-illustres","8":"product_cat-jeunesse","9":"product_cat-noel","10":"pa_auteur-valerie-gagne","11":"pa_illustrateur-elena-aiello","12":"maison_dedition-les-editions-coup-doeil","13":"maison_dedition-petites-lectures","15":"first","16":"instock","17":"taxable","18":"shipping-taxable","19":"purchasable","20":"product-type-variable","21":"has-default-attributes"},"bundled_by":[],"bundle_stock_status":"instock","bundle_stock_quantity":null,"bundle_virtual":false,"bundle_layout":"","bundle_add_to_cart_form_location":"","bundle_editable_in_cart":false,"bundle_sold_individually_context":"","bundle_item_grouping":"","bundle_min_size":"","bundle_max_size":"","bundle_price":[],"bundled_items":[],"bundle_sell_ids":[],"acf":[],"_links":{"self":[{"href":"https:\/\/goelette.ca\/en\/wp-json\/wp\/v2\/product\/11548","targetHints":{"allow":["GET"]}}],"collection":[{"href":"https:\/\/goelette.ca\/en\/wp-json\/wp\/v2\/product"}],"about":[{"href":"https:\/\/goelette.ca\/en\/wp-json\/wp\/v2\/types\/product"}],"wp:featuredmedia":[{"embeddable":true,"href":"https:\/\/goelette.ca\/en\/wp-json\/wp\/v2\/media\/11546"}],"wp:attachment":[{"href":"https:\/\/goelette.ca\/en\/wp-json\/wp\/v2\/media?parent=11548"}],"wp:term":[{"taxonomy":"product_brand","embeddable":true,"href":"https:\/\/goelette.ca\/en\/wp-json\/wp\/v2\/product_brand?post=11548"},{"taxonomy":"product_cat","embeddable":true,"href":"https:\/\/goelette.ca\/en\/wp-json\/wp\/v2\/product_cat?post=11548"},{"taxonomy":"product_tag","embeddable":true,"href":"https:\/\/goelette.ca\/en\/wp-json\/wp\/v2\/product_tag?post=11548"},{"taxonomy":"maison_dedition","embeddable":true,"href":"https:\/\/goelette.ca\/en\/wp-json\/wp\/v2\/maison_dedition?post=11548"}],"curies":[{"name":"wp","href":"https:\/\/api.w.org\/{rel}","templated":true}]}}