{"id":11542,"date":"2019-06-01T01:00:00","date_gmt":"2021-10-04T18:54:03","guid":{"rendered":"https:\/\/www.goelette.ca\/produit\/robin-des-bois\/"},"modified":"2021-12-03T18:06:59","modified_gmt":"2021-12-03T17:06:59","slug":"robin-des-bois","status":"publish","type":"product","link":"https:\/\/goelette.ca\/en\/tous-les-livres\/robin-des-bois\/","title":{"rendered":"Robin des Bois"},"content":{"rendered":"<p>Ce r\u00e9cit tir\u00e9e d&#8217;une l\u00e9gende m\u00e9di\u00e9vale a \u00e9t\u00e9 r\u00e9\u00e9crit pour s&#8217;adapter aux enfants.<\/p>\n<p>Les illustrations enti\u00e8rement en couleurs sont des exclusivit\u00e9s sign\u00e9es Van Gool et contribuent \u00e0 faire de cette s\u00e9rie une exp\u00e9rience de lecture unique.<\/p>\n","protected":false},"excerpt":{"rendered":"<p>Ce r\u00e9cit tir\u00e9e d&#8217;une l\u00e9gende m\u00e9di\u00e9vale a \u00e9t\u00e9 r\u00e9\u00e9crit pour s&#8217;adapter aux enfants. Les illustrations enti\u00e8rement en couleurs sont des exclusivit\u00e9s sign\u00e9es Van Gool et contribuent \u00e0 faire de cette s\u00e9rie une exp\u00e9rience de lecture unique.<\/p>\n","protected":false},"featured_media":11540,"template":"","meta":{"wds_primary_product_brand":0,"wds_primary_product_cat":0,"wds_primary_maison_dedition":0},"product_brand":[],"product_cat":[555,578,538],"product_tag":[],"maison_dedition":[541],"class_list":{"0":"post-11542","1":"product","2":"type-product","3":"status-publish","4":"has-post-thumbnail","6":"product_cat-6-ans-et-plus","7":"product_cat-albums-illustres","8":"product_cat-jeunesse","9":"maison_dedition-les-editions-coup-doeil","11":"first","12":"instock","13":"taxable","14":"shipping-taxable","15":"product-type-variable"},"bundled_by":[],"bundle_stock_status":"instock","bundle_stock_quantity":null,"bundle_virtual":false,"bundle_layout":"","bundle_add_to_cart_form_location":"","bundle_editable_in_cart":false,"bundle_sold_individually_context":"","bundle_item_grouping":"","bundle_min_size":"","bundle_max_size":"","bundle_price":[],"bundled_items":[],"bundle_sell_ids":[],"acf":[],"_links":{"self":[{"href":"https:\/\/goelette.ca\/en\/wp-json\/wp\/v2\/product\/11542","targetHints":{"allow":["GET"]}}],"collection":[{"href":"https:\/\/goelette.ca\/en\/wp-json\/wp\/v2\/product"}],"about":[{"href":"https:\/\/goelette.ca\/en\/wp-json\/wp\/v2\/types\/product"}],"wp:featuredmedia":[{"embeddable":true,"href":"https:\/\/goelette.ca\/en\/wp-json\/wp\/v2\/media\/11540"}],"wp:attachment":[{"href":"https:\/\/goelette.ca\/en\/wp-json\/wp\/v2\/media?parent=11542"}],"wp:term":[{"taxonomy":"product_brand","embeddable":true,"href":"https:\/\/goelette.ca\/en\/wp-json\/wp\/v2\/product_brand?post=11542"},{"taxonomy":"product_cat","embeddable":true,"href":"https:\/\/goelette.ca\/en\/wp-json\/wp\/v2\/product_cat?post=11542"},{"taxonomy":"product_tag","embeddable":true,"href":"https:\/\/goelette.ca\/en\/wp-json\/wp\/v2\/product_tag?post=11542"},{"taxonomy":"maison_dedition","embeddable":true,"href":"https:\/\/goelette.ca\/en\/wp-json\/wp\/v2\/maison_dedition?post=11542"}],"curies":[{"name":"wp","href":"https:\/\/api.w.org\/{rel}","templated":true}]}}