{"id":11533,"date":"2019-06-01T01:00:00","date_gmt":"2019-06-01T05:00:00","guid":{"rendered":"https:\/\/www.goelette.ca\/produit\/le-tour-du-monde-en-80-jours\/"},"modified":"2023-03-23T14:22:35","modified_gmt":"2023-03-23T18:22:35","slug":"le-tour-du-monde-en-80-jours","status":"publish","type":"product","link":"https:\/\/goelette.ca\/en\/tous-les-livres\/le-tour-du-monde-en-80-jours\/","title":{"rendered":"Le tour du monde en 80 jours"},"content":{"rendered":"<p><span style=\"font-size: 12px;\">Ce classique de la litt\u00e9rature fran\u00e7aise a \u00e9t\u00e9 r\u00e9\u00e9crit pour s&#8217;adapter aux enfants.<\/span><\/p>\n<p><span style=\"font-size: 12px;\">Les illustrations enti\u00e8rement en couleurs sont des exclusivit\u00e9s sign\u00e9es Van Gool et contribuent \u00e0 faire de cette s\u00e9rie une exp\u00e9rience de lecture unique.<\/span><\/p>\n","protected":false},"excerpt":{"rendered":"<p>Ce classique de la litt\u00e9rature fran\u00e7aise a \u00e9t\u00e9 r\u00e9\u00e9crit pour s&#8217;adapter aux enfants. Les illustrations enti\u00e8rement en couleurs sont des exclusivit\u00e9s sign\u00e9es Van Gool et contribuent \u00e0 faire de cette s\u00e9rie une exp\u00e9rience de lecture unique.<\/p>\n","protected":false},"featured_media":11531,"template":"","meta":{"wds_primary_product_brand":0,"wds_primary_product_cat":0,"wds_primary_maison_dedition":0},"product_brand":[],"product_cat":[542],"product_tag":[],"maison_dedition":[541],"class_list":{"0":"post-11533","1":"product","2":"type-product","3":"status-publish","4":"has-post-thumbnail","6":"product_cat-roman","7":"pa_auteur-jules-verne","8":"maison_dedition-les-editions-coup-doeil","10":"first","11":"instock","12":"taxable","13":"shipping-taxable","14":"product-type-variable"},"bundled_by":[],"bundle_stock_status":"instock","bundle_stock_quantity":null,"bundle_virtual":false,"bundle_layout":"","bundle_add_to_cart_form_location":"","bundle_editable_in_cart":false,"bundle_sold_individually_context":"","bundle_item_grouping":"","bundle_min_size":"","bundle_max_size":"","bundle_price":[],"bundled_items":[],"bundle_sell_ids":[],"acf":[],"_links":{"self":[{"href":"https:\/\/goelette.ca\/en\/wp-json\/wp\/v2\/product\/11533","targetHints":{"allow":["GET"]}}],"collection":[{"href":"https:\/\/goelette.ca\/en\/wp-json\/wp\/v2\/product"}],"about":[{"href":"https:\/\/goelette.ca\/en\/wp-json\/wp\/v2\/types\/product"}],"wp:featuredmedia":[{"embeddable":true,"href":"https:\/\/goelette.ca\/en\/wp-json\/wp\/v2\/media\/11531"}],"wp:attachment":[{"href":"https:\/\/goelette.ca\/en\/wp-json\/wp\/v2\/media?parent=11533"}],"wp:term":[{"taxonomy":"product_brand","embeddable":true,"href":"https:\/\/goelette.ca\/en\/wp-json\/wp\/v2\/product_brand?post=11533"},{"taxonomy":"product_cat","embeddable":true,"href":"https:\/\/goelette.ca\/en\/wp-json\/wp\/v2\/product_cat?post=11533"},{"taxonomy":"product_tag","embeddable":true,"href":"https:\/\/goelette.ca\/en\/wp-json\/wp\/v2\/product_tag?post=11533"},{"taxonomy":"maison_dedition","embeddable":true,"href":"https:\/\/goelette.ca\/en\/wp-json\/wp\/v2\/maison_dedition?post=11533"}],"curies":[{"name":"wp","href":"https:\/\/api.w.org\/{rel}","templated":true}]}}