{"id":11509,"date":"2019-08-01T01:00:00","date_gmt":"2021-10-04T18:53:25","guid":{"rendered":"https:\/\/www.goelette.ca\/produit\/mes-premieres-associations-les-animaux-et-leurs-bebes\/"},"modified":"2021-12-03T18:06:57","modified_gmt":"2021-12-03T17:06:57","slug":"mes-premieres-associations-les-animaux-et-leurs-bebes","status":"publish","type":"product","link":"https:\/\/goelette.ca\/en\/tous-les-livres\/mes-premieres-associations-les-animaux-et-leurs-bebes\/","title":{"rendered":"Mes premi\u00e8res associations: Les animaux et leurs b\u00e9b\u00e9s"},"content":{"rendered":"<p><span style=\"font-size: 12px;\">Ces casse-t\u00eates destin\u00e9s aux tout-petits contribueront \u00e0 \u00e9veiller leur sens de l&#8217;observation et \u00e0 d\u00e9velopper leur motricit\u00e9 fine !<\/span><\/p>\n","protected":false},"excerpt":{"rendered":"<p>Ces casse-t\u00eates destin\u00e9s aux tout-petits contribueront \u00e0 \u00e9veiller leur sens de l&#8217;observation et \u00e0 d\u00e9velopper leur motricit\u00e9 fine !<\/p>\n","protected":false},"featured_media":11507,"template":"","meta":{"wds_primary_product_brand":0,"wds_primary_product_cat":0,"wds_primary_maison_dedition":0},"product_brand":[],"product_cat":[560,596,538],"product_tag":[],"maison_dedition":[595],"class_list":{"0":"post-11509","1":"product","2":"type-product","3":"status-publish","4":"has-post-thumbnail","6":"product_cat-3-5-ans","7":"product_cat-cartes-eclair-jeunesse","8":"product_cat-jeunesse","9":"pa_auteur-collectif","10":"maison_dedition-cartes-eclair","12":"first","13":"instock","14":"taxable","15":"shipping-taxable","16":"product-type-variable"},"bundled_by":[],"bundle_stock_status":"instock","bundle_stock_quantity":null,"bundle_virtual":false,"bundle_layout":"","bundle_add_to_cart_form_location":"","bundle_editable_in_cart":false,"bundle_sold_individually_context":"","bundle_item_grouping":"","bundle_min_size":"","bundle_max_size":"","bundle_price":[],"bundled_items":[],"bundle_sell_ids":[],"acf":[],"_links":{"self":[{"href":"https:\/\/goelette.ca\/en\/wp-json\/wp\/v2\/product\/11509","targetHints":{"allow":["GET"]}}],"collection":[{"href":"https:\/\/goelette.ca\/en\/wp-json\/wp\/v2\/product"}],"about":[{"href":"https:\/\/goelette.ca\/en\/wp-json\/wp\/v2\/types\/product"}],"wp:featuredmedia":[{"embeddable":true,"href":"https:\/\/goelette.ca\/en\/wp-json\/wp\/v2\/media\/11507"}],"wp:attachment":[{"href":"https:\/\/goelette.ca\/en\/wp-json\/wp\/v2\/media?parent=11509"}],"wp:term":[{"taxonomy":"product_brand","embeddable":true,"href":"https:\/\/goelette.ca\/en\/wp-json\/wp\/v2\/product_brand?post=11509"},{"taxonomy":"product_cat","embeddable":true,"href":"https:\/\/goelette.ca\/en\/wp-json\/wp\/v2\/product_cat?post=11509"},{"taxonomy":"product_tag","embeddable":true,"href":"https:\/\/goelette.ca\/en\/wp-json\/wp\/v2\/product_tag?post=11509"},{"taxonomy":"maison_dedition","embeddable":true,"href":"https:\/\/goelette.ca\/en\/wp-json\/wp\/v2\/maison_dedition?post=11509"}],"curies":[{"name":"wp","href":"https:\/\/api.w.org\/{rel}","templated":true}]}}