{"id":11500,"date":"2021-07-09T01:00:00","date_gmt":"2021-10-04T18:53:11","guid":{"rendered":"https:\/\/www.goelette.ca\/produit\/mesurez-et-developper-votre-intelligence\/"},"modified":"2021-12-03T18:06:56","modified_gmt":"2021-12-03T17:06:56","slug":"mesurez-et-developper-votre-intelligence","status":"publish","type":"product","link":"https:\/\/goelette.ca\/en\/tous-les-livres\/mesurez-et-developper-votre-intelligence\/","title":{"rendered":"Mesurez et d\u00e9velopper votre intelligence"},"content":{"rendered":"<p>En mati\u00e8re d\u2019intelligence, l\u2019acquis est aussi important<br \/>que l\u2019inn\u00e9, voire plus. Voil\u00e0 pourquoi il est essentiel<br \/>de la d\u00e9velopper celle-ci.<br \/>Dans cet ouvrage, vous trouverez une multitude<br \/>d\u2019outils pour am\u00e9liorer vos capacit\u00e9s d\u2019apprentissage<br \/>et cultiver d\u2019excellents r\u00e9flexes mentaux.<br \/>Rempli de tests qui font appel \u00e0 la logique, au<br \/>raisonnement et \u00e0 l\u2019agilit\u00e9 c\u00e9r\u00e9brale, il constitue<br \/>un bon entra\u00eenement pour le cerveau.<br \/>Faites \u00e9voluer vos aptitudes en d\u00e9duction, en<br \/>concentration, ainsi qu\u2019en analyse et en en r\u00e9solution<br \/>de probl\u00e8mes !<\/p>\n","protected":false},"excerpt":{"rendered":"<p>En mati\u00e8re d\u2019intelligence, l\u2019acquis est aussi importantque l\u2019inn\u00e9, voire plus. Voil\u00e0 pourquoi il est essentielde la d\u00e9velopper celle-ci.Dans cet ouvrage, vous trouverez une multituded\u2019outils pour am\u00e9liorer vos capacit\u00e9s d\u2019apprentissageet cultiver d\u2019excellents r\u00e9flexes mentaux.Rempli de tests qui font appel \u00e0 la logique, auraisonnement et \u00e0 l\u2019agilit\u00e9 c\u00e9r\u00e9brale, il constitueun bon entra\u00eenement pour le cerveau.Faites \u00e9voluer vos [&hellip;]<\/p>\n","protected":false},"featured_media":11498,"template":"","meta":{"wds_primary_product_brand":0,"wds_primary_product_cat":0,"wds_primary_maison_dedition":0},"product_brand":[],"product_cat":[592,557,561],"product_tag":[],"maison_dedition":[541],"class_list":{"0":"post-11500","1":"product","2":"type-product","3":"status-publish","4":"has-post-thumbnail","6":"product_cat-croissance-personnelle-pratique","7":"product_cat-pratique","8":"product_cat-psychologie","9":"pa_auteur-milton-cameron","10":"maison_dedition-les-editions-coup-doeil","12":"first","13":"instock","14":"taxable","15":"shipping-taxable","16":"product-type-variable"},"bundled_by":[],"bundle_stock_status":"instock","bundle_stock_quantity":null,"bundle_virtual":false,"bundle_layout":"","bundle_add_to_cart_form_location":"","bundle_editable_in_cart":false,"bundle_sold_individually_context":"","bundle_item_grouping":"","bundle_min_size":"","bundle_max_size":"","bundle_price":[],"bundled_items":[],"bundle_sell_ids":[],"acf":[],"_links":{"self":[{"href":"https:\/\/goelette.ca\/en\/wp-json\/wp\/v2\/product\/11500","targetHints":{"allow":["GET"]}}],"collection":[{"href":"https:\/\/goelette.ca\/en\/wp-json\/wp\/v2\/product"}],"about":[{"href":"https:\/\/goelette.ca\/en\/wp-json\/wp\/v2\/types\/product"}],"wp:featuredmedia":[{"embeddable":true,"href":"https:\/\/goelette.ca\/en\/wp-json\/wp\/v2\/media\/11498"}],"wp:attachment":[{"href":"https:\/\/goelette.ca\/en\/wp-json\/wp\/v2\/media?parent=11500"}],"wp:term":[{"taxonomy":"product_brand","embeddable":true,"href":"https:\/\/goelette.ca\/en\/wp-json\/wp\/v2\/product_brand?post=11500"},{"taxonomy":"product_cat","embeddable":true,"href":"https:\/\/goelette.ca\/en\/wp-json\/wp\/v2\/product_cat?post=11500"},{"taxonomy":"product_tag","embeddable":true,"href":"https:\/\/goelette.ca\/en\/wp-json\/wp\/v2\/product_tag?post=11500"},{"taxonomy":"maison_dedition","embeddable":true,"href":"https:\/\/goelette.ca\/en\/wp-json\/wp\/v2\/maison_dedition?post=11500"}],"curies":[{"name":"wp","href":"https:\/\/api.w.org\/{rel}","templated":true}]}}