{"id":11497,"date":"2021-07-09T01:00:00","date_gmt":"2021-10-04T18:53:05","guid":{"rendered":"https:\/\/www.goelette.ca\/produit\/le-pouvoir-de-la-pensee\/"},"modified":"2021-12-03T18:06:56","modified_gmt":"2021-12-03T17:06:56","slug":"le-pouvoir-de-la-pensee","status":"publish","type":"product","link":"https:\/\/goelette.ca\/en\/tous-les-livres\/le-pouvoir-de-la-pensee\/","title":{"rendered":"Le pouvoir de la pens\u00e9e"},"content":{"rendered":"<p>Vos aspirations et vos r\u00eaves vous semblent inaccessibles<br \/>et vous \u00eates accabl\u00e9s par le sentiment d\u2019\u00eatre<br \/>impuissant ? Le secret de la r\u00e9ussite r\u00e9side avant<br \/>tout dans votre esprit ! Adoptez la pens\u00e9e positive<br \/>et constatez ses bienfaits dans votre quotidien.<br \/>Ce livre offre les outils pour agir comme vous le<br \/>souhaitez r\u00e9ellement en transformant vos pens\u00e9es.<br \/>Il vous aidera \u00e0 faire le point sur votre existence, \u00e0<br \/>identifier les sources de n\u00e9gativit\u00e9 et \u00e0 reprendre le<br \/>contr\u00f4le sur votre vie. Loin d\u2019\u00eatre magique, la technique<br \/>pr\u00e9sent\u00e9e dans cet ouvrage est une mani\u00e8re efficace<br \/>d\u2019optimiser votre potentiel de fa\u00e7on durable.<br \/>Soyez enfin convaincu de vos capacit\u00e9s et<br \/>trouvez la motivation pour vous \u00e9panouir !<\/p>\n","protected":false},"excerpt":{"rendered":"<p>Vos aspirations et vos r\u00eaves vous semblent inaccessibleset vous \u00eates accabl\u00e9s par le sentiment d\u2019\u00eatreimpuissant ? Le secret de la r\u00e9ussite r\u00e9side avanttout dans votre esprit ! Adoptez la pens\u00e9e positiveet constatez ses bienfaits dans votre quotidien.Ce livre offre les outils pour agir comme vous lesouhaitez r\u00e9ellement en transformant vos pens\u00e9es.Il vous aidera \u00e0 faire [&hellip;]<\/p>\n","protected":false},"featured_media":11495,"template":"","meta":{"wds_primary_product_brand":0,"wds_primary_product_cat":0,"wds_primary_maison_dedition":0},"product_brand":[],"product_cat":[592,557,561],"product_tag":[],"maison_dedition":[541],"class_list":{"0":"post-11497","1":"product","2":"type-product","3":"status-publish","4":"has-post-thumbnail","6":"product_cat-croissance-personnelle-pratique","7":"product_cat-pratique","8":"product_cat-psychologie","9":"pa_auteur-milton-cameron","10":"maison_dedition-les-editions-coup-doeil","12":"first","13":"instock","14":"taxable","15":"shipping-taxable","16":"product-type-variable"},"bundled_by":[],"bundle_stock_status":"instock","bundle_stock_quantity":null,"bundle_virtual":false,"bundle_layout":"","bundle_add_to_cart_form_location":"","bundle_editable_in_cart":false,"bundle_sold_individually_context":"","bundle_item_grouping":"","bundle_min_size":"","bundle_max_size":"","bundle_price":[],"bundled_items":[],"bundle_sell_ids":[],"acf":[],"_links":{"self":[{"href":"https:\/\/goelette.ca\/en\/wp-json\/wp\/v2\/product\/11497","targetHints":{"allow":["GET"]}}],"collection":[{"href":"https:\/\/goelette.ca\/en\/wp-json\/wp\/v2\/product"}],"about":[{"href":"https:\/\/goelette.ca\/en\/wp-json\/wp\/v2\/types\/product"}],"wp:featuredmedia":[{"embeddable":true,"href":"https:\/\/goelette.ca\/en\/wp-json\/wp\/v2\/media\/11495"}],"wp:attachment":[{"href":"https:\/\/goelette.ca\/en\/wp-json\/wp\/v2\/media?parent=11497"}],"wp:term":[{"taxonomy":"product_brand","embeddable":true,"href":"https:\/\/goelette.ca\/en\/wp-json\/wp\/v2\/product_brand?post=11497"},{"taxonomy":"product_cat","embeddable":true,"href":"https:\/\/goelette.ca\/en\/wp-json\/wp\/v2\/product_cat?post=11497"},{"taxonomy":"product_tag","embeddable":true,"href":"https:\/\/goelette.ca\/en\/wp-json\/wp\/v2\/product_tag?post=11497"},{"taxonomy":"maison_dedition","embeddable":true,"href":"https:\/\/goelette.ca\/en\/wp-json\/wp\/v2\/maison_dedition?post=11497"}],"curies":[{"name":"wp","href":"https:\/\/api.w.org\/{rel}","templated":true}]}}