{"id":11494,"date":"2021-07-09T01:00:00","date_gmt":"2021-10-04T18:53:03","guid":{"rendered":"https:\/\/www.goelette.ca\/produit\/maitrisez-vos-emotions-negatives\/"},"modified":"2021-12-03T18:06:56","modified_gmt":"2021-12-03T17:06:56","slug":"maitrisez-vos-emotions-negatives","status":"publish","type":"product","link":"https:\/\/goelette.ca\/en\/tous-les-livres\/maitrisez-vos-emotions-negatives\/","title":{"rendered":"Maitrisez vos \u00e9motions n\u00e9gatives!"},"content":{"rendered":"<p>Anxi\u00e9t\u00e9, \u00e9gocentrisme, autosuffisance ou manque<br \/>de confiance, souvent nous sommes victimes de nos<br \/>\u00e9motions. Mais comment briser les cercles infernaux qui<br \/>nous limitent ?<br \/>Dans ce livre, apprenez comment changer le cours de<br \/>votre existence en vous lib\u00e9rant des affects qui entravent<br \/>votre \u00e9panouissement. Que ce soit face \u00e0 l\u2019argent, \u00e0<br \/>l\u2019amour, \u00e0 la solitude ou au stress, l\u2019auteure enseigne<br \/>comment une bonne gestion des \u00e9motions donne un plus<br \/>grand \u00e9quilibre et un magn\u00e9tisme personnel accru.<br \/>Cessez d\u2019\u00eatre responsable de vos malheurs et<br \/>menez une vie plus conforme \u00e0 vos aspirations !<\/p>\n","protected":false},"excerpt":{"rendered":"<p>Anxi\u00e9t\u00e9, \u00e9gocentrisme, autosuffisance ou manquede confiance, souvent nous sommes victimes de nos\u00e9motions. Mais comment briser les cercles infernaux quinous limitent ?Dans ce livre, apprenez comment changer le cours devotre existence en vous lib\u00e9rant des affects qui entraventvotre \u00e9panouissement. Que ce soit face \u00e0 l\u2019argent, \u00e0l\u2019amour, \u00e0 la solitude ou au stress, l\u2019auteure enseignecomment une bonne [&hellip;]<\/p>\n","protected":false},"featured_media":11492,"template":"","meta":{"wds_primary_product_brand":0,"wds_primary_product_cat":0,"wds_primary_maison_dedition":0},"product_brand":[],"product_cat":[592,557,561],"product_tag":[],"maison_dedition":[541],"class_list":{"0":"post-11494","1":"product","2":"type-product","3":"status-publish","4":"has-post-thumbnail","6":"product_cat-croissance-personnelle-pratique","7":"product_cat-pratique","8":"product_cat-psychologie","9":"pa_auteur-patricia-lewis","10":"maison_dedition-les-editions-coup-doeil","12":"first","13":"instock","14":"taxable","15":"shipping-taxable","16":"product-type-variable"},"bundled_by":[],"bundle_stock_status":"instock","bundle_stock_quantity":null,"bundle_virtual":false,"bundle_layout":"","bundle_add_to_cart_form_location":"","bundle_editable_in_cart":false,"bundle_sold_individually_context":"","bundle_item_grouping":"","bundle_min_size":"","bundle_max_size":"","bundle_price":[],"bundled_items":[],"bundle_sell_ids":[],"acf":[],"_links":{"self":[{"href":"https:\/\/goelette.ca\/en\/wp-json\/wp\/v2\/product\/11494","targetHints":{"allow":["GET"]}}],"collection":[{"href":"https:\/\/goelette.ca\/en\/wp-json\/wp\/v2\/product"}],"about":[{"href":"https:\/\/goelette.ca\/en\/wp-json\/wp\/v2\/types\/product"}],"wp:featuredmedia":[{"embeddable":true,"href":"https:\/\/goelette.ca\/en\/wp-json\/wp\/v2\/media\/11492"}],"wp:attachment":[{"href":"https:\/\/goelette.ca\/en\/wp-json\/wp\/v2\/media?parent=11494"}],"wp:term":[{"taxonomy":"product_brand","embeddable":true,"href":"https:\/\/goelette.ca\/en\/wp-json\/wp\/v2\/product_brand?post=11494"},{"taxonomy":"product_cat","embeddable":true,"href":"https:\/\/goelette.ca\/en\/wp-json\/wp\/v2\/product_cat?post=11494"},{"taxonomy":"product_tag","embeddable":true,"href":"https:\/\/goelette.ca\/en\/wp-json\/wp\/v2\/product_tag?post=11494"},{"taxonomy":"maison_dedition","embeddable":true,"href":"https:\/\/goelette.ca\/en\/wp-json\/wp\/v2\/maison_dedition?post=11494"}],"curies":[{"name":"wp","href":"https:\/\/api.w.org\/{rel}","templated":true}]}}