{"id":114922,"date":"2024-05-24T15:24:56","date_gmt":"2024-05-24T19:24:56","guid":{"rendered":"https:\/\/goelette.ca\/?post_type=product&#038;p=114922"},"modified":"2024-05-24T16:12:09","modified_gmt":"2024-05-24T20:12:09","slug":"mia-la-petite-fee-des-dents","status":"publish","type":"product","link":"https:\/\/goelette.ca\/en\/tous-les-livres\/mia-la-petite-fee-des-dents\/","title":{"rendered":"Mia, La petite f\u00e9e des dents"},"content":{"rendered":"<p>Mia, la petite f\u00e9e, a une t\u00e2che bien sp\u00e9ciale. C&#8217;est elle qui ramasse les dents de lait sous les oreillers. Mais voil\u00e0 qu&#8217;elle a perdu son pr\u00e9cieux porte-monnaie ! Comment<br \/>\nva-t-elle r\u00e9compenser les enfants qui ont perdu une dent ? Par chance, ses amies les f\u00e9es Marguerite et Rose vont l&#8217;aider \u00e0 leur offrir une surprise grandiose !<\/p>\n<p>En plus de lire une charmante histoire, d\u00e9couvre les conseils de Mia pour avoir des dents en sant\u00e9 et utilise la jolie pochette pour mettre tes dents de lait sous ton oreiller.<\/p>\n","protected":false},"excerpt":{"rendered":"<p>Mia, la petite f\u00e9e, a une t\u00e2che bien sp\u00e9ciale. C&#8217;est elle qui ramasse les dents de lait sous les oreillers. Mais voil\u00e0 qu&#8217;elle a perdu son pr\u00e9cieux porte-monnaie ! Comment va-t-elle r\u00e9compenser les enfants qui ont perdu une dent ? Par chance, ses amies les f\u00e9es Marguerite et Rose vont l&#8217;aider \u00e0 leur offrir une [&hellip;]<\/p>\n","protected":false},"featured_media":114928,"template":"","meta":{"wds_primary_product_brand":0,"wds_primary_product_cat":0,"wds_primary_maison_dedition":0},"product_brand":[],"product_cat":[578,538],"product_tag":[],"maison_dedition":[541],"class_list":{"0":"post-114922","1":"product","2":"type-product","3":"status-publish","4":"has-post-thumbnail","6":"product_cat-albums-illustres","7":"product_cat-jeunesse","8":"pa_auteur-catherine-girard-audet","9":"pa_illustrateur-sabrina-gendron","10":"maison_dedition-les-editions-coup-doeil","12":"first","13":"instock","14":"taxable","15":"shipping-taxable","16":"purchasable","17":"product-type-variable"},"bundled_by":[],"bundle_stock_status":"instock","bundle_stock_quantity":null,"bundle_virtual":false,"bundle_layout":"","bundle_add_to_cart_form_location":"","bundle_editable_in_cart":false,"bundle_sold_individually_context":"","bundle_item_grouping":"","bundle_min_size":"","bundle_max_size":"","bundle_price":[],"bundled_items":[],"bundle_sell_ids":[],"acf":[],"_links":{"self":[{"href":"https:\/\/goelette.ca\/en\/wp-json\/wp\/v2\/product\/114922","targetHints":{"allow":["GET"]}}],"collection":[{"href":"https:\/\/goelette.ca\/en\/wp-json\/wp\/v2\/product"}],"about":[{"href":"https:\/\/goelette.ca\/en\/wp-json\/wp\/v2\/types\/product"}],"wp:featuredmedia":[{"embeddable":true,"href":"https:\/\/goelette.ca\/en\/wp-json\/wp\/v2\/media\/114928"}],"wp:attachment":[{"href":"https:\/\/goelette.ca\/en\/wp-json\/wp\/v2\/media?parent=114922"}],"wp:term":[{"taxonomy":"product_brand","embeddable":true,"href":"https:\/\/goelette.ca\/en\/wp-json\/wp\/v2\/product_brand?post=114922"},{"taxonomy":"product_cat","embeddable":true,"href":"https:\/\/goelette.ca\/en\/wp-json\/wp\/v2\/product_cat?post=114922"},{"taxonomy":"product_tag","embeddable":true,"href":"https:\/\/goelette.ca\/en\/wp-json\/wp\/v2\/product_tag?post=114922"},{"taxonomy":"maison_dedition","embeddable":true,"href":"https:\/\/goelette.ca\/en\/wp-json\/wp\/v2\/maison_dedition?post=114922"}],"curies":[{"name":"wp","href":"https:\/\/api.w.org\/{rel}","templated":true}]}}