{"id":11491,"date":"2021-07-09T01:00:00","date_gmt":"2021-10-04T18:53:01","guid":{"rendered":"https:\/\/www.goelette.ca\/produit\/desintoxiquez-votre-organisme-naturellement\/"},"modified":"2021-12-03T18:06:56","modified_gmt":"2021-12-03T17:06:56","slug":"desintoxiquez-votre-organisme-naturellement","status":"publish","type":"product","link":"https:\/\/goelette.ca\/en\/tous-les-livres\/desintoxiquez-votre-organisme-naturellement\/","title":{"rendered":"D\u00e9sintoxiquez votre organisme naturellement"},"content":{"rendered":"<p>Comment am\u00e9liorer vos chances de vivre longtemps<br \/>et en sant\u00e9 ? Que faire pour aider votre organisme<br \/>\u00e0 se lib\u00e9rer des toxines envahissantes ?<br \/>Ce livre offre des pistes de r\u00e9ponses \u00e0 ces questions en<br \/>pr\u00e9sentant plusieurs fa\u00e7ons de vous purifier tant sur le<br \/>plan physique que mental. \u00c9vacuer les d\u00e9chets qui se sont<br \/>accumul\u00e9s aussi bien dans votre sang que dans vos organes<br \/>peut aider \u00e0 ce que votre corps fonctionne de mani\u00e8re<br \/>optimale. Cette m\u00e9thode accessible vous permettra de<br \/>vous sentir mieux dans votre peau.<br \/>La d\u00e9sintoxication naturelle :<br \/>vous en retirerez des bienfaits !<\/p>\n","protected":false},"excerpt":{"rendered":"<p>Comment am\u00e9liorer vos chances de vivre longtempset en sant\u00e9 ? Que faire pour aider votre organisme\u00e0 se lib\u00e9rer des toxines envahissantes ?Ce livre offre des pistes de r\u00e9ponses \u00e0 ces questions enpr\u00e9sentant plusieurs fa\u00e7ons de vous purifier tant sur leplan physique que mental. \u00c9vacuer les d\u00e9chets qui se sontaccumul\u00e9s aussi bien dans votre sang que [&hellip;]<\/p>\n","protected":false},"featured_media":11489,"template":"","meta":{"wds_primary_product_brand":0,"wds_primary_product_cat":0,"wds_primary_maison_dedition":0},"product_brand":[],"product_cat":[592,557],"product_tag":[],"maison_dedition":[541],"class_list":{"0":"post-11491","1":"product","2":"type-product","3":"status-publish","4":"has-post-thumbnail","6":"product_cat-croissance-personnelle-pratique","7":"product_cat-pratique","8":"maison_dedition-les-editions-coup-doeil","10":"first","11":"instock","12":"taxable","13":"shipping-taxable","14":"product-type-variable"},"bundled_by":[],"bundle_stock_status":"instock","bundle_stock_quantity":null,"bundle_virtual":false,"bundle_layout":"","bundle_add_to_cart_form_location":"","bundle_editable_in_cart":false,"bundle_sold_individually_context":"","bundle_item_grouping":"","bundle_min_size":"","bundle_max_size":"","bundle_price":[],"bundled_items":[],"bundle_sell_ids":[],"acf":[],"_links":{"self":[{"href":"https:\/\/goelette.ca\/en\/wp-json\/wp\/v2\/product\/11491","targetHints":{"allow":["GET"]}}],"collection":[{"href":"https:\/\/goelette.ca\/en\/wp-json\/wp\/v2\/product"}],"about":[{"href":"https:\/\/goelette.ca\/en\/wp-json\/wp\/v2\/types\/product"}],"wp:featuredmedia":[{"embeddable":true,"href":"https:\/\/goelette.ca\/en\/wp-json\/wp\/v2\/media\/11489"}],"wp:attachment":[{"href":"https:\/\/goelette.ca\/en\/wp-json\/wp\/v2\/media?parent=11491"}],"wp:term":[{"taxonomy":"product_brand","embeddable":true,"href":"https:\/\/goelette.ca\/en\/wp-json\/wp\/v2\/product_brand?post=11491"},{"taxonomy":"product_cat","embeddable":true,"href":"https:\/\/goelette.ca\/en\/wp-json\/wp\/v2\/product_cat?post=11491"},{"taxonomy":"product_tag","embeddable":true,"href":"https:\/\/goelette.ca\/en\/wp-json\/wp\/v2\/product_tag?post=11491"},{"taxonomy":"maison_dedition","embeddable":true,"href":"https:\/\/goelette.ca\/en\/wp-json\/wp\/v2\/maison_dedition?post=11491"}],"curies":[{"name":"wp","href":"https:\/\/api.w.org\/{rel}","templated":true}]}}