{"id":11488,"date":"2021-07-09T01:00:00","date_gmt":"2021-10-04T18:52:59","guid":{"rendered":"https:\/\/www.goelette.ca\/produit\/les-relations-toxiques\/"},"modified":"2021-12-03T18:06:56","modified_gmt":"2021-12-03T17:06:56","slug":"les-relations-toxiques","status":"publish","type":"product","link":"https:\/\/goelette.ca\/en\/tous-les-livres\/les-relations-toxiques\/","title":{"rendered":"Les relations toxiques"},"content":{"rendered":"<p>Vous avez le sentiment de ne pas \u00eatre appr\u00e9ci\u00e9<br \/>\u00e0 votre juste valeur et que l\u2019on profite de vous ?<br \/>Cessez de subir les cons\u00e9quences des liens qui<br \/>empoisonnent votre vie et r\u00e9\u00e9quilibrez vos<br \/>relations !<br \/>Avec l\u2019aide de cet ouvrage, vous pourrez identifier<br \/>les personnes aux comportements toxiques<br \/>et d\u00e9celer les multiples formes que ces derniers<br \/>peuvent prendre. Ce livre pratique vous<br \/>permettra \u00e9galement de doser vos actions, de<br \/>communiquer efficacement et de cultiver votre<br \/>diplomatie afin de vous lib\u00e9rer en douceur du<br \/>joug d\u2019autrui.<br \/>Affrontez les relations malsaines qui vous<br \/>entourent afin de vous \u00e9panouir dans la<br \/>bienveillance !<\/p>\n","protected":false},"excerpt":{"rendered":"<p>Vous avez le sentiment de ne pas \u00eatre appr\u00e9ci\u00e9\u00e0 votre juste valeur et que l\u2019on profite de vous ?Cessez de subir les cons\u00e9quences des liens quiempoisonnent votre vie et r\u00e9\u00e9quilibrez vosrelations !Avec l\u2019aide de cet ouvrage, vous pourrez identifierles personnes aux comportements toxiqueset d\u00e9celer les multiples formes que ces dernierspeuvent prendre. Ce livre pratique vouspermettra [&hellip;]<\/p>\n","protected":false},"featured_media":11486,"template":"","meta":{"wds_primary_product_brand":0,"wds_primary_product_cat":0,"wds_primary_maison_dedition":0},"product_brand":[],"product_cat":[592,557,561],"product_tag":[],"maison_dedition":[541],"class_list":{"0":"post-11488","1":"product","2":"type-product","3":"status-publish","4":"has-post-thumbnail","6":"product_cat-croissance-personnelle-pratique","7":"product_cat-pratique","8":"product_cat-psychologie","9":"pa_auteur-pierre-haineault","10":"maison_dedition-les-editions-coup-doeil","12":"first","13":"instock","14":"taxable","15":"shipping-taxable","16":"product-type-variable"},"bundled_by":[],"bundle_stock_status":"instock","bundle_stock_quantity":null,"bundle_virtual":false,"bundle_layout":"","bundle_add_to_cart_form_location":"","bundle_editable_in_cart":false,"bundle_sold_individually_context":"","bundle_item_grouping":"","bundle_min_size":"","bundle_max_size":"","bundle_price":[],"bundled_items":[],"bundle_sell_ids":[],"acf":[],"_links":{"self":[{"href":"https:\/\/goelette.ca\/en\/wp-json\/wp\/v2\/product\/11488","targetHints":{"allow":["GET"]}}],"collection":[{"href":"https:\/\/goelette.ca\/en\/wp-json\/wp\/v2\/product"}],"about":[{"href":"https:\/\/goelette.ca\/en\/wp-json\/wp\/v2\/types\/product"}],"wp:featuredmedia":[{"embeddable":true,"href":"https:\/\/goelette.ca\/en\/wp-json\/wp\/v2\/media\/11486"}],"wp:attachment":[{"href":"https:\/\/goelette.ca\/en\/wp-json\/wp\/v2\/media?parent=11488"}],"wp:term":[{"taxonomy":"product_brand","embeddable":true,"href":"https:\/\/goelette.ca\/en\/wp-json\/wp\/v2\/product_brand?post=11488"},{"taxonomy":"product_cat","embeddable":true,"href":"https:\/\/goelette.ca\/en\/wp-json\/wp\/v2\/product_cat?post=11488"},{"taxonomy":"product_tag","embeddable":true,"href":"https:\/\/goelette.ca\/en\/wp-json\/wp\/v2\/product_tag?post=11488"},{"taxonomy":"maison_dedition","embeddable":true,"href":"https:\/\/goelette.ca\/en\/wp-json\/wp\/v2\/maison_dedition?post=11488"}],"curies":[{"name":"wp","href":"https:\/\/api.w.org\/{rel}","templated":true}]}}