{"id":11485,"date":"2021-07-09T01:00:00","date_gmt":"2021-10-04T18:52:56","guid":{"rendered":"https:\/\/www.goelette.ca\/produit\/prenez-soin-de-vous\/"},"modified":"2021-12-03T18:06:56","modified_gmt":"2021-12-03T17:06:56","slug":"prenez-soin-de-vous","status":"publish","type":"product","link":"https:\/\/goelette.ca\/en\/tous-les-livres\/prenez-soin-de-vous\/","title":{"rendered":"Prenez soin de vous"},"content":{"rendered":"<p>Vous avez l\u2019impression d\u2019\u00eatre<br \/>constamment \u00e0 bout de souffle et d\u2019\u00eatre<br \/>compl\u00e8tement d\u00e9connect\u00e9 de vos besoins ? Recentrez<br \/>votre puissance et harmonisez l\u2019\u00e9nergie qui circule en vous.<br \/>Ce guide accessible et pratique vise la r\u00e9unification de votre force<br \/>et votre esprit. Il vous montrera \u00e0 vous accorder davantage de<br \/>compassion et de douceur dans votre quotidien. Voyez-le<br \/>comme l\u2019occasion de vous reconnecter avec votre essence<br \/>et d\u2019insuffler une spiritualit\u00e9 inspirante \u00e0 votre vie !<br \/>Entreprenez un voyage int\u00e9rieur et allez<br \/>\u00e0 la rencontre de vous-m\u00eame !<\/p>\n","protected":false},"excerpt":{"rendered":"<p>Vous avez l\u2019impression d\u2019\u00eatreconstamment \u00e0 bout de souffle et d\u2019\u00eatrecompl\u00e8tement d\u00e9connect\u00e9 de vos besoins ? Recentrezvotre puissance et harmonisez l\u2019\u00e9nergie qui circule en vous.Ce guide accessible et pratique vise la r\u00e9unification de votre forceet votre esprit. Il vous montrera \u00e0 vous accorder davantage decompassion et de douceur dans votre quotidien. Voyez-lecomme l\u2019occasion de vous reconnecter [&hellip;]<\/p>\n","protected":false},"featured_media":11483,"template":"","meta":{"wds_primary_product_brand":0,"wds_primary_product_cat":0,"wds_primary_maison_dedition":0},"product_brand":[],"product_cat":[592,557,561],"product_tag":[],"maison_dedition":[541],"class_list":{"0":"post-11485","1":"product","2":"type-product","3":"status-publish","4":"has-post-thumbnail","6":"product_cat-croissance-personnelle-pratique","7":"product_cat-pratique","8":"product_cat-psychologie","9":"pa_auteur-milton-cameron","10":"maison_dedition-les-editions-coup-doeil","12":"first","13":"instock","14":"taxable","15":"shipping-taxable","16":"product-type-variable"},"bundled_by":[],"bundle_stock_status":"instock","bundle_stock_quantity":null,"bundle_virtual":false,"bundle_layout":"","bundle_add_to_cart_form_location":"","bundle_editable_in_cart":false,"bundle_sold_individually_context":"","bundle_item_grouping":"","bundle_min_size":"","bundle_max_size":"","bundle_price":[],"bundled_items":[],"bundle_sell_ids":[],"acf":[],"_links":{"self":[{"href":"https:\/\/goelette.ca\/en\/wp-json\/wp\/v2\/product\/11485","targetHints":{"allow":["GET"]}}],"collection":[{"href":"https:\/\/goelette.ca\/en\/wp-json\/wp\/v2\/product"}],"about":[{"href":"https:\/\/goelette.ca\/en\/wp-json\/wp\/v2\/types\/product"}],"wp:featuredmedia":[{"embeddable":true,"href":"https:\/\/goelette.ca\/en\/wp-json\/wp\/v2\/media\/11483"}],"wp:attachment":[{"href":"https:\/\/goelette.ca\/en\/wp-json\/wp\/v2\/media?parent=11485"}],"wp:term":[{"taxonomy":"product_brand","embeddable":true,"href":"https:\/\/goelette.ca\/en\/wp-json\/wp\/v2\/product_brand?post=11485"},{"taxonomy":"product_cat","embeddable":true,"href":"https:\/\/goelette.ca\/en\/wp-json\/wp\/v2\/product_cat?post=11485"},{"taxonomy":"product_tag","embeddable":true,"href":"https:\/\/goelette.ca\/en\/wp-json\/wp\/v2\/product_tag?post=11485"},{"taxonomy":"maison_dedition","embeddable":true,"href":"https:\/\/goelette.ca\/en\/wp-json\/wp\/v2\/maison_dedition?post=11485"}],"curies":[{"name":"wp","href":"https:\/\/api.w.org\/{rel}","templated":true}]}}