{"id":11473,"date":"2019-04-01T01:00:00","date_gmt":"2021-10-04T18:52:43","guid":{"rendered":"https:\/\/www.goelette.ca\/produit\/japprends-a-dessiner-les-animaux\/"},"modified":"2022-03-30T08:34:16","modified_gmt":"2022-03-30T12:34:16","slug":"japprends-a-dessiner-les-animaux","status":"publish","type":"product","link":"https:\/\/goelette.ca\/en\/tous-les-livres\/japprends-a-dessiner-les-animaux\/","title":{"rendered":"J&#8217;apprends \u00e0 dessiner les animaux"},"content":{"rendered":"<p>Apprends \u00e0 dessiner les animaux gr\u00e2ce \u00e0 une foule d&#8217;activit\u00e9s amusantes!<\/p>\n<p>Un livre plein d&#8217;astuces muni d&#8217;un feutre effa\u00e7able, pour t&#8217;aider \u00e0 apprendre \u00e0 ton rythme!<\/p>\n","protected":false},"excerpt":{"rendered":"<p>Apprends \u00e0 dessiner les animaux gr\u00e2ce \u00e0 une foule d&#8217;activit\u00e9s amusantes! Un livre plein d&#8217;astuces muni d&#8217;un feutre effa\u00e7able, pour t&#8217;aider \u00e0 apprendre \u00e0 ton rythme!<\/p>\n","protected":false},"featured_media":11471,"template":"","meta":{"wds_primary_product_brand":0,"wds_primary_product_cat":0,"wds_primary_maison_dedition":0},"product_brand":[],"product_cat":[560,555,551,538],"product_tag":[],"maison_dedition":[541],"class_list":{"0":"post-11473","1":"product","2":"type-product","3":"status-publish","4":"has-post-thumbnail","6":"product_cat-3-5-ans","7":"product_cat-6-ans-et-plus","8":"product_cat-activites","9":"product_cat-jeunesse","10":"maison_dedition-les-editions-coup-doeil","12":"first","13":"instock","14":"taxable","15":"shipping-taxable","16":"purchasable","17":"product-type-variable"},"bundled_by":[],"bundle_stock_status":"instock","bundle_stock_quantity":null,"bundle_virtual":false,"bundle_layout":"","bundle_add_to_cart_form_location":"","bundle_editable_in_cart":false,"bundle_sold_individually_context":"","bundle_item_grouping":"","bundle_min_size":"","bundle_max_size":"","bundle_price":[],"bundled_items":[],"bundle_sell_ids":[],"acf":[],"_links":{"self":[{"href":"https:\/\/goelette.ca\/en\/wp-json\/wp\/v2\/product\/11473","targetHints":{"allow":["GET"]}}],"collection":[{"href":"https:\/\/goelette.ca\/en\/wp-json\/wp\/v2\/product"}],"about":[{"href":"https:\/\/goelette.ca\/en\/wp-json\/wp\/v2\/types\/product"}],"wp:featuredmedia":[{"embeddable":true,"href":"https:\/\/goelette.ca\/en\/wp-json\/wp\/v2\/media\/11471"}],"wp:attachment":[{"href":"https:\/\/goelette.ca\/en\/wp-json\/wp\/v2\/media?parent=11473"}],"wp:term":[{"taxonomy":"product_brand","embeddable":true,"href":"https:\/\/goelette.ca\/en\/wp-json\/wp\/v2\/product_brand?post=11473"},{"taxonomy":"product_cat","embeddable":true,"href":"https:\/\/goelette.ca\/en\/wp-json\/wp\/v2\/product_cat?post=11473"},{"taxonomy":"product_tag","embeddable":true,"href":"https:\/\/goelette.ca\/en\/wp-json\/wp\/v2\/product_tag?post=11473"},{"taxonomy":"maison_dedition","embeddable":true,"href":"https:\/\/goelette.ca\/en\/wp-json\/wp\/v2\/maison_dedition?post=11473"}],"curies":[{"name":"wp","href":"https:\/\/api.w.org\/{rel}","templated":true}]}}