{"id":11461,"date":"2020-06-08T01:00:00","date_gmt":"2021-10-04T18:52:35","guid":{"rendered":"https:\/\/www.goelette.ca\/produit\/les-mots-magiques\/"},"modified":"2025-05-15T14:11:02","modified_gmt":"2025-05-15T18:11:02","slug":"les-mots-magiques","status":"publish","type":"product","link":"https:\/\/goelette.ca\/en\/tous-les-livres\/les-mots-magiques\/","title":{"rendered":"Les mots magiques"},"content":{"rendered":"<p>Nathan l&#8217;apprenti magicien se pr\u00e9pare pour le spectacle de son \u00e9cole. Il souhaite y pr\u00e9senter un tour m\u00e9morable ! Cependant, lorsqu&#8217;il s&#8217;exerce, aucune de ses formules ne fonctionne. Que peuvent bien \u00eatre les mots magiques ?<\/p>\n<p>Pour les tout-petits, apprendre les rudiments de la politesse n&#8217;est pas si ais\u00e9. Alors, quoi de mieux pour leur expliquer qu&#8217;une jolie histoire color\u00e9e ? Gr\u00e2ce \u00e0 une page sp\u00e9ciale \u00e0 la fin de cet album, faites-les r\u00e9fl\u00e9chir et enseignez-leur \u00e0 dire \u00ab s&#8217;il te pla\u00eet \u00bb et \u00ab merci \u00bb.<\/p>\n<p>Ne manquez pas les autres titres de la collection: <em><span style=\"color: #ff0000;\">La petite pirate malpolie<\/span><\/em>, <span style=\"color: #ff0000;\"><em>La princesse trop impatiente<\/em><\/span> et <em><span style=\"color: #ff0000;\">Le dragon et<\/span> <span style=\"color: #ff0000;\">son <\/span><\/em><em><span style=\"color: #ff0000;\">bouclier<\/span><\/em><em>.<\/em><\/p>\n","protected":false},"excerpt":{"rendered":"<p>Nathan l&#8217;apprenti magicien se pr\u00e9pare pour le spectacle de son \u00e9cole. Il souhaite y pr\u00e9senter un tour m\u00e9morable ! Cependant, lorsqu&#8217;il s&#8217;exerce, aucune de ses formules ne fonctionne. Que peuvent bien \u00eatre les mots magiques ? Pour les tout-petits, apprendre les rudiments de la politesse n&#8217;est pas si ais\u00e9. Alors, quoi de mieux pour leur [&hellip;]<\/p>\n","protected":false},"featured_media":11459,"template":"","meta":{"wds_primary_product_brand":0,"wds_primary_product_cat":0,"wds_primary_maison_dedition":0},"product_brand":[],"product_cat":[560,578,538],"product_tag":[],"maison_dedition":[541,584],"class_list":{"0":"post-11461","1":"product","2":"type-product","3":"status-publish","4":"has-post-thumbnail","6":"product_cat-3-5-ans","7":"product_cat-albums-illustres","8":"product_cat-jeunesse","9":"pa_auteur-catherine-ouellet","10":"pa_illustrateur-claudio-cerri","11":"maison_dedition-les-editions-coup-doeil","12":"maison_dedition-petites-lectures","14":"first","15":"instock","16":"taxable","17":"shipping-taxable","18":"purchasable","19":"product-type-variable","20":"has-default-attributes"},"bundled_by":[],"bundle_stock_status":"instock","bundle_stock_quantity":null,"bundle_virtual":false,"bundle_layout":"","bundle_add_to_cart_form_location":"","bundle_editable_in_cart":false,"bundle_sold_individually_context":"","bundle_item_grouping":"","bundle_min_size":"","bundle_max_size":"","bundle_price":[],"bundled_items":[],"bundle_sell_ids":[],"acf":[],"_links":{"self":[{"href":"https:\/\/goelette.ca\/en\/wp-json\/wp\/v2\/product\/11461","targetHints":{"allow":["GET"]}}],"collection":[{"href":"https:\/\/goelette.ca\/en\/wp-json\/wp\/v2\/product"}],"about":[{"href":"https:\/\/goelette.ca\/en\/wp-json\/wp\/v2\/types\/product"}],"wp:featuredmedia":[{"embeddable":true,"href":"https:\/\/goelette.ca\/en\/wp-json\/wp\/v2\/media\/11459"}],"wp:attachment":[{"href":"https:\/\/goelette.ca\/en\/wp-json\/wp\/v2\/media?parent=11461"}],"wp:term":[{"taxonomy":"product_brand","embeddable":true,"href":"https:\/\/goelette.ca\/en\/wp-json\/wp\/v2\/product_brand?post=11461"},{"taxonomy":"product_cat","embeddable":true,"href":"https:\/\/goelette.ca\/en\/wp-json\/wp\/v2\/product_cat?post=11461"},{"taxonomy":"product_tag","embeddable":true,"href":"https:\/\/goelette.ca\/en\/wp-json\/wp\/v2\/product_tag?post=11461"},{"taxonomy":"maison_dedition","embeddable":true,"href":"https:\/\/goelette.ca\/en\/wp-json\/wp\/v2\/maison_dedition?post=11461"}],"curies":[{"name":"wp","href":"https:\/\/api.w.org\/{rel}","templated":true}]}}