{"id":11434,"date":"2018-12-14T01:00:00","date_gmt":"2021-10-04T18:52:16","guid":{"rendered":"https:\/\/www.goelette.ca\/produit\/au-premier-coup-de-canon-tome-3\/"},"modified":"2022-08-01T13:00:17","modified_gmt":"2022-08-01T17:00:17","slug":"au-premier-coup-de-canon-tome-3","status":"publish","type":"product","link":"https:\/\/goelette.ca\/en\/tous-les-livres\/au-premier-coup-de-canon-tome-3\/","title":{"rendered":"Au premier coup de canon Tome 3"},"content":{"rendered":"<p>En cette fin d&#8217;\u00e9t\u00e9 1759, le g\u00e9n\u00e9ral Montcalm esp\u00e8re toujours que les Anglais retourneront d&#8217;eux-m\u00eames en Angleterre, ou que les deux arm\u00e9es s&#8217;affronteront de fa\u00e7on civilis\u00e9e, comme les r\u00e8gles de la guerre l&#8217;exigent \u00e0 cette \u00e9poque. Wolfe en profite pour multiplier les espions dans la ville de Qu\u00e9bec afin de trouver une faille dans les fortifications.<\/p>\n<p>La tension est \u00e0 son comble entre les cavaliers noirs, un groupe de miliciens fran\u00e7ais qui s\u00e8me la terreur dans le camp ennemi, et les cavaliers blancs, des soldats de Wolfe qui font preuve d&#8217;une incroyable violence envers le peuple canadien. Dans ce tumulte, la jeune Sarah, prise entre deux feux, fera tout pour voir l&#8217;amour triompher de la cruaut\u00e9.<\/p>\n<p>Ce troisi\u00e8me et dernier tome d&#8217;<em>Au premier coup de canon<\/em> vous fera vivre la fin de la Conqu\u00eate, une p\u00e9riode riche et terrible de notre histoire. \u00c0 travers les personnages d&#8217;Andr\u00e9 Mathieu, d\u00e9couvrez comment une bataille d&#8217;\u00e0 peine quinze minutes a pu sceller le sort de tout un peuple.<\/p>\n","protected":false},"excerpt":{"rendered":"<p>En cette fin d&#8217;\u00e9t\u00e9 1759, le g\u00e9n\u00e9ral Montcalm esp\u00e8re toujours que les Anglais retourneront d&#8217;eux-m\u00eames en Angleterre, ou que les deux arm\u00e9es s&#8217;affronteront de fa\u00e7on civilis\u00e9e, comme les r\u00e8gles de la guerre l&#8217;exigent \u00e0 cette \u00e9poque. Wolfe en profite pour multiplier les espions dans la ville de Qu\u00e9bec afin de trouver une faille dans les [&hellip;]<\/p>\n","protected":false},"featured_media":11432,"template":"","meta":{"wds_primary_product_brand":0,"wds_primary_product_cat":0,"wds_primary_maison_dedition":0},"product_brand":[],"product_cat":[543,542],"product_tag":[],"maison_dedition":[541],"class_list":{"0":"post-11434","1":"product","2":"type-product","3":"status-publish","4":"has-post-thumbnail","6":"product_cat-historique","7":"product_cat-roman","8":"pa_auteur-andre-mathieu","9":"maison_dedition-les-editions-coup-doeil","11":"first","12":"instock","13":"taxable","14":"shipping-taxable","15":"purchasable","16":"product-type-variable"},"bundled_by":[],"bundle_stock_status":"instock","bundle_stock_quantity":null,"bundle_virtual":false,"bundle_layout":"","bundle_add_to_cart_form_location":"","bundle_editable_in_cart":false,"bundle_sold_individually_context":"","bundle_item_grouping":"","bundle_min_size":"","bundle_max_size":"","bundle_price":[],"bundled_items":[],"bundle_sell_ids":[],"acf":[],"_links":{"self":[{"href":"https:\/\/goelette.ca\/en\/wp-json\/wp\/v2\/product\/11434","targetHints":{"allow":["GET"]}}],"collection":[{"href":"https:\/\/goelette.ca\/en\/wp-json\/wp\/v2\/product"}],"about":[{"href":"https:\/\/goelette.ca\/en\/wp-json\/wp\/v2\/types\/product"}],"wp:featuredmedia":[{"embeddable":true,"href":"https:\/\/goelette.ca\/en\/wp-json\/wp\/v2\/media\/11432"}],"wp:attachment":[{"href":"https:\/\/goelette.ca\/en\/wp-json\/wp\/v2\/media?parent=11434"}],"wp:term":[{"taxonomy":"product_brand","embeddable":true,"href":"https:\/\/goelette.ca\/en\/wp-json\/wp\/v2\/product_brand?post=11434"},{"taxonomy":"product_cat","embeddable":true,"href":"https:\/\/goelette.ca\/en\/wp-json\/wp\/v2\/product_cat?post=11434"},{"taxonomy":"product_tag","embeddable":true,"href":"https:\/\/goelette.ca\/en\/wp-json\/wp\/v2\/product_tag?post=11434"},{"taxonomy":"maison_dedition","embeddable":true,"href":"https:\/\/goelette.ca\/en\/wp-json\/wp\/v2\/maison_dedition?post=11434"}],"curies":[{"name":"wp","href":"https:\/\/api.w.org\/{rel}","templated":true}]}}