{"id":11431,"date":"2018-12-14T01:00:00","date_gmt":"2021-10-04T18:52:13","guid":{"rendered":"https:\/\/www.goelette.ca\/produit\/au-premier-coup-de-canon-tome-2\/"},"modified":"2022-08-01T12:59:33","modified_gmt":"2022-08-01T16:59:33","slug":"au-premier-coup-de-canon-tome-2","status":"publish","type":"product","link":"https:\/\/goelette.ca\/en\/tous-les-livres\/au-premier-coup-de-canon-tome-2\/","title":{"rendered":"Au premier coup de canon Tome 2"},"content":{"rendered":"<p>Au coeur de l&#8217;\u00e9t\u00e9 1759, sous la gouverne du g\u00e9n\u00e9ral Wolfe, l&#8217;arm\u00e9e anglaise s&#8217;est install\u00e9e \u00e0 la Pointe-L\u00e9vy. Les canons ennemis bombardent Qu\u00e9bec sans rel\u00e2che. Wolfe sait qu&#8217;il ne peut envahir la ville en raison de ses fortifications. Pendant le si\u00e8ge, ses cavaliers blancs incendient fermes et r\u00e9coltes et terrorisent la population. Retranch\u00e9 derri\u00e8re les murs de Qu\u00e9bec, Montcalm pr\u00e9f\u00e8re attendre que les Anglais \u00e9puisent leurs boulets, persuad\u00e9 que ceux-ci plieront bagage.<\/p>\n<p>De sa fen\u00eatre, Catherine Pauz\u00e9 assiste tous les soirs au passage des cavaliers de l&#8217;Apocalypse, un groupe de miliciens men\u00e9s par Samuel Dumas et dont fait partie Antoine, son fianc\u00e9. Il revient \u00e0 eux d&#8217;assurer la protection de la colonie en semant la peur et la confusion chez les soldats anglais par de multiples escarmouches partout sur la rive sud.<\/p>\n<p>Dans ce deuxi\u00e8me tome, assistez \u00e0 la r\u00e9sistance de tout un peuple face \u00e0 ce combat qui allait fa\u00e7onner les g\u00e9n\u00e9rations \u00e0 venir. Andr\u00e9 Mathieu fait honneur \u00e0 ces hommes et \u00e0 ces femmes pr\u00eats \u00e0 tout sacrifier pour leur qu\u00eate de libert\u00e9.<\/p>\n","protected":false},"excerpt":{"rendered":"<p>Au coeur de l&#8217;\u00e9t\u00e9 1759, sous la gouverne du g\u00e9n\u00e9ral Wolfe, l&#8217;arm\u00e9e anglaise s&#8217;est install\u00e9e \u00e0 la Pointe-L\u00e9vy. Les canons ennemis bombardent Qu\u00e9bec sans rel\u00e2che. Wolfe sait qu&#8217;il ne peut envahir la ville en raison de ses fortifications. Pendant le si\u00e8ge, ses cavaliers blancs incendient fermes et r\u00e9coltes et terrorisent la population. Retranch\u00e9 derri\u00e8re les [&hellip;]<\/p>\n","protected":false},"featured_media":11429,"template":"","meta":{"wds_primary_product_brand":0,"wds_primary_product_cat":0,"wds_primary_maison_dedition":0},"product_brand":[],"product_cat":[543,542],"product_tag":[],"maison_dedition":[541],"class_list":{"0":"post-11431","1":"product","2":"type-product","3":"status-publish","4":"has-post-thumbnail","6":"product_cat-historique","7":"product_cat-roman","8":"pa_auteur-andre-mathieu","9":"maison_dedition-les-editions-coup-doeil","11":"first","12":"instock","13":"taxable","14":"shipping-taxable","15":"purchasable","16":"product-type-variable"},"bundled_by":[],"bundle_stock_status":"instock","bundle_stock_quantity":null,"bundle_virtual":false,"bundle_layout":"","bundle_add_to_cart_form_location":"","bundle_editable_in_cart":false,"bundle_sold_individually_context":"","bundle_item_grouping":"","bundle_min_size":"","bundle_max_size":"","bundle_price":[],"bundled_items":[],"bundle_sell_ids":[],"acf":[],"_links":{"self":[{"href":"https:\/\/goelette.ca\/en\/wp-json\/wp\/v2\/product\/11431","targetHints":{"allow":["GET"]}}],"collection":[{"href":"https:\/\/goelette.ca\/en\/wp-json\/wp\/v2\/product"}],"about":[{"href":"https:\/\/goelette.ca\/en\/wp-json\/wp\/v2\/types\/product"}],"wp:featuredmedia":[{"embeddable":true,"href":"https:\/\/goelette.ca\/en\/wp-json\/wp\/v2\/media\/11429"}],"wp:attachment":[{"href":"https:\/\/goelette.ca\/en\/wp-json\/wp\/v2\/media?parent=11431"}],"wp:term":[{"taxonomy":"product_brand","embeddable":true,"href":"https:\/\/goelette.ca\/en\/wp-json\/wp\/v2\/product_brand?post=11431"},{"taxonomy":"product_cat","embeddable":true,"href":"https:\/\/goelette.ca\/en\/wp-json\/wp\/v2\/product_cat?post=11431"},{"taxonomy":"product_tag","embeddable":true,"href":"https:\/\/goelette.ca\/en\/wp-json\/wp\/v2\/product_tag?post=11431"},{"taxonomy":"maison_dedition","embeddable":true,"href":"https:\/\/goelette.ca\/en\/wp-json\/wp\/v2\/maison_dedition?post=11431"}],"curies":[{"name":"wp","href":"https:\/\/api.w.org\/{rel}","templated":true}]}}