{"id":114308,"date":"2024-05-23T00:01:17","date_gmt":"2024-05-23T04:01:17","guid":{"rendered":"https:\/\/goelette.ca\/?post_type=product&#038;p=114308"},"modified":"2024-07-04T16:23:48","modified_gmt":"2024-07-04T20:23:48","slug":"des-jeux-et-des-jeux-de-poche-additions-et-soustractions","status":"publish","type":"product","link":"https:\/\/goelette.ca\/en\/tous-les-livres\/des-jeux-et-des-jeux-de-poche-additions-et-soustractions\/","title":{"rendered":"Des jeux et des jeux de poche &#8211; Additions et soustractions"},"content":{"rendered":"<p>120 GRILLES ET SOLUTIONS<\/p>\n<p>Avec les additions et soustractions, prenez une pause du quotidien tout en mettant vos habilet\u00e9s math\u00e9matiques au d\u00e9fi.<\/p>\n<p>La collection <em>Des jeux et des jeux<\/em> de poche vous propose des jeux de lettres et de chiffres classiques ou innovants dans un petit format facile \u00e0 transporter partout.<\/p>\n","protected":false},"excerpt":{"rendered":"<p>120 GRILLES ET SOLUTIONS Avec les additions et soustractions, prenez une pause du quotidien tout en mettant vos habilet\u00e9s math\u00e9matiques au d\u00e9fi. La collection Des jeux et des jeux de poche vous propose des jeux de lettres et de chiffres classiques ou innovants dans un petit format facile \u00e0 transporter partout.<\/p>\n","protected":false},"featured_media":114310,"template":"","meta":{"wds_primary_product_brand":0,"wds_primary_product_cat":0,"wds_primary_maison_dedition":0},"product_brand":[],"product_cat":[845,567,566],"product_tag":[],"maison_dedition":[648,630],"class_list":{"0":"post-114308","1":"product","2":"type-product","3":"status-publish","4":"has-post-thumbnail","6":"product_cat-additions-et-soustractions","7":"product_cat-adulte","8":"product_cat-livres-de-jeux","9":"pa_auteur-collectif","10":"maison_dedition-des-jeux-et-des-jeux","11":"maison_dedition-les-editions-goelette","13":"first","14":"instock","15":"taxable","16":"shipping-taxable","17":"purchasable","18":"product-type-variable"},"bundled_by":[],"bundle_stock_status":"instock","bundle_stock_quantity":null,"bundle_virtual":false,"bundle_layout":"","bundle_add_to_cart_form_location":"","bundle_editable_in_cart":false,"bundle_sold_individually_context":"","bundle_item_grouping":"","bundle_min_size":"","bundle_max_size":"","bundle_price":[],"bundled_items":[],"bundle_sell_ids":[],"acf":[],"_links":{"self":[{"href":"https:\/\/goelette.ca\/en\/wp-json\/wp\/v2\/product\/114308","targetHints":{"allow":["GET"]}}],"collection":[{"href":"https:\/\/goelette.ca\/en\/wp-json\/wp\/v2\/product"}],"about":[{"href":"https:\/\/goelette.ca\/en\/wp-json\/wp\/v2\/types\/product"}],"wp:featuredmedia":[{"embeddable":true,"href":"https:\/\/goelette.ca\/en\/wp-json\/wp\/v2\/media\/114310"}],"wp:attachment":[{"href":"https:\/\/goelette.ca\/en\/wp-json\/wp\/v2\/media?parent=114308"}],"wp:term":[{"taxonomy":"product_brand","embeddable":true,"href":"https:\/\/goelette.ca\/en\/wp-json\/wp\/v2\/product_brand?post=114308"},{"taxonomy":"product_cat","embeddable":true,"href":"https:\/\/goelette.ca\/en\/wp-json\/wp\/v2\/product_cat?post=114308"},{"taxonomy":"product_tag","embeddable":true,"href":"https:\/\/goelette.ca\/en\/wp-json\/wp\/v2\/product_tag?post=114308"},{"taxonomy":"maison_dedition","embeddable":true,"href":"https:\/\/goelette.ca\/en\/wp-json\/wp\/v2\/maison_dedition?post=114308"}],"curies":[{"name":"wp","href":"https:\/\/api.w.org\/{rel}","templated":true}]}}