{"id":11428,"date":"2018-12-14T01:00:00","date_gmt":"2021-10-04T18:52:09","guid":{"rendered":"https:\/\/www.goelette.ca\/produit\/au-premier-coup-de-canon-tome-1\/"},"modified":"2022-08-01T12:59:12","modified_gmt":"2022-08-01T16:59:12","slug":"au-premier-coup-de-canon-tome-1","status":"publish","type":"product","link":"https:\/\/goelette.ca\/en\/tous-les-livres\/au-premier-coup-de-canon-tome-1\/","title":{"rendered":"Au premier coup de canon Tome 1"},"content":{"rendered":"<p>Au printemps 1759, alors que la colonie \u00e9merge d&#8217;un rude hiver, il n&#8217;y a qu&#8217;un sujet \u00e0 la bouche des Canadiens : la menace anglaise. Les espions fran\u00e7ais rapportent qu&#8217;une importante flotte s&#8217;est r\u00e9unie \u00e0 Boston et qu&#8217;elle n&#8217;attend que l&#8217;ordre du g\u00e9n\u00e9ral Wolfe pour se mettre en route. Mais personne ne croit que les Anglais se risqueraient \u00e0 attaquer Qu\u00e9bec. C&#8217;est dans cette atmosph\u00e8re tendue que Jeanne Picot\u00e9, jeune fille timide \u00e9duqu\u00e9e aux Ursulines, croise le regard de Samuel Dumas, milicien au coeur vrai et \u00e0 l&#8217;\u00e2me bonne.<\/p>\n<p>Lorsque les voiles ennemies font leur apparition sur le fleuve, il appartient \u00e0 Samuel et \u00e0 ses compagnons de d\u00e9fendre la colonie contre les Anglais, car le g\u00e9n\u00e9ral Montcalm et le gouverneur Vaudreuil ont \u00e9chou\u00e9 \u00e0 organiser les d\u00e9fenses de la rive sud.<\/p>\n<p>Dans ce r\u00e9cit \u00e9pique et poignant o\u00f9 Andr\u00e9 Mathieu donne vie \u00e0 des personnages plus vrais que nature, assistez \u00e0 l&#8217;arriv\u00e9e de l&#8217;invasion anglaise, une offensive qui allait changer le cours de l&#8217;histoire de tout un peuple.<\/p>\n","protected":false},"excerpt":{"rendered":"<p>Au printemps 1759, alors que la colonie \u00e9merge d&#8217;un rude hiver, il n&#8217;y a qu&#8217;un sujet \u00e0 la bouche des Canadiens : la menace anglaise. Les espions fran\u00e7ais rapportent qu&#8217;une importante flotte s&#8217;est r\u00e9unie \u00e0 Boston et qu&#8217;elle n&#8217;attend que l&#8217;ordre du g\u00e9n\u00e9ral Wolfe pour se mettre en route. Mais personne ne croit que les [&hellip;]<\/p>\n","protected":false},"featured_media":11426,"template":"","meta":{"wds_primary_product_brand":0,"wds_primary_product_cat":0,"wds_primary_maison_dedition":0},"product_brand":[],"product_cat":[543,542],"product_tag":[],"maison_dedition":[541],"class_list":{"0":"post-11428","1":"product","2":"type-product","3":"status-publish","4":"has-post-thumbnail","6":"product_cat-historique","7":"product_cat-roman","8":"pa_auteur-andre-mathieu","9":"maison_dedition-les-editions-coup-doeil","11":"first","12":"instock","13":"taxable","14":"shipping-taxable","15":"purchasable","16":"product-type-variable"},"bundled_by":[],"bundle_stock_status":"instock","bundle_stock_quantity":null,"bundle_virtual":false,"bundle_layout":"","bundle_add_to_cart_form_location":"","bundle_editable_in_cart":false,"bundle_sold_individually_context":"","bundle_item_grouping":"","bundle_min_size":"","bundle_max_size":"","bundle_price":[],"bundled_items":[],"bundle_sell_ids":[],"acf":[],"_links":{"self":[{"href":"https:\/\/goelette.ca\/en\/wp-json\/wp\/v2\/product\/11428","targetHints":{"allow":["GET"]}}],"collection":[{"href":"https:\/\/goelette.ca\/en\/wp-json\/wp\/v2\/product"}],"about":[{"href":"https:\/\/goelette.ca\/en\/wp-json\/wp\/v2\/types\/product"}],"wp:featuredmedia":[{"embeddable":true,"href":"https:\/\/goelette.ca\/en\/wp-json\/wp\/v2\/media\/11426"}],"wp:attachment":[{"href":"https:\/\/goelette.ca\/en\/wp-json\/wp\/v2\/media?parent=11428"}],"wp:term":[{"taxonomy":"product_brand","embeddable":true,"href":"https:\/\/goelette.ca\/en\/wp-json\/wp\/v2\/product_brand?post=11428"},{"taxonomy":"product_cat","embeddable":true,"href":"https:\/\/goelette.ca\/en\/wp-json\/wp\/v2\/product_cat?post=11428"},{"taxonomy":"product_tag","embeddable":true,"href":"https:\/\/goelette.ca\/en\/wp-json\/wp\/v2\/product_tag?post=11428"},{"taxonomy":"maison_dedition","embeddable":true,"href":"https:\/\/goelette.ca\/en\/wp-json\/wp\/v2\/maison_dedition?post=11428"}],"curies":[{"name":"wp","href":"https:\/\/api.w.org\/{rel}","templated":true}]}}