{"id":11425,"date":"2019-02-25T01:00:00","date_gmt":"2021-10-04T18:52:07","guid":{"rendered":"https:\/\/www.goelette.ca\/produit\/les-14-cles-du-bonheur\/"},"modified":"2022-02-18T16:19:29","modified_gmt":"2022-02-18T21:19:29","slug":"les-14-cles-du-bonheur","status":"publish","type":"product","link":"https:\/\/goelette.ca\/en\/tous-les-livres\/les-14-cles-du-bonheur\/","title":{"rendered":"Les 14 cl\u00e9s du bonheur"},"content":{"rendered":"<p><span style=\"font-size: 12px;\">Mais o\u00f9 se cache le bonheur ? Tout le monde semble \u00eatre \u00e0 sa poursuite. Et puis le vrai bonheur, durable, existe-t-il ? Comment faire pour le trouver ?<\/span><\/p>\n<p><span style=\"font-size: 12px;\">Cet ouvrage vous guidera dans votre recherche du bien-\u00eatre, en vous donnant les 14 cl\u00e9s qui vous permettront d\u2019y acc\u00e9der. D\u00e9couvrez de quelle fa\u00e7on vivre le moment pr\u00e9sent, vous aimer et aimer ceux qui vous entourent, avoir une attitude positive et un esprit cr\u00e9atif ! N\u2019attendez plus que le bonheur vienne \u00e0 vous, mais lancez-vous \u00e0 sa recherche ! Il est probablement plus pr\u00e8s que vous le croyez !<\/span><\/p>\n","protected":false},"excerpt":{"rendered":"<p>Mais o\u00f9 se cache le bonheur ? Tout le monde semble \u00eatre \u00e0 sa poursuite. Et puis le vrai bonheur, durable, existe-t-il ? Comment faire pour le trouver ? Cet ouvrage vous guidera dans votre recherche du bien-\u00eatre, en vous donnant les 14 cl\u00e9s qui vous permettront d\u2019y acc\u00e9der. D\u00e9couvrez de quelle fa\u00e7on vivre le [&hellip;]<\/p>\n","protected":false},"featured_media":11423,"template":"","meta":{"wds_primary_product_brand":0,"wds_primary_product_cat":0,"wds_primary_maison_dedition":0},"product_brand":[],"product_cat":[592,557,561],"product_tag":[],"maison_dedition":[541],"class_list":{"0":"post-11425","1":"product","2":"type-product","3":"status-publish","4":"has-post-thumbnail","6":"product_cat-croissance-personnelle-pratique","7":"product_cat-pratique","8":"product_cat-psychologie","9":"maison_dedition-les-editions-coup-doeil","11":"first","12":"instock","13":"taxable","14":"shipping-taxable","15":"purchasable","16":"product-type-variable"},"bundled_by":[],"bundle_stock_status":"instock","bundle_stock_quantity":null,"bundle_virtual":false,"bundle_layout":"","bundle_add_to_cart_form_location":"","bundle_editable_in_cart":false,"bundle_sold_individually_context":"","bundle_item_grouping":"","bundle_min_size":"","bundle_max_size":"","bundle_price":[],"bundled_items":[],"bundle_sell_ids":[],"acf":[],"_links":{"self":[{"href":"https:\/\/goelette.ca\/en\/wp-json\/wp\/v2\/product\/11425","targetHints":{"allow":["GET"]}}],"collection":[{"href":"https:\/\/goelette.ca\/en\/wp-json\/wp\/v2\/product"}],"about":[{"href":"https:\/\/goelette.ca\/en\/wp-json\/wp\/v2\/types\/product"}],"wp:featuredmedia":[{"embeddable":true,"href":"https:\/\/goelette.ca\/en\/wp-json\/wp\/v2\/media\/11423"}],"wp:attachment":[{"href":"https:\/\/goelette.ca\/en\/wp-json\/wp\/v2\/media?parent=11425"}],"wp:term":[{"taxonomy":"product_brand","embeddable":true,"href":"https:\/\/goelette.ca\/en\/wp-json\/wp\/v2\/product_brand?post=11425"},{"taxonomy":"product_cat","embeddable":true,"href":"https:\/\/goelette.ca\/en\/wp-json\/wp\/v2\/product_cat?post=11425"},{"taxonomy":"product_tag","embeddable":true,"href":"https:\/\/goelette.ca\/en\/wp-json\/wp\/v2\/product_tag?post=11425"},{"taxonomy":"maison_dedition","embeddable":true,"href":"https:\/\/goelette.ca\/en\/wp-json\/wp\/v2\/maison_dedition?post=11425"}],"curies":[{"name":"wp","href":"https:\/\/api.w.org\/{rel}","templated":true}]}}