{"id":11422,"date":"2019-03-11T01:00:00","date_gmt":"2021-10-04T18:52:04","guid":{"rendered":"https:\/\/www.goelette.ca\/produit\/la-meditation-pour-tous\/"},"modified":"2021-12-03T18:18:11","modified_gmt":"2021-12-03T17:18:11","slug":"la-meditation-pour-tous","status":"publish","type":"product","link":"https:\/\/goelette.ca\/en\/tous-les-livres\/la-meditation-pour-tous\/","title":{"rendered":"La m\u00e9ditation pour tous"},"content":{"rendered":"<p><span style=\"font-size: 12px;\">La pratique de la m\u00e9ditation a d\u2019ores et d\u00e9j\u00e0 fait ses preuves ! En plus d\u2019\u00eatre un excellent moyen pour se d\u00e9tendre, elle permet de retrouver une libert\u00e9 et une s\u00e9r\u00e9nit\u00e9 d\u2019esprit. La m\u00e9ditation compte d\u00e9j\u00e0 des centaines de milliers d\u2019adeptes partout \u00e0 travers le monde. Alors pourquoi ne pas l\u2019essayer vous aussi ?<\/span><\/p>\n<p><span style=\"font-size: 12px;\"> Ce livre se veut le guide parfait pour vos premiers pas dans l\u2019univers de la m\u00e9ditation. Dans ces pages, vous d\u00e9couvrirez diff\u00e9rentes m\u00e9thodes et techniques. Essayez-les et trouvez celle qui convient le mieux \u00e0 votre rythme de vie.<\/span><\/p>\n<p><strong><span style=\"font-size: 12px;\"> N\u2019h\u00e9sitez plus, la m\u00e9ditation est \u00e0 votre port\u00e9e !<\/span><\/strong><\/p>\n","protected":false},"excerpt":{"rendered":"<p>La pratique de la m\u00e9ditation a d\u2019ores et d\u00e9j\u00e0 fait ses preuves ! En plus d\u2019\u00eatre un excellent moyen pour se d\u00e9tendre, elle permet de retrouver une libert\u00e9 et une s\u00e9r\u00e9nit\u00e9 d\u2019esprit. La m\u00e9ditation compte d\u00e9j\u00e0 des centaines de milliers d\u2019adeptes partout \u00e0 travers le monde. Alors pourquoi ne pas l\u2019essayer vous aussi ? Ce [&hellip;]<\/p>\n","protected":false},"featured_media":11420,"template":"","meta":{"wds_primary_product_brand":0,"wds_primary_product_cat":0,"wds_primary_maison_dedition":0},"product_brand":[],"product_cat":[586,557],"product_tag":[],"maison_dedition":[541],"class_list":{"0":"post-11422","1":"product","2":"type-product","3":"status-publish","4":"has-post-thumbnail","6":"product_cat-bien-etre-et-sante-pratique","7":"product_cat-pratique","8":"pa_auteur-collectif","9":"maison_dedition-les-editions-coup-doeil","11":"first","12":"instock","13":"taxable","14":"shipping-taxable","15":"purchasable","16":"product-type-variable"},"bundled_by":[],"bundle_stock_status":"instock","bundle_stock_quantity":null,"bundle_virtual":false,"bundle_layout":"","bundle_add_to_cart_form_location":"","bundle_editable_in_cart":false,"bundle_sold_individually_context":"","bundle_item_grouping":"","bundle_min_size":"","bundle_max_size":"","bundle_price":[],"bundled_items":[],"bundle_sell_ids":[],"acf":[],"_links":{"self":[{"href":"https:\/\/goelette.ca\/en\/wp-json\/wp\/v2\/product\/11422","targetHints":{"allow":["GET"]}}],"collection":[{"href":"https:\/\/goelette.ca\/en\/wp-json\/wp\/v2\/product"}],"about":[{"href":"https:\/\/goelette.ca\/en\/wp-json\/wp\/v2\/types\/product"}],"wp:featuredmedia":[{"embeddable":true,"href":"https:\/\/goelette.ca\/en\/wp-json\/wp\/v2\/media\/11420"}],"wp:attachment":[{"href":"https:\/\/goelette.ca\/en\/wp-json\/wp\/v2\/media?parent=11422"}],"wp:term":[{"taxonomy":"product_brand","embeddable":true,"href":"https:\/\/goelette.ca\/en\/wp-json\/wp\/v2\/product_brand?post=11422"},{"taxonomy":"product_cat","embeddable":true,"href":"https:\/\/goelette.ca\/en\/wp-json\/wp\/v2\/product_cat?post=11422"},{"taxonomy":"product_tag","embeddable":true,"href":"https:\/\/goelette.ca\/en\/wp-json\/wp\/v2\/product_tag?post=11422"},{"taxonomy":"maison_dedition","embeddable":true,"href":"https:\/\/goelette.ca\/en\/wp-json\/wp\/v2\/maison_dedition?post=11422"}],"curies":[{"name":"wp","href":"https:\/\/api.w.org\/{rel}","templated":true}]}}