{"id":11419,"date":"2019-03-21T01:00:00","date_gmt":"2021-10-04T18:51:59","guid":{"rendered":"https:\/\/www.goelette.ca\/produit\/realisez-vos-reves\/"},"modified":"2022-02-18T16:19:27","modified_gmt":"2022-02-18T21:19:27","slug":"realisez-vos-reves","status":"publish","type":"product","link":"https:\/\/goelette.ca\/en\/tous-les-livres\/realisez-vos-reves\/","title":{"rendered":"R\u00e9alisez vos r\u00eaves !"},"content":{"rendered":"<p>Vous ch\u00e9rissez un r\u00eave et vous ne savez pas comment faire pour le r\u00e9aliser ? Pour accomplir vos objectifs et faire en sorte que vos projets se concr\u00e9tisent, tout commence par une attitude positive et de la confiance en vous. D\u00e9couvrez d\u00e8s maintenant les cl\u00e9s qui vous permettront de d\u00e9velopper ces aptitudes et de satisfaire vos aspirations profondes.<\/p>\n<p>Ce livre vous servira de guide pour atteindre les objectifs que vous vous \u00eates fix\u00e9s en vous accompagnant dans votre d\u00e9marche, peu importe sa nature. Vous y trouverez des conseils pratiques, des aide-m\u00e9moires faciles \u00e0 consulter ainsi que des pens\u00e9es \u00e0 m\u00e9diter pour approfondir votre r\u00e9flexion.<\/p>\n<p>Relevez le d\u00e9fi d\u00e8s aujourd\u2019hui : allez enfin au bout de vos r\u00eaves !<\/p>\n","protected":false},"excerpt":{"rendered":"<p>Vous ch\u00e9rissez un r\u00eave et vous ne savez pas comment faire pour le r\u00e9aliser ? Pour accomplir vos objectifs et faire en sorte que vos projets se concr\u00e9tisent, tout commence par une attitude positive et de la confiance en vous. D\u00e9couvrez d\u00e8s maintenant les cl\u00e9s qui vous permettront de d\u00e9velopper ces aptitudes et de satisfaire [&hellip;]<\/p>\n","protected":false},"featured_media":11417,"template":"","meta":{"wds_primary_product_brand":0,"wds_primary_product_cat":0,"wds_primary_maison_dedition":0},"product_brand":[],"product_cat":[592,557,561],"product_tag":[],"maison_dedition":[541],"class_list":{"0":"post-11419","1":"product","2":"type-product","3":"status-publish","4":"has-post-thumbnail","6":"product_cat-croissance-personnelle-pratique","7":"product_cat-pratique","8":"product_cat-psychologie","9":"maison_dedition-les-editions-coup-doeil","11":"first","12":"instock","13":"taxable","14":"shipping-taxable","15":"purchasable","16":"product-type-variable"},"bundled_by":[],"bundle_stock_status":"instock","bundle_stock_quantity":null,"bundle_virtual":false,"bundle_layout":"","bundle_add_to_cart_form_location":"","bundle_editable_in_cart":false,"bundle_sold_individually_context":"","bundle_item_grouping":"","bundle_min_size":"","bundle_max_size":"","bundle_price":[],"bundled_items":[],"bundle_sell_ids":[],"acf":[],"_links":{"self":[{"href":"https:\/\/goelette.ca\/en\/wp-json\/wp\/v2\/product\/11419","targetHints":{"allow":["GET"]}}],"collection":[{"href":"https:\/\/goelette.ca\/en\/wp-json\/wp\/v2\/product"}],"about":[{"href":"https:\/\/goelette.ca\/en\/wp-json\/wp\/v2\/types\/product"}],"wp:featuredmedia":[{"embeddable":true,"href":"https:\/\/goelette.ca\/en\/wp-json\/wp\/v2\/media\/11417"}],"wp:attachment":[{"href":"https:\/\/goelette.ca\/en\/wp-json\/wp\/v2\/media?parent=11419"}],"wp:term":[{"taxonomy":"product_brand","embeddable":true,"href":"https:\/\/goelette.ca\/en\/wp-json\/wp\/v2\/product_brand?post=11419"},{"taxonomy":"product_cat","embeddable":true,"href":"https:\/\/goelette.ca\/en\/wp-json\/wp\/v2\/product_cat?post=11419"},{"taxonomy":"product_tag","embeddable":true,"href":"https:\/\/goelette.ca\/en\/wp-json\/wp\/v2\/product_tag?post=11419"},{"taxonomy":"maison_dedition","embeddable":true,"href":"https:\/\/goelette.ca\/en\/wp-json\/wp\/v2\/maison_dedition?post=11419"}],"curies":[{"name":"wp","href":"https:\/\/api.w.org\/{rel}","templated":true}]}}