{"id":11413,"date":"2019-02-25T01:00:00","date_gmt":"2021-10-04T18:51:53","guid":{"rendered":"https:\/\/www.goelette.ca\/produit\/la-route-vers-la-victoire\/"},"modified":"2025-12-05T10:32:31","modified_gmt":"2025-12-05T15:32:31","slug":"la-route-vers-la-victoire","status":"publish","type":"product","link":"https:\/\/goelette.ca\/en\/tous-les-livres\/la-route-vers-la-victoire\/","title":{"rendered":"La route vers la victoire"},"content":{"rendered":"<p><span style=\"font-size: 12px;\">Le chemin qui m\u00e8ne \u00e0 la victoire est jonch\u00e9 de d\u00e9fi s. Il peut \u00eatre sinueux et rempli de surprises, parfois m\u00eame de d\u00e9tours. Les solutions aux dilemmes qui le traversent ne sont pas toujours \u00e9videntes. Heureusement, il existe des principes qui vous aideront \u00e0 marcher sur la voie de la r\u00e9ussite.<\/span><\/p>\n<p><span style=\"font-size: 12px;\">En suivant les conseils de cet ouvrage et en approfondissant votre r\u00e9flexion gr\u00e2ce aux citations qui vous sont propos\u00e9es, vous vous donnerez la possibilit\u00e9 d\u2019aller plus loin et d\u2019am\u00e9liorer votre fa\u00e7on de voir la vie ! Mettez de c\u00f4t\u00e9 la n\u00e9gativit\u00e9 et la passivit\u00e9, et passez \u00e0 l\u2019action !<\/span><\/p>\n<p><span style=\"font-size: 12px;\"><strong>Transformez votre quotidien et parcourez avec d\u00e9termination la route qui vous m\u00e8nera \u00e0 la plus essentielle des victoires, la v\u00f4tre !<\/strong><\/span><\/p>\n","protected":false},"excerpt":{"rendered":"<p>Le chemin qui m\u00e8ne \u00e0 la victoire est jonch\u00e9 de d\u00e9fi s. Il peut \u00eatre sinueux et rempli de surprises, parfois m\u00eame de d\u00e9tours. Les solutions aux dilemmes qui le traversent ne sont pas toujours \u00e9videntes. Heureusement, il existe des principes qui vous aideront \u00e0 marcher sur la voie de la r\u00e9ussite. En suivant les [&hellip;]<\/p>\n","protected":false},"featured_media":11411,"template":"","meta":{"wds_primary_product_brand":0,"wds_primary_product_cat":0,"wds_primary_maison_dedition":0},"product_brand":[],"product_cat":[592,557,561],"product_tag":[],"maison_dedition":[541],"class_list":{"0":"post-11413","1":"product","2":"type-product","3":"status-publish","4":"has-post-thumbnail","6":"product_cat-croissance-personnelle-pratique","7":"product_cat-pratique","8":"product_cat-psychologie","9":"pa_auteur-pierre-haineault","10":"maison_dedition-les-editions-coup-doeil","12":"first","13":"instock","14":"taxable","15":"shipping-taxable","16":"purchasable","17":"product-type-variable"},"bundled_by":[],"bundle_stock_status":"instock","bundle_stock_quantity":null,"bundle_virtual":false,"bundle_layout":"","bundle_add_to_cart_form_location":"","bundle_editable_in_cart":false,"bundle_sold_individually_context":"","bundle_item_grouping":"","bundle_min_size":"","bundle_max_size":"","bundle_price":[],"bundled_items":[],"bundle_sell_ids":[],"acf":[],"_links":{"self":[{"href":"https:\/\/goelette.ca\/en\/wp-json\/wp\/v2\/product\/11413","targetHints":{"allow":["GET"]}}],"collection":[{"href":"https:\/\/goelette.ca\/en\/wp-json\/wp\/v2\/product"}],"about":[{"href":"https:\/\/goelette.ca\/en\/wp-json\/wp\/v2\/types\/product"}],"wp:featuredmedia":[{"embeddable":true,"href":"https:\/\/goelette.ca\/en\/wp-json\/wp\/v2\/media\/11411"}],"wp:attachment":[{"href":"https:\/\/goelette.ca\/en\/wp-json\/wp\/v2\/media?parent=11413"}],"wp:term":[{"taxonomy":"product_brand","embeddable":true,"href":"https:\/\/goelette.ca\/en\/wp-json\/wp\/v2\/product_brand?post=11413"},{"taxonomy":"product_cat","embeddable":true,"href":"https:\/\/goelette.ca\/en\/wp-json\/wp\/v2\/product_cat?post=11413"},{"taxonomy":"product_tag","embeddable":true,"href":"https:\/\/goelette.ca\/en\/wp-json\/wp\/v2\/product_tag?post=11413"},{"taxonomy":"maison_dedition","embeddable":true,"href":"https:\/\/goelette.ca\/en\/wp-json\/wp\/v2\/maison_dedition?post=11413"}],"curies":[{"name":"wp","href":"https:\/\/api.w.org\/{rel}","templated":true}]}}