{"id":11398,"date":"2019-04-01T01:00:00","date_gmt":"2021-10-04T18:51:41","guid":{"rendered":"https:\/\/www.goelette.ca\/produit\/le-bien-aime\/"},"modified":"2022-02-18T16:19:25","modified_gmt":"2022-02-18T21:19:25","slug":"le-bien-aime","status":"publish","type":"product","link":"https:\/\/goelette.ca\/en\/tous-les-livres\/le-bien-aime\/","title":{"rendered":"Le bien-aim\u00e9"},"content":{"rendered":"<p><span style=\"font-size: 12px;\">En 1880, Donald Morrison, un jeune homme libre et droit, vit paisiblement avec ses proches dans le petit village de M\u00e9gantic. Mais la famille Morrison doit travailler avec ardeur pour tenter de survivre, et les dettes qui s\u2019accumulent p\u00e8sent lourdement sur leurs \u00e9paules. Donald laisse donc tout derri\u00e8re lui, incluant Marion, l\u2019amour de sa vie, pour s\u2019engager quelque temps dans l\u2019Ouest comme cow-boy, en esp\u00e9rant faire fortune.<\/span><\/p>\n<p><span style=\"font-size: 12px;\">Cependant, son projet ne se d\u00e9roule pas comme pr\u00e9vu. Sept ans apr\u00e8s son d\u00e9part, lorsqu\u2019il apprend que son p\u00e8re s\u2019appr\u00eate \u00e0 tout perdre, le fils revient sur sa terre natale pour sauver le legs de ses parents. Toutefois, en tentant de r\u00e9parer le tort qui a \u00e9t\u00e9 fait \u00e0 sa famille, le jeune homme se met dans une situation impossible. Appel\u00e9 \u00e0 compara\u00eetre, Donald trouve le moyen de prendre la fuite pour \u00e9viter la fin tragique qu\u2019am\u00e8nerait ce proc\u00e8s&#8230;<\/span><\/p>\n<p><span style=\"font-size: 12px;\">Avec <em>Le bien-aim\u00e9<\/em>, Andr\u00e9 Mathieu nous offre une histoire d\u2019amour passionn\u00e9e et d\u00e9chirante, celle du hors-la-loi Donald Morrison. En nous relatant la chasse \u00e0 l\u2019homme dont ce cow-boy a \u00e9t\u00e9 l\u2019objet, il raconte ainsi une nouvelle fois le destin d\u2019un personnage historique ayant marqu\u00e9 la m\u00e9moire collective.<\/span><\/p>\n","protected":false},"excerpt":{"rendered":"<p>En 1880, Donald Morrison, un jeune homme libre et droit, vit paisiblement avec ses proches dans le petit village de M\u00e9gantic. Mais la famille Morrison doit travailler avec ardeur pour tenter de survivre, et les dettes qui s\u2019accumulent p\u00e8sent lourdement sur leurs \u00e9paules. Donald laisse donc tout derri\u00e8re lui, incluant Marion, l\u2019amour de sa vie, [&hellip;]<\/p>\n","protected":false},"featured_media":11396,"template":"","meta":{"wds_primary_product_brand":0,"wds_primary_product_cat":0,"wds_primary_maison_dedition":0},"product_brand":[],"product_cat":[543,542],"product_tag":[],"maison_dedition":[541],"class_list":{"0":"post-11398","1":"product","2":"type-product","3":"status-publish","4":"has-post-thumbnail","6":"product_cat-historique","7":"product_cat-roman","8":"pa_auteur-andre-mathieu","9":"maison_dedition-les-editions-coup-doeil","11":"first","12":"instock","13":"taxable","14":"shipping-taxable","15":"purchasable","16":"product-type-variable"},"bundled_by":[],"bundle_stock_status":"instock","bundle_stock_quantity":null,"bundle_virtual":false,"bundle_layout":"","bundle_add_to_cart_form_location":"","bundle_editable_in_cart":false,"bundle_sold_individually_context":"","bundle_item_grouping":"","bundle_min_size":"","bundle_max_size":"","bundle_price":[],"bundled_items":[],"bundle_sell_ids":[],"acf":[],"_links":{"self":[{"href":"https:\/\/goelette.ca\/en\/wp-json\/wp\/v2\/product\/11398","targetHints":{"allow":["GET"]}}],"collection":[{"href":"https:\/\/goelette.ca\/en\/wp-json\/wp\/v2\/product"}],"about":[{"href":"https:\/\/goelette.ca\/en\/wp-json\/wp\/v2\/types\/product"}],"wp:featuredmedia":[{"embeddable":true,"href":"https:\/\/goelette.ca\/en\/wp-json\/wp\/v2\/media\/11396"}],"wp:attachment":[{"href":"https:\/\/goelette.ca\/en\/wp-json\/wp\/v2\/media?parent=11398"}],"wp:term":[{"taxonomy":"product_brand","embeddable":true,"href":"https:\/\/goelette.ca\/en\/wp-json\/wp\/v2\/product_brand?post=11398"},{"taxonomy":"product_cat","embeddable":true,"href":"https:\/\/goelette.ca\/en\/wp-json\/wp\/v2\/product_cat?post=11398"},{"taxonomy":"product_tag","embeddable":true,"href":"https:\/\/goelette.ca\/en\/wp-json\/wp\/v2\/product_tag?post=11398"},{"taxonomy":"maison_dedition","embeddable":true,"href":"https:\/\/goelette.ca\/en\/wp-json\/wp\/v2\/maison_dedition?post=11398"}],"curies":[{"name":"wp","href":"https:\/\/api.w.org\/{rel}","templated":true}]}}