{"id":11395,"date":"2019-04-01T01:00:00","date_gmt":"2021-10-04T18:51:36","guid":{"rendered":"https:\/\/www.goelette.ca\/produit\/lorage\/"},"modified":"2022-02-18T16:15:23","modified_gmt":"2022-02-18T21:15:23","slug":"lorage","status":"publish","type":"product","link":"https:\/\/goelette.ca\/en\/tous-les-livres\/lorage\/","title":{"rendered":"L&#8217;orage"},"content":{"rendered":"<p><span style=\"font-size: 12px;\">Au tout d\u00e9but du 20<sup>e<\/sup>si\u00e8cle, Catherine entrevoit son avenir en Beauce avec espoir. Entour\u00e9e d\u2019une famille aimante et d\u2019un mari vaillant, elle occupe ses journ\u00e9es paisiblement entre les t\u00e2ches domestiques, le travail de la terre et la vie paroissiale. Malgr\u00e9 le fardeau d\u2019un lourd pass\u00e9 qu\u2019elle porte, sa tranquille existence lui permet de garder foi en sa destin\u00e9e.<\/span><\/p>\n<p><span style=\"font-size: 12px;\">Alors que sa vie semble \u00eatre sur la bonne voie, le malheur s\u2019abat pourtant sur Catherine. Entre les maladies, les deuils et les douloureuses \u00e9preuves auxquelles elle doit faire face, tout son univers s\u2019\u00e9croule. Contre vents et mar\u00e9es, elle fera d\u00e8s lors tout pour survivre, prot\u00e9ger sa famille et pr\u00e9server ses terres. D\u00e9termin\u00e9e et acharn\u00e9e, cette femme tentera de garder la t\u00eate hors de l\u2019eau, un orage apr\u00e8s l\u2019autre.<\/span><\/p>\n<p><span style=\"font-size: 12px;\">Avec <em>L\u2019orage<\/em>, Andr\u00e9 Mathieu nous offre une histoire bouleversante, inspir\u00e9e du d\u00e9luge qui a fait d\u00e9border la rivi\u00e8re Chaudi\u00e8re le 31 juillet 1917. Il parvient \u00e0 raconter cet \u00e9v\u00e9nement avec d\u00e9licatesse et habilet\u00e9 en dressant le portrait d\u2019une femme que rien ne r\u00e9ussit \u00e0 faire flancher.<\/span><\/p>\n","protected":false},"excerpt":{"rendered":"<p>Au tout d\u00e9but du 20esi\u00e8cle, Catherine entrevoit son avenir en Beauce avec espoir. Entour\u00e9e d\u2019une famille aimante et d\u2019un mari vaillant, elle occupe ses journ\u00e9es paisiblement entre les t\u00e2ches domestiques, le travail de la terre et la vie paroissiale. Malgr\u00e9 le fardeau d\u2019un lourd pass\u00e9 qu\u2019elle porte, sa tranquille existence lui permet de garder foi [&hellip;]<\/p>\n","protected":false},"featured_media":11393,"template":"","meta":{"wds_primary_product_brand":0,"wds_primary_product_cat":0,"wds_primary_maison_dedition":0},"product_brand":[],"product_cat":[543,542],"product_tag":[],"maison_dedition":[541],"class_list":{"0":"post-11395","1":"product","2":"type-product","3":"status-publish","4":"has-post-thumbnail","6":"product_cat-historique","7":"product_cat-roman","8":"pa_auteur-andre-mathieu","9":"maison_dedition-les-editions-coup-doeil","11":"first","12":"instock","13":"taxable","14":"shipping-taxable","15":"purchasable","16":"product-type-variable"},"bundled_by":[],"bundle_stock_status":"instock","bundle_stock_quantity":null,"bundle_virtual":false,"bundle_layout":"","bundle_add_to_cart_form_location":"","bundle_editable_in_cart":false,"bundle_sold_individually_context":"","bundle_item_grouping":"","bundle_min_size":"","bundle_max_size":"","bundle_price":[],"bundled_items":[],"bundle_sell_ids":[],"acf":[],"_links":{"self":[{"href":"https:\/\/goelette.ca\/en\/wp-json\/wp\/v2\/product\/11395","targetHints":{"allow":["GET"]}}],"collection":[{"href":"https:\/\/goelette.ca\/en\/wp-json\/wp\/v2\/product"}],"about":[{"href":"https:\/\/goelette.ca\/en\/wp-json\/wp\/v2\/types\/product"}],"wp:featuredmedia":[{"embeddable":true,"href":"https:\/\/goelette.ca\/en\/wp-json\/wp\/v2\/media\/11393"}],"wp:attachment":[{"href":"https:\/\/goelette.ca\/en\/wp-json\/wp\/v2\/media?parent=11395"}],"wp:term":[{"taxonomy":"product_brand","embeddable":true,"href":"https:\/\/goelette.ca\/en\/wp-json\/wp\/v2\/product_brand?post=11395"},{"taxonomy":"product_cat","embeddable":true,"href":"https:\/\/goelette.ca\/en\/wp-json\/wp\/v2\/product_cat?post=11395"},{"taxonomy":"product_tag","embeddable":true,"href":"https:\/\/goelette.ca\/en\/wp-json\/wp\/v2\/product_tag?post=11395"},{"taxonomy":"maison_dedition","embeddable":true,"href":"https:\/\/goelette.ca\/en\/wp-json\/wp\/v2\/maison_dedition?post=11395"}],"curies":[{"name":"wp","href":"https:\/\/api.w.org\/{rel}","templated":true}]}}