{"id":11392,"date":"2019-03-01T01:00:00","date_gmt":"2021-10-04T18:51:33","guid":{"rendered":"https:\/\/www.goelette.ca\/produit\/mort-subite\/"},"modified":"2023-02-03T10:54:01","modified_gmt":"2023-02-03T15:54:01","slug":"mort-subite","status":"publish","type":"product","link":"https:\/\/goelette.ca\/en\/tous-les-livres\/mort-subite\/","title":{"rendered":"Mort subite"},"content":{"rendered":"<p>David Berger est dans de beaux draps ! Au sens propre, comme au figur\u00e9. Employ\u00e9 d\u2019un prestigieux club de golf des Hamptons, il devient la cible de Louise Eaton, la femme de son richissime patron. Cette derni\u00e8re, lasse d\u2019\u00eatre n\u00e9glig\u00e9e par son \u00e9poux, jette son d\u00e9volu sur lui et tente de le s\u00e9duire. C\u00e9dant au charme envo\u00fbtant de Louise, David se laisse alors entra\u00eener dans une liaison torride qui le m\u00e8nera \u00e0 sa perte\u2026<\/p>\n<p>Un matin, une sc\u00e8ne macabre l\u2019attend \u00e0 son r\u00e9veil dans une chambre d\u2019h\u00f4tel : le corps sans vie de son amante. D\u00e8s lors le suspect num\u00e9ro un de l\u2019enqu\u00eate polici\u00e8re, David se retrouve au pied du mur. Il doit \u00e0 tout prix d\u00e9couvrir la v\u00e9rit\u00e9 afin de sauver sa peau. Mais qui donc se cache v\u00e9ritablement derri\u00e8re ce meurtre ?<\/p>\n<p>Avec <em>Mort subite<\/em>, Marc Fisher signe un thriller surprenant et haletant, qui entrem\u00eale la romance, le suspense, la sensualit\u00e9, le plaisir et l\u2019humour, pour mieux nous faire frissonner.<\/p>\n","protected":false},"excerpt":{"rendered":"<p>David Berger est dans de beaux draps ! Au sens propre, comme au figur\u00e9. Employ\u00e9 d\u2019un prestigieux club de golf des Hamptons, il devient la cible de Louise Eaton, la femme de son richissime patron. Cette derni\u00e8re, lasse d\u2019\u00eatre n\u00e9glig\u00e9e par son \u00e9poux, jette son d\u00e9volu sur lui et tente de le s\u00e9duire. C\u00e9dant au [&hellip;]<\/p>\n","protected":false},"featured_media":11390,"template":"","meta":{"wds_primary_product_brand":0,"wds_primary_product_cat":0,"wds_primary_maison_dedition":0},"product_brand":[],"product_cat":[546,542],"product_tag":[],"maison_dedition":[541],"class_list":{"0":"post-11392","1":"product","2":"type-product","3":"status-publish","4":"has-post-thumbnail","6":"product_cat-policier-thriller","7":"product_cat-roman","8":"pa_auteur-marc-fisher","9":"maison_dedition-les-editions-coup-doeil","11":"first","12":"instock","13":"taxable","14":"shipping-taxable","15":"purchasable","16":"product-type-variable"},"bundled_by":[],"bundle_stock_status":"instock","bundle_stock_quantity":null,"bundle_virtual":false,"bundle_layout":"","bundle_add_to_cart_form_location":"","bundle_editable_in_cart":false,"bundle_sold_individually_context":"","bundle_item_grouping":"","bundle_min_size":"","bundle_max_size":"","bundle_price":[],"bundled_items":[],"bundle_sell_ids":[],"acf":[],"_links":{"self":[{"href":"https:\/\/goelette.ca\/en\/wp-json\/wp\/v2\/product\/11392","targetHints":{"allow":["GET"]}}],"collection":[{"href":"https:\/\/goelette.ca\/en\/wp-json\/wp\/v2\/product"}],"about":[{"href":"https:\/\/goelette.ca\/en\/wp-json\/wp\/v2\/types\/product"}],"wp:featuredmedia":[{"embeddable":true,"href":"https:\/\/goelette.ca\/en\/wp-json\/wp\/v2\/media\/11390"}],"wp:attachment":[{"href":"https:\/\/goelette.ca\/en\/wp-json\/wp\/v2\/media?parent=11392"}],"wp:term":[{"taxonomy":"product_brand","embeddable":true,"href":"https:\/\/goelette.ca\/en\/wp-json\/wp\/v2\/product_brand?post=11392"},{"taxonomy":"product_cat","embeddable":true,"href":"https:\/\/goelette.ca\/en\/wp-json\/wp\/v2\/product_cat?post=11392"},{"taxonomy":"product_tag","embeddable":true,"href":"https:\/\/goelette.ca\/en\/wp-json\/wp\/v2\/product_tag?post=11392"},{"taxonomy":"maison_dedition","embeddable":true,"href":"https:\/\/goelette.ca\/en\/wp-json\/wp\/v2\/maison_dedition?post=11392"}],"curies":[{"name":"wp","href":"https:\/\/api.w.org\/{rel}","templated":true}]}}