{"id":11389,"date":"2019-03-01T01:00:00","date_gmt":"2021-10-04T18:51:28","guid":{"rendered":"https:\/\/www.goelette.ca\/produit\/heritage-suspect\/"},"modified":"2024-08-09T10:38:38","modified_gmt":"2024-08-09T14:38:38","slug":"heritage-suspect","status":"publish","type":"product","link":"https:\/\/goelette.ca\/en\/tous-les-livres\/heritage-suspect\/","title":{"rendered":"H\u00e9ritage suspect"},"content":{"rendered":"<p>Un matin, alors qu\u2019elle \u00e9pluche une fois de plus les journaux \u00e0 la recherche d\u2019un sujet sensationnel \u00e0 couvrir, Nicole Avon fait le lien entre quatre cas similaires d\u2019h\u00e9ritage, qui lui semblent suspects. Certaine de tenir une affaire qui la rendra c\u00e9l\u00e8bre et lui permettra de quitter son appartement m\u00e9diocre, la journaliste de vingt-huit ans se lance dans une enqu\u00eate p\u00e9rilleuse.<\/p>\n<p>Ne pouvant \u00e9taler publiquement ses soup\u00e7ons et cherchant le moyen d\u2019avoir acc\u00e8s \u00e0 des informations confidentielles, Nicole sollicite le myst\u00e9rieux monsieur B, un d\u00e9tective de l\u2019ombre, qui travaille uniquement par correspondance Internet. Aid\u00e9e par les pr\u00e9cieux indices qu\u2019il lui fournit, la journaliste r\u00e9ussit \u00e0 mettre le doigt sur le n\u0153ud de cet imbroglio. Mais comment peut-elle transformer ces renseignements importants en preuves concr\u00e8tes et d\u00e9voiler la v\u00e9rit\u00e9 au grand jour ?<\/p>\n<p>Avec <em>H\u00e9ritage suspect<\/em> (pr\u00e9c\u00e9demment publi\u00e9 sous le titre <em>Miami<\/em>), Marc Fisher nous plonge dans une enqu\u00eate minutieuse et saisissante, au c\u0153ur de la ville de Miami, o\u00f9 les \u00e9nigmes s\u2019encha\u00eenent pour remettre en question nos plus grandes convictions.<\/p>\n","protected":false},"excerpt":{"rendered":"<p>Un matin, alors qu\u2019elle \u00e9pluche une fois de plus les journaux \u00e0 la recherche d\u2019un sujet sensationnel \u00e0 couvrir, Nicole Avon fait le lien entre quatre cas similaires d\u2019h\u00e9ritage, qui lui semblent suspects. Certaine de tenir une affaire qui la rendra c\u00e9l\u00e8bre et lui permettra de quitter son appartement m\u00e9diocre, la journaliste de vingt-huit ans [&hellip;]<\/p>\n","protected":false},"featured_media":11387,"template":"","meta":{"wds_primary_product_brand":0,"wds_primary_product_cat":0,"wds_primary_maison_dedition":0},"product_brand":[],"product_cat":[546,542],"product_tag":[],"maison_dedition":[541],"class_list":{"0":"post-11389","1":"product","2":"type-product","3":"status-publish","4":"has-post-thumbnail","6":"product_cat-policier-thriller","7":"product_cat-roman","8":"pa_auteur-marc-fisher","9":"maison_dedition-les-editions-coup-doeil","11":"first","12":"instock","13":"taxable","14":"shipping-taxable","15":"purchasable","16":"product-type-variable"},"bundled_by":[],"bundle_stock_status":"instock","bundle_stock_quantity":null,"bundle_virtual":false,"bundle_layout":"","bundle_add_to_cart_form_location":"","bundle_editable_in_cart":false,"bundle_sold_individually_context":"","bundle_item_grouping":"","bundle_min_size":"","bundle_max_size":"","bundle_price":[],"bundled_items":[],"bundle_sell_ids":[],"acf":[],"_links":{"self":[{"href":"https:\/\/goelette.ca\/en\/wp-json\/wp\/v2\/product\/11389","targetHints":{"allow":["GET"]}}],"collection":[{"href":"https:\/\/goelette.ca\/en\/wp-json\/wp\/v2\/product"}],"about":[{"href":"https:\/\/goelette.ca\/en\/wp-json\/wp\/v2\/types\/product"}],"wp:featuredmedia":[{"embeddable":true,"href":"https:\/\/goelette.ca\/en\/wp-json\/wp\/v2\/media\/11387"}],"wp:attachment":[{"href":"https:\/\/goelette.ca\/en\/wp-json\/wp\/v2\/media?parent=11389"}],"wp:term":[{"taxonomy":"product_brand","embeddable":true,"href":"https:\/\/goelette.ca\/en\/wp-json\/wp\/v2\/product_brand?post=11389"},{"taxonomy":"product_cat","embeddable":true,"href":"https:\/\/goelette.ca\/en\/wp-json\/wp\/v2\/product_cat?post=11389"},{"taxonomy":"product_tag","embeddable":true,"href":"https:\/\/goelette.ca\/en\/wp-json\/wp\/v2\/product_tag?post=11389"},{"taxonomy":"maison_dedition","embeddable":true,"href":"https:\/\/goelette.ca\/en\/wp-json\/wp\/v2\/maison_dedition?post=11389"}],"curies":[{"name":"wp","href":"https:\/\/api.w.org\/{rel}","templated":true}]}}