{"id":11359,"date":"2020-09-20T01:00:00","date_gmt":"2021-10-04T18:50:59","guid":{"rendered":"https:\/\/www.goelette.ca\/produit\/japprends-en-images-les-animaux-du-quebec\/"},"modified":"2021-12-03T18:18:01","modified_gmt":"2021-12-03T17:18:01","slug":"japprends-en-images-les-animaux-du-quebec","status":"publish","type":"product","link":"https:\/\/goelette.ca\/en\/tous-les-livres\/japprends-en-images-les-animaux-du-quebec\/","title":{"rendered":"J&#8217;apprends en images &#8211; les animaux du Qu\u00e9bec"},"content":{"rendered":"<p><span style=\"font-size: 12px;\">D\u00e9couvre les animaux du Qu\u00e9bec et apprends \u00e0 les reconna\u00eetre ! Avec cet imagier, tu pourras nommer les esp\u00e8ces vivant dans la Belle Province et d\u00e9terminer leur habitat le plus commun gr\u00e2ce \u00e0 ces diff\u00e9rentes th\u00e9matiques:<\/span><\/p>\n<p><span style=\"font-size: 12px;\">La for\u00eat, l&#8217;\u00e9tang, la ville, la montagne, les insectes, le fleuve, les oiseaux, le Nord.<\/span><\/p>\n","protected":false},"excerpt":{"rendered":"<p>D\u00e9couvre les animaux du Qu\u00e9bec et apprends \u00e0 les reconna\u00eetre ! Avec cet imagier, tu pourras nommer les esp\u00e8ces vivant dans la Belle Province et d\u00e9terminer leur habitat le plus commun gr\u00e2ce \u00e0 ces diff\u00e9rentes th\u00e9matiques: La for\u00eat, l&#8217;\u00e9tang, la ville, la montagne, les insectes, le fleuve, les oiseaux, le Nord.<\/p>\n","protected":false},"featured_media":11357,"template":"","meta":{"wds_primary_product_brand":0,"wds_primary_product_cat":0,"wds_primary_maison_dedition":0},"product_brand":[],"product_cat":[560,583,538,554],"product_tag":[],"maison_dedition":[541],"class_list":{"0":"post-11359","1":"product","2":"type-product","3":"status-publish","4":"has-post-thumbnail","6":"product_cat-3-5-ans","7":"product_cat-imagiers","8":"product_cat-jeunesse","9":"product_cat-zoologie","10":"pa_auteur-collectif","11":"maison_dedition-les-editions-coup-doeil","13":"first","14":"instock","15":"taxable","16":"shipping-taxable","17":"purchasable","18":"product-type-variable"},"bundled_by":[],"bundle_stock_status":"instock","bundle_stock_quantity":null,"bundle_virtual":false,"bundle_layout":"","bundle_add_to_cart_form_location":"","bundle_editable_in_cart":false,"bundle_sold_individually_context":"","bundle_item_grouping":"","bundle_min_size":"","bundle_max_size":"","bundle_price":[],"bundled_items":[],"bundle_sell_ids":[],"acf":[],"_links":{"self":[{"href":"https:\/\/goelette.ca\/en\/wp-json\/wp\/v2\/product\/11359","targetHints":{"allow":["GET"]}}],"collection":[{"href":"https:\/\/goelette.ca\/en\/wp-json\/wp\/v2\/product"}],"about":[{"href":"https:\/\/goelette.ca\/en\/wp-json\/wp\/v2\/types\/product"}],"wp:featuredmedia":[{"embeddable":true,"href":"https:\/\/goelette.ca\/en\/wp-json\/wp\/v2\/media\/11357"}],"wp:attachment":[{"href":"https:\/\/goelette.ca\/en\/wp-json\/wp\/v2\/media?parent=11359"}],"wp:term":[{"taxonomy":"product_brand","embeddable":true,"href":"https:\/\/goelette.ca\/en\/wp-json\/wp\/v2\/product_brand?post=11359"},{"taxonomy":"product_cat","embeddable":true,"href":"https:\/\/goelette.ca\/en\/wp-json\/wp\/v2\/product_cat?post=11359"},{"taxonomy":"product_tag","embeddable":true,"href":"https:\/\/goelette.ca\/en\/wp-json\/wp\/v2\/product_tag?post=11359"},{"taxonomy":"maison_dedition","embeddable":true,"href":"https:\/\/goelette.ca\/en\/wp-json\/wp\/v2\/maison_dedition?post=11359"}],"curies":[{"name":"wp","href":"https:\/\/api.w.org\/{rel}","templated":true}]}}