{"id":11356,"date":"2019-08-01T01:00:00","date_gmt":"2021-10-04T18:50:57","guid":{"rendered":"https:\/\/www.goelette.ca\/produit\/japprends-en-images-2\/"},"modified":"2021-12-03T18:18:00","modified_gmt":"2021-12-03T17:18:00","slug":"japprends-en-images-2","status":"publish","type":"product","link":"https:\/\/goelette.ca\/en\/tous-les-livres\/japprends-en-images-2\/","title":{"rendered":"J&#8217;apprends en images"},"content":{"rendered":"<p><span style=\"font-size: 12px;\">D\u00e9couvre le nom des objets, des personnages et des animaux de ton quotidien, et apprends \u00e0 les reconna\u00eetre ! Avec cet imagier, tu pourras nommer tout ce qui t&#8217;entoure gr\u00e2ce \u00e0 ces diff\u00e9rentes th\u00e9matiques:<\/span><\/p>\n<p><span style=\"font-size: 12px;\">La ferme, le quartier, la famille, la maison, le parc, les v\u00eatements, le zoo et les transports.<\/span><\/p>\n","protected":false},"excerpt":{"rendered":"<p>D\u00e9couvre le nom des objets, des personnages et des animaux de ton quotidien, et apprends \u00e0 les reconna\u00eetre ! Avec cet imagier, tu pourras nommer tout ce qui t&#8217;entoure gr\u00e2ce \u00e0 ces diff\u00e9rentes th\u00e9matiques: La ferme, le quartier, la famille, la maison, le parc, les v\u00eatements, le zoo et les transports.<\/p>\n","protected":false},"featured_media":11354,"template":"","meta":{"wds_primary_product_brand":0,"wds_primary_product_cat":0,"wds_primary_maison_dedition":0},"product_brand":[],"product_cat":[560,583,538],"product_tag":[],"maison_dedition":[541],"class_list":{"0":"post-11356","1":"product","2":"type-product","3":"status-publish","4":"has-post-thumbnail","6":"product_cat-3-5-ans","7":"product_cat-imagiers","8":"product_cat-jeunesse","9":"pa_auteur-collectif","10":"maison_dedition-les-editions-coup-doeil","12":"first","13":"instock","14":"taxable","15":"shipping-taxable","16":"purchasable","17":"product-type-variable"},"bundled_by":[],"bundle_stock_status":"instock","bundle_stock_quantity":null,"bundle_virtual":false,"bundle_layout":"","bundle_add_to_cart_form_location":"","bundle_editable_in_cart":false,"bundle_sold_individually_context":"","bundle_item_grouping":"","bundle_min_size":"","bundle_max_size":"","bundle_price":[],"bundled_items":[],"bundle_sell_ids":[],"acf":[],"_links":{"self":[{"href":"https:\/\/goelette.ca\/en\/wp-json\/wp\/v2\/product\/11356","targetHints":{"allow":["GET"]}}],"collection":[{"href":"https:\/\/goelette.ca\/en\/wp-json\/wp\/v2\/product"}],"about":[{"href":"https:\/\/goelette.ca\/en\/wp-json\/wp\/v2\/types\/product"}],"wp:featuredmedia":[{"embeddable":true,"href":"https:\/\/goelette.ca\/en\/wp-json\/wp\/v2\/media\/11354"}],"wp:attachment":[{"href":"https:\/\/goelette.ca\/en\/wp-json\/wp\/v2\/media?parent=11356"}],"wp:term":[{"taxonomy":"product_brand","embeddable":true,"href":"https:\/\/goelette.ca\/en\/wp-json\/wp\/v2\/product_brand?post=11356"},{"taxonomy":"product_cat","embeddable":true,"href":"https:\/\/goelette.ca\/en\/wp-json\/wp\/v2\/product_cat?post=11356"},{"taxonomy":"product_tag","embeddable":true,"href":"https:\/\/goelette.ca\/en\/wp-json\/wp\/v2\/product_tag?post=11356"},{"taxonomy":"maison_dedition","embeddable":true,"href":"https:\/\/goelette.ca\/en\/wp-json\/wp\/v2\/maison_dedition?post=11356"}],"curies":[{"name":"wp","href":"https:\/\/api.w.org\/{rel}","templated":true}]}}