{"id":112739,"date":"2024-05-14T13:52:24","date_gmt":"2024-05-14T17:52:24","guid":{"rendered":"https:\/\/goelette.ca\/?post_type=product&#038;p=112739"},"modified":"2024-05-23T13:10:31","modified_gmt":"2024-05-23T17:10:31","slug":"le-secret-de-dieu-tome-3-les-enfants-sacrifies","status":"publish","type":"product","link":"https:\/\/goelette.ca\/en\/tous-les-livres\/le-secret-de-dieu-tome-3-les-enfants-sacrifies\/","title":{"rendered":"Le Secret de Dieu Tome 3 &#8211; Les enfants sacrifi\u00e9s"},"content":{"rendered":"<p>Alors que d\u2019anciens volcans entrent partout en \u00e9ruption et qu\u2019une catastrophe mondiale menace l\u2019humanit\u00e9 tout enti\u00e8re, l\u2019agente sp\u00e9ciale Kristen Vale et son compagnon historien et cryptologue, Quentin DeFoix, sont lanc\u00e9s dans une mission pour retrouver les seules personnes qui peuvent emp\u00eacher les cataclysmes, la science \u00e9tant impuissante devant l\u2019ampleur des ph\u00e9nom\u00e8nes g\u00e9ologiques. Le propre neveu de Kristen fait partie de ces enfants-dieu surdou\u00e9s, mais il est enlev\u00e9 et condamn\u00e9 \u00e0 mourir sur une croix dans les jours suivants, le Vendredi saint, par une secte adoratrice de Ca\u00efn pratiquant les sacrifices humains.<\/p>\n<p>Du Japon au Vatican, des sous-sols du Centre Bell \u00e0 Montr\u00e9al au monast\u00e8re de Montserrat visit\u00e9 par Himmler peu apr\u00e8s la guerre d\u2019Espagne, du plus grand spa d\u2019Europe \u00e0 Andorre jusqu\u2019aux temples enfouis sous le d\u00e9sert \u00e9gyptien et aux c\u00e9notes sacr\u00e9s des Mayas du Yucat\u00e1n,<em> Le Secret de Dieu<\/em> nous entra\u00eene dans un r\u00e9cit palpitant o\u00f9 le terrorisme religieux se m\u00eale d\u2019ambitions corporatives, o\u00f9 les ennemis peuvent cacher des alli\u00e9s inattendus et o\u00f9 la v\u00e9ritable nature de Dieu se r\u00e9v\u00e8le peut-\u00eatre plus pr\u00e8s de nous qu\u2019on peut le penser.<\/p>\n","protected":false},"excerpt":{"rendered":"<p>Alors que d\u2019anciens volcans entrent partout en \u00e9ruption et qu\u2019une catastrophe mondiale menace l\u2019humanit\u00e9 tout enti\u00e8re, l\u2019agente sp\u00e9ciale Kristen Vale et son compagnon historien et cryptologue, Quentin DeFoix, sont lanc\u00e9s dans une mission pour retrouver les seules personnes qui peuvent emp\u00eacher les cataclysmes, la science \u00e9tant impuissante devant l\u2019ampleur des ph\u00e9nom\u00e8nes g\u00e9ologiques. Le propre neveu [&hellip;]<\/p>\n","protected":false},"featured_media":112743,"template":"","meta":{"wds_primary_product_brand":0,"wds_primary_product_cat":0,"wds_primary_maison_dedition":0},"product_brand":[],"product_cat":[546,542],"product_tag":[],"maison_dedition":[630],"class_list":{"0":"post-112739","1":"product","2":"type-product","3":"status-publish","4":"has-post-thumbnail","6":"product_cat-policier-thriller","7":"product_cat-roman","8":"pa_auteur-yves-laliberte","9":"maison_dedition-les-editions-goelette","11":"first","12":"instock","13":"taxable","14":"shipping-taxable","15":"purchasable","16":"product-type-variable","17":"has-default-attributes"},"bundled_by":[],"bundle_stock_status":"instock","bundle_stock_quantity":null,"bundle_virtual":false,"bundle_layout":"","bundle_add_to_cart_form_location":"","bundle_editable_in_cart":false,"bundle_sold_individually_context":"","bundle_item_grouping":"","bundle_min_size":"","bundle_max_size":"","bundle_price":[],"bundled_items":[],"bundle_sell_ids":[],"acf":[],"_links":{"self":[{"href":"https:\/\/goelette.ca\/en\/wp-json\/wp\/v2\/product\/112739","targetHints":{"allow":["GET"]}}],"collection":[{"href":"https:\/\/goelette.ca\/en\/wp-json\/wp\/v2\/product"}],"about":[{"href":"https:\/\/goelette.ca\/en\/wp-json\/wp\/v2\/types\/product"}],"wp:featuredmedia":[{"embeddable":true,"href":"https:\/\/goelette.ca\/en\/wp-json\/wp\/v2\/media\/112743"}],"wp:attachment":[{"href":"https:\/\/goelette.ca\/en\/wp-json\/wp\/v2\/media?parent=112739"}],"wp:term":[{"taxonomy":"product_brand","embeddable":true,"href":"https:\/\/goelette.ca\/en\/wp-json\/wp\/v2\/product_brand?post=112739"},{"taxonomy":"product_cat","embeddable":true,"href":"https:\/\/goelette.ca\/en\/wp-json\/wp\/v2\/product_cat?post=112739"},{"taxonomy":"product_tag","embeddable":true,"href":"https:\/\/goelette.ca\/en\/wp-json\/wp\/v2\/product_tag?post=112739"},{"taxonomy":"maison_dedition","embeddable":true,"href":"https:\/\/goelette.ca\/en\/wp-json\/wp\/v2\/maison_dedition?post=112739"}],"curies":[{"name":"wp","href":"https:\/\/api.w.org\/{rel}","templated":true}]}}