{"id":11245,"date":"2018-12-19T01:00:00","date_gmt":"2021-10-04T18:49:18","guid":{"rendered":"https:\/\/www.goelette.ca\/produit\/histoires-erotiques-pour-une-nuit-sans-sommeil\/"},"modified":"2025-10-03T09:13:47","modified_gmt":"2025-10-03T13:13:47","slug":"histoires-erotiques-pour-une-nuit-sans-sommeil","status":"publish","type":"product","link":"https:\/\/goelette.ca\/en\/tous-les-livres\/histoires-erotiques-pour-une-nuit-sans-sommeil\/","title":{"rendered":"Histoires \u00e9rotiques pour une nuit sans sommeil"},"content":{"rendered":"<p style=\"text-align: center;\"><span style=\"color: #ff0000;\">EXCLUSIF \u00c0 LA BOUTIQUE !<\/span><\/p>\n<p>Ces 24 nouvelles \u00e9rotiques vous feront chavirer de plaisir, car tous les d\u00e9sirs y sont explor\u00e9s&#8230; et permis. Chaque histoire vous invite \u00e0 go\u00fbter au fruit d\u00e9fendu, aux m\u00e9andres de l&#8217;\u00e9rotisme ainsi qu&#8217;\u00e0 l&#8217;onctuosit\u00e9 de la tentation. Laissez-vous s\u00e9duire par cette vari\u00e9t\u00e9 de fantasmes de tous genres et de toutes formes qui vous exciteront, en toute intimit\u00e9. Les lieux de vos r\u00eaves les plus fous y seront visit\u00e9s et sauront peut-\u00eatre m\u00eame vous inspirer&#8230;<\/p>\n<p>S\u00e9duction, sensualit\u00e9 et amour ardent sont au rendez-vous. Il ne manque que vous&#8230;<\/p>\n","protected":false},"excerpt":{"rendered":"<p>EXCLUSIF \u00c0 LA BOUTIQUE ! Ces 24 nouvelles \u00e9rotiques vous feront chavirer de plaisir, car tous les d\u00e9sirs y sont explor\u00e9s&#8230; et permis. Chaque histoire vous invite \u00e0 go\u00fbter au fruit d\u00e9fendu, aux m\u00e9andres de l&#8217;\u00e9rotisme ainsi qu&#8217;\u00e0 l&#8217;onctuosit\u00e9 de la tentation. Laissez-vous s\u00e9duire par cette vari\u00e9t\u00e9 de fantasmes de tous genres et de toutes [&hellip;]<\/p>\n","protected":false},"featured_media":11243,"template":"","meta":{"wds_primary_product_brand":0,"wds_primary_product_cat":0,"wds_primary_maison_dedition":0},"product_brand":[],"product_cat":[564,542,585],"product_tag":[],"maison_dedition":[541],"class_list":{"0":"post-11245","1":"product","2":"type-product","3":"status-publish","4":"has-post-thumbnail","6":"product_cat-recueil-de-nouvelles","7":"product_cat-roman","8":"product_cat-romance","9":"pa_auteur-eric-esse","10":"maison_dedition-les-editions-coup-doeil","12":"first","13":"instock","14":"taxable","15":"shipping-taxable","16":"purchasable","17":"product-type-variable"},"bundled_by":[],"bundle_stock_status":"instock","bundle_stock_quantity":null,"bundle_virtual":false,"bundle_layout":"","bundle_add_to_cart_form_location":"","bundle_editable_in_cart":false,"bundle_sold_individually_context":"","bundle_item_grouping":"","bundle_min_size":"","bundle_max_size":"","bundle_price":[],"bundled_items":[],"bundle_sell_ids":[],"acf":[],"_links":{"self":[{"href":"https:\/\/goelette.ca\/en\/wp-json\/wp\/v2\/product\/11245","targetHints":{"allow":["GET"]}}],"collection":[{"href":"https:\/\/goelette.ca\/en\/wp-json\/wp\/v2\/product"}],"about":[{"href":"https:\/\/goelette.ca\/en\/wp-json\/wp\/v2\/types\/product"}],"wp:featuredmedia":[{"embeddable":true,"href":"https:\/\/goelette.ca\/en\/wp-json\/wp\/v2\/media\/11243"}],"wp:attachment":[{"href":"https:\/\/goelette.ca\/en\/wp-json\/wp\/v2\/media?parent=11245"}],"wp:term":[{"taxonomy":"product_brand","embeddable":true,"href":"https:\/\/goelette.ca\/en\/wp-json\/wp\/v2\/product_brand?post=11245"},{"taxonomy":"product_cat","embeddable":true,"href":"https:\/\/goelette.ca\/en\/wp-json\/wp\/v2\/product_cat?post=11245"},{"taxonomy":"product_tag","embeddable":true,"href":"https:\/\/goelette.ca\/en\/wp-json\/wp\/v2\/product_tag?post=11245"},{"taxonomy":"maison_dedition","embeddable":true,"href":"https:\/\/goelette.ca\/en\/wp-json\/wp\/v2\/maison_dedition?post=11245"}],"curies":[{"name":"wp","href":"https:\/\/api.w.org\/{rel}","templated":true}]}}