{"id":11242,"date":"2021-07-09T01:00:00","date_gmt":"2021-10-04T18:49:16","guid":{"rendered":"https:\/\/www.goelette.ca\/produit\/lart-de-seduire\/"},"modified":"2024-01-23T13:32:24","modified_gmt":"2024-01-23T18:32:24","slug":"lart-de-seduire","status":"publish","type":"product","link":"https:\/\/goelette.ca\/en\/tous-les-livres\/lart-de-seduire\/","title":{"rendered":"L&#8217;art de s\u00e9duire"},"content":{"rendered":"<p>Qu\u2019y a-t-il de plus doux et merveilleux que l\u2019amour\u2026 ?<br \/>Rien. Cependant, ce magnifique sentiment repose sur<br \/>un art bien particulier : celui de la s\u00e9duction.<br \/>Ce livre contient une foule de conseils pr\u00e9cieux pour bien<br \/>utiliser ce myst\u00e9rieux pouvoir. Gr\u00e2ce \u00e0 de nombreux trucs,<br \/>d\u00e9couvrez comment jouer ad\u00e9quatement de vos charmes<br \/>pour approcher les autres, que ce soit par votre<br \/>langage corporel ou vos conversations.<br \/>Apprenez comment d\u00e9velopper l\u2019art de s\u00e9duire<br \/>et de plaire pour une nuit ou\u2026 toute la vie.<\/p>\n","protected":false},"excerpt":{"rendered":"<p>Qu\u2019y a-t-il de plus doux et merveilleux que l\u2019amour\u2026 ?Rien. Cependant, ce magnifique sentiment repose surun art bien particulier : celui de la s\u00e9duction.Ce livre contient une foule de conseils pr\u00e9cieux pour bienutiliser ce myst\u00e9rieux pouvoir. Gr\u00e2ce \u00e0 de nombreux trucs,d\u00e9couvrez comment jouer ad\u00e9quatement de vos charmespour approcher les autres, que ce soit par votrelangage [&hellip;]<\/p>\n","protected":false},"featured_media":11240,"template":"","meta":{"wds_primary_product_brand":0,"wds_primary_product_cat":0,"wds_primary_maison_dedition":0},"product_brand":[],"product_cat":[592,557],"product_tag":[],"maison_dedition":[541],"class_list":{"0":"post-11242","1":"product","2":"type-product","3":"status-publish","4":"has-post-thumbnail","6":"product_cat-croissance-personnelle-pratique","7":"product_cat-pratique","8":"pa_auteur-justine-chirac","9":"maison_dedition-les-editions-coup-doeil","11":"first","12":"instock","13":"taxable","14":"shipping-taxable","15":"purchasable","16":"product-type-variable"},"bundled_by":[],"bundle_stock_status":"instock","bundle_stock_quantity":null,"bundle_virtual":false,"bundle_layout":"","bundle_add_to_cart_form_location":"","bundle_editable_in_cart":false,"bundle_sold_individually_context":"","bundle_item_grouping":"","bundle_min_size":"","bundle_max_size":"","bundle_price":[],"bundled_items":[],"bundle_sell_ids":[],"acf":[],"_links":{"self":[{"href":"https:\/\/goelette.ca\/en\/wp-json\/wp\/v2\/product\/11242","targetHints":{"allow":["GET"]}}],"collection":[{"href":"https:\/\/goelette.ca\/en\/wp-json\/wp\/v2\/product"}],"about":[{"href":"https:\/\/goelette.ca\/en\/wp-json\/wp\/v2\/types\/product"}],"wp:featuredmedia":[{"embeddable":true,"href":"https:\/\/goelette.ca\/en\/wp-json\/wp\/v2\/media\/11240"}],"wp:attachment":[{"href":"https:\/\/goelette.ca\/en\/wp-json\/wp\/v2\/media?parent=11242"}],"wp:term":[{"taxonomy":"product_brand","embeddable":true,"href":"https:\/\/goelette.ca\/en\/wp-json\/wp\/v2\/product_brand?post=11242"},{"taxonomy":"product_cat","embeddable":true,"href":"https:\/\/goelette.ca\/en\/wp-json\/wp\/v2\/product_cat?post=11242"},{"taxonomy":"product_tag","embeddable":true,"href":"https:\/\/goelette.ca\/en\/wp-json\/wp\/v2\/product_tag?post=11242"},{"taxonomy":"maison_dedition","embeddable":true,"href":"https:\/\/goelette.ca\/en\/wp-json\/wp\/v2\/maison_dedition?post=11242"}],"curies":[{"name":"wp","href":"https:\/\/api.w.org\/{rel}","templated":true}]}}