{"id":11236,"date":"2018-12-19T01:00:00","date_gmt":"2021-10-04T18:49:12","guid":{"rendered":"https:\/\/www.goelette.ca\/produit\/dictionnaire-des-deesses-des-dieux-et-des-creatures-magiques\/"},"modified":"2022-02-18T16:15:18","modified_gmt":"2022-02-18T21:15:18","slug":"dictionnaire-des-deesses-des-dieux-et-des-creatures-magiques","status":"publish","type":"product","link":"https:\/\/goelette.ca\/en\/tous-les-livres\/dictionnaire-des-deesses-des-dieux-et-des-creatures-magiques\/","title":{"rendered":"Dictionnaire des d\u00e9esses, des dieux et des cr\u00e9atures magiques"},"content":{"rendered":"<p style=\"text-align: center;\"><span style=\"color: #ff0000;\">EXCLUSIF \u00c0 LA BOUTIQUE !<\/span><\/p>\n<p>Que vous soyez un ma\u00eetre de l&#8217;art occulte ou que vous cherchiez simplement \u00e0 en savoir davantage sur les d\u00e9esses, les dieux et les \u00eatres magiques qui nous entourent, ce livre vous servira de guide. Class\u00e9s de fa\u00e7on \u00e0 ce que vous puissiez vous y retrouver rapidement, les noms des dieux et d\u00e9esses. des cr\u00e9atures magiques et des anges gardiens y sont r\u00e9pertori\u00e9s. Les propri\u00e9t\u00e9s \u00e9sot\u00e9riques ainsi que l&#8217;origine de chaque \u00eatre magique sont r\u00e9sum\u00e9es et interpr\u00e9t\u00e9es pour vous en faciliter la compr\u00e9hension.<\/p>\n<p>Bref, vous y d\u00e9nicherez toutes les informations n\u00e9cessaires pour agr\u00e9menter vos s\u00e9ances de spiritisme, pour vous prot\u00e9ger des cr\u00e9atures mauvaises ou pour savoir \u00e0 quelle divinit\u00e9 faire appel.<\/p>\n<p>Plongez dans l&#8217;univers surnaturel des \u00eates invisibles de l&#8217;autre monde.<\/p>\n","protected":false},"excerpt":{"rendered":"<p>EXCLUSIF \u00c0 LA BOUTIQUE ! Que vous soyez un ma\u00eetre de l&#8217;art occulte ou que vous cherchiez simplement \u00e0 en savoir davantage sur les d\u00e9esses, les dieux et les \u00eatres magiques qui nous entourent, ce livre vous servira de guide. Class\u00e9s de fa\u00e7on \u00e0 ce que vous puissiez vous y retrouver rapidement, les noms des [&hellip;]<\/p>\n","protected":false},"featured_media":11234,"template":"","meta":{"wds_primary_product_brand":0,"wds_primary_product_cat":0,"wds_primary_maison_dedition":0},"product_brand":[],"product_cat":[581],"product_tag":[],"maison_dedition":[541],"class_list":{"0":"post-11236","1":"product","2":"type-product","3":"status-publish","4":"has-post-thumbnail","6":"product_cat-esoterisme","7":"pa_auteur-collectif","8":"maison_dedition-les-editions-coup-doeil","10":"first","11":"instock","12":"taxable","13":"shipping-taxable","14":"purchasable","15":"product-type-variable"},"bundled_by":[],"bundle_stock_status":"instock","bundle_stock_quantity":null,"bundle_virtual":false,"bundle_layout":"","bundle_add_to_cart_form_location":"","bundle_editable_in_cart":false,"bundle_sold_individually_context":"","bundle_item_grouping":"","bundle_min_size":"","bundle_max_size":"","bundle_price":[],"bundled_items":[],"bundle_sell_ids":[],"acf":[],"_links":{"self":[{"href":"https:\/\/goelette.ca\/en\/wp-json\/wp\/v2\/product\/11236","targetHints":{"allow":["GET"]}}],"collection":[{"href":"https:\/\/goelette.ca\/en\/wp-json\/wp\/v2\/product"}],"about":[{"href":"https:\/\/goelette.ca\/en\/wp-json\/wp\/v2\/types\/product"}],"wp:featuredmedia":[{"embeddable":true,"href":"https:\/\/goelette.ca\/en\/wp-json\/wp\/v2\/media\/11234"}],"wp:attachment":[{"href":"https:\/\/goelette.ca\/en\/wp-json\/wp\/v2\/media?parent=11236"}],"wp:term":[{"taxonomy":"product_brand","embeddable":true,"href":"https:\/\/goelette.ca\/en\/wp-json\/wp\/v2\/product_brand?post=11236"},{"taxonomy":"product_cat","embeddable":true,"href":"https:\/\/goelette.ca\/en\/wp-json\/wp\/v2\/product_cat?post=11236"},{"taxonomy":"product_tag","embeddable":true,"href":"https:\/\/goelette.ca\/en\/wp-json\/wp\/v2\/product_tag?post=11236"},{"taxonomy":"maison_dedition","embeddable":true,"href":"https:\/\/goelette.ca\/en\/wp-json\/wp\/v2\/maison_dedition?post=11236"}],"curies":[{"name":"wp","href":"https:\/\/api.w.org\/{rel}","templated":true}]}}