{"id":11230,"date":"2019-02-25T01:00:00","date_gmt":"2021-10-04T18:49:04","guid":{"rendered":"https:\/\/www.goelette.ca\/produit\/astrologies-du-monde\/"},"modified":"2022-02-18T16:15:15","modified_gmt":"2022-02-18T21:15:15","slug":"astrologies-du-monde","status":"publish","type":"product","link":"https:\/\/goelette.ca\/en\/tous-les-livres\/astrologies-du-monde\/","title":{"rendered":"Astrologies du monde"},"content":{"rendered":"<p style=\"text-align: justify;\"><span style=\"font-size: 12px;\"> <span style=\"color: #ff0000;\">Exclusif \u00e0 la boutique !<\/span><\/span><\/p>\n<p style=\"text-align: justify;\"><span style=\"font-size: 12px;\">L\u2019astrologie s\u2019est depuis longtemps impos\u00e9e comme un incontournable dans notre quotidien. Malgr\u00e9 notre connaissance de cette pratique bas\u00e9e sur l\u2019influence des astres sur notre devenir, nous nous limitons g\u00e9n\u00e9ralement \u00e0 l\u2019astrologie occidentale. N\u2019y aurait-il pas d\u2019autres horizons \u00e0 explorer ? Ce livre vous propose de d\u00e9couvrir 10 arts divinatoires anciens et modernes, issus de diff\u00e9rentes cultures. De l\u2019astrologie africaine \u00e0 l\u2019astrologie celtique, en passant par l\u2019\u00e9gyptienne, la tib\u00e9taine et plusieurs autres, approfondissez votre connaissance de vos diff\u00e9rents signes. Cet ouvrage, bien loin de n\u2019\u00eatre qu\u2019un banal livre mystique, est un merveilleux voyage sous d\u2019autres&#8230; cieux !<\/span><\/p>\n<p style=\"text-align: justify;\"><span style=\"font-size: 12px;\"> <\/span><\/p>\n<p style=\"text-align: justify;\"><strong><span style=\"font-size: 12px;\">Laissez-vous surprendre par ce que les astrologies du monde r\u00e9v\u00e8lent sur vous !<\/span><\/strong><\/p>\n","protected":false},"excerpt":{"rendered":"<p>Exclusif \u00e0 la boutique ! L\u2019astrologie s\u2019est depuis longtemps impos\u00e9e comme un incontournable dans notre quotidien. Malgr\u00e9 notre connaissance de cette pratique bas\u00e9e sur l\u2019influence des astres sur notre devenir, nous nous limitons g\u00e9n\u00e9ralement \u00e0 l\u2019astrologie occidentale. N\u2019y aurait-il pas d\u2019autres horizons \u00e0 explorer ? Ce livre vous propose de d\u00e9couvrir 10 arts divinatoires anciens [&hellip;]<\/p>\n","protected":false},"featured_media":11228,"template":"","meta":{"wds_primary_product_brand":0,"wds_primary_product_cat":0,"wds_primary_maison_dedition":0},"product_brand":[],"product_cat":[581],"product_tag":[],"maison_dedition":[541],"class_list":{"0":"post-11230","1":"product","2":"type-product","3":"status-publish","4":"has-post-thumbnail","6":"product_cat-esoterisme","7":"pa_auteur-collectif","8":"maison_dedition-les-editions-coup-doeil","10":"first","11":"instock","12":"taxable","13":"shipping-taxable","14":"purchasable","15":"product-type-variable"},"bundled_by":[],"bundle_stock_status":"instock","bundle_stock_quantity":null,"bundle_virtual":false,"bundle_layout":"","bundle_add_to_cart_form_location":"","bundle_editable_in_cart":false,"bundle_sold_individually_context":"","bundle_item_grouping":"","bundle_min_size":"","bundle_max_size":"","bundle_price":[],"bundled_items":[],"bundle_sell_ids":[],"acf":[],"_links":{"self":[{"href":"https:\/\/goelette.ca\/en\/wp-json\/wp\/v2\/product\/11230","targetHints":{"allow":["GET"]}}],"collection":[{"href":"https:\/\/goelette.ca\/en\/wp-json\/wp\/v2\/product"}],"about":[{"href":"https:\/\/goelette.ca\/en\/wp-json\/wp\/v2\/types\/product"}],"wp:featuredmedia":[{"embeddable":true,"href":"https:\/\/goelette.ca\/en\/wp-json\/wp\/v2\/media\/11228"}],"wp:attachment":[{"href":"https:\/\/goelette.ca\/en\/wp-json\/wp\/v2\/media?parent=11230"}],"wp:term":[{"taxonomy":"product_brand","embeddable":true,"href":"https:\/\/goelette.ca\/en\/wp-json\/wp\/v2\/product_brand?post=11230"},{"taxonomy":"product_cat","embeddable":true,"href":"https:\/\/goelette.ca\/en\/wp-json\/wp\/v2\/product_cat?post=11230"},{"taxonomy":"product_tag","embeddable":true,"href":"https:\/\/goelette.ca\/en\/wp-json\/wp\/v2\/product_tag?post=11230"},{"taxonomy":"maison_dedition","embeddable":true,"href":"https:\/\/goelette.ca\/en\/wp-json\/wp\/v2\/maison_dedition?post=11230"}],"curies":[{"name":"wp","href":"https:\/\/api.w.org\/{rel}","templated":true}]}}