{"id":11221,"date":"2023-11-01T01:00:00","date_gmt":"2023-11-01T05:00:00","guid":{"rendered":"https:\/\/www.goelette.ca\/produit\/la-cachette-des-papillons\/"},"modified":"2025-05-15T13:32:30","modified_gmt":"2025-05-15T17:32:30","slug":"la-cachette-des-papillons","status":"publish","type":"product","link":"https:\/\/goelette.ca\/en\/tous-les-livres\/la-cachette-des-papillons\/","title":{"rendered":"La cachette des papillons"},"content":{"rendered":"<p>O\u00f9 sont les fr\u00e8res d&#8217;\u00c9lio ? Le jeune monarque vient tout juste de sortir de son cocon, et ceux-ci ne sont pas \u00e0 ses c\u00f4t\u00e9s. \u00c0 quel endroit pourra-t-il retrouver les siens ? Elio n&#8217;en a aucune id\u00e9e. Peut-\u00eatre que les autres animaux pourront le renseigner &#8230;<\/p>\n","protected":false},"excerpt":{"rendered":"<p>O\u00f9 sont les fr\u00e8res d&#8217;\u00c9lio ? Le jeune monarque vient tout juste de sortir de son cocon, et ceux-ci ne sont pas \u00e0 ses c\u00f4t\u00e9s. \u00c0 quel endroit pourra-t-il retrouver les siens ? Elio n&#8217;en a aucune id\u00e9e. Peut-\u00eatre que les autres animaux pourront le renseigner &#8230;<\/p>\n","protected":false},"featured_media":72497,"template":"","meta":{"wds_primary_product_brand":0,"wds_primary_product_cat":0,"wds_primary_maison_dedition":0},"product_brand":[],"product_cat":[540,560,578,538],"product_tag":[],"maison_dedition":[541,584],"class_list":{"0":"post-11221","1":"product","2":"type-product","3":"status-publish","4":"has-post-thumbnail","6":"product_cat-0-2-ans","7":"product_cat-3-5-ans","8":"product_cat-albums-illustres","9":"product_cat-jeunesse","10":"pa_auteur-valerie-gagne","11":"pa_illustrateur-laure-phelipon","12":"maison_dedition-les-editions-coup-doeil","13":"maison_dedition-petites-lectures","15":"first","16":"instock","17":"taxable","18":"shipping-taxable","19":"purchasable","20":"product-type-variable","21":"has-default-attributes"},"bundled_by":[],"bundle_stock_status":"instock","bundle_stock_quantity":null,"bundle_virtual":false,"bundle_layout":"","bundle_add_to_cart_form_location":"","bundle_editable_in_cart":false,"bundle_sold_individually_context":"","bundle_item_grouping":"","bundle_min_size":"","bundle_max_size":"","bundle_price":[],"bundled_items":[],"bundle_sell_ids":[],"acf":[],"_links":{"self":[{"href":"https:\/\/goelette.ca\/en\/wp-json\/wp\/v2\/product\/11221","targetHints":{"allow":["GET"]}}],"collection":[{"href":"https:\/\/goelette.ca\/en\/wp-json\/wp\/v2\/product"}],"about":[{"href":"https:\/\/goelette.ca\/en\/wp-json\/wp\/v2\/types\/product"}],"wp:featuredmedia":[{"embeddable":true,"href":"https:\/\/goelette.ca\/en\/wp-json\/wp\/v2\/media\/72497"}],"wp:attachment":[{"href":"https:\/\/goelette.ca\/en\/wp-json\/wp\/v2\/media?parent=11221"}],"wp:term":[{"taxonomy":"product_brand","embeddable":true,"href":"https:\/\/goelette.ca\/en\/wp-json\/wp\/v2\/product_brand?post=11221"},{"taxonomy":"product_cat","embeddable":true,"href":"https:\/\/goelette.ca\/en\/wp-json\/wp\/v2\/product_cat?post=11221"},{"taxonomy":"product_tag","embeddable":true,"href":"https:\/\/goelette.ca\/en\/wp-json\/wp\/v2\/product_tag?post=11221"},{"taxonomy":"maison_dedition","embeddable":true,"href":"https:\/\/goelette.ca\/en\/wp-json\/wp\/v2\/maison_dedition?post=11221"}],"curies":[{"name":"wp","href":"https:\/\/api.w.org\/{rel}","templated":true}]}}