{"id":11203,"date":"2020-10-01T01:00:00","date_gmt":"2020-10-01T05:00:00","guid":{"rendered":"https:\/\/www.goelette.ca\/produit\/les-fables-de-la-fontaine-2\/"},"modified":"2023-12-06T15:47:44","modified_gmt":"2023-12-06T20:47:44","slug":"les-fables-de-la-fontaine-2","status":"publish","type":"product","link":"https:\/\/goelette.ca\/en\/tous-les-livres\/les-fables-de-la-fontaine-2\/","title":{"rendered":"Les Fables de La Fontaine"},"content":{"rendered":"<p>Chaque fable inclut le texte classique et une version adapt\u00e9e aux enfants.<\/p>\n<p>Fa\u00eetes d\u00e9couvrir \u00e0 votre enfant les 20 plus belles fables de Jean de La Fontaine !<\/p>\n<p>Vous prendrez plaisir \u00e0 lire le texte original de La Fontaine, puis \u00e0 red\u00e9couvrir l&#8217;histoire en famille gr\u00e2ce \u00e0 une version con\u00e7ue sp\u00e9cialement pour les enfants !<\/p>\n","protected":false},"excerpt":{"rendered":"<p>Chaque fable inclut le texte classique et une version adapt\u00e9e aux enfants. Fa\u00eetes d\u00e9couvrir \u00e0 votre enfant les 20 plus belles fables de Jean de La Fontaine ! Vous prendrez plaisir \u00e0 lire le texte original de La Fontaine, puis \u00e0 red\u00e9couvrir l&#8217;histoire en famille gr\u00e2ce \u00e0 une version con\u00e7ue sp\u00e9cialement pour les enfants !<\/p>\n","protected":false},"featured_media":11201,"template":"","meta":{"wds_primary_product_brand":0,"wds_primary_product_cat":0,"wds_primary_maison_dedition":0},"product_brand":[],"product_cat":[555,578,538],"product_tag":[],"maison_dedition":[541],"class_list":{"0":"post-11203","1":"product","2":"type-product","3":"status-publish","4":"has-post-thumbnail","6":"product_cat-6-ans-et-plus","7":"product_cat-albums-illustres","8":"product_cat-jeunesse","9":"pa_auteur-collectif","10":"maison_dedition-les-editions-coup-doeil","12":"first","13":"instock","14":"taxable","15":"shipping-taxable","16":"purchasable","17":"product-type-variable"},"bundled_by":[],"bundle_stock_status":"instock","bundle_stock_quantity":null,"bundle_virtual":false,"bundle_layout":"","bundle_add_to_cart_form_location":"","bundle_editable_in_cart":false,"bundle_sold_individually_context":"","bundle_item_grouping":"","bundle_min_size":"","bundle_max_size":"","bundle_price":[],"bundled_items":[],"bundle_sell_ids":[],"acf":[],"_links":{"self":[{"href":"https:\/\/goelette.ca\/en\/wp-json\/wp\/v2\/product\/11203","targetHints":{"allow":["GET"]}}],"collection":[{"href":"https:\/\/goelette.ca\/en\/wp-json\/wp\/v2\/product"}],"about":[{"href":"https:\/\/goelette.ca\/en\/wp-json\/wp\/v2\/types\/product"}],"wp:featuredmedia":[{"embeddable":true,"href":"https:\/\/goelette.ca\/en\/wp-json\/wp\/v2\/media\/11201"}],"wp:attachment":[{"href":"https:\/\/goelette.ca\/en\/wp-json\/wp\/v2\/media?parent=11203"}],"wp:term":[{"taxonomy":"product_brand","embeddable":true,"href":"https:\/\/goelette.ca\/en\/wp-json\/wp\/v2\/product_brand?post=11203"},{"taxonomy":"product_cat","embeddable":true,"href":"https:\/\/goelette.ca\/en\/wp-json\/wp\/v2\/product_cat?post=11203"},{"taxonomy":"product_tag","embeddable":true,"href":"https:\/\/goelette.ca\/en\/wp-json\/wp\/v2\/product_tag?post=11203"},{"taxonomy":"maison_dedition","embeddable":true,"href":"https:\/\/goelette.ca\/en\/wp-json\/wp\/v2\/maison_dedition?post=11203"}],"curies":[{"name":"wp","href":"https:\/\/api.w.org\/{rel}","templated":true}]}}