{"id":11200,"date":"2023-08-02T20:25:00","date_gmt":"2023-08-03T00:25:00","guid":{"rendered":"https:\/\/www.goelette.ca\/produit\/dreamwalkers-t-3\/"},"modified":"2023-08-02T21:01:08","modified_gmt":"2023-08-03T01:01:08","slug":"dreamwalkers-t-3","status":"publish","type":"product","link":"https:\/\/goelette.ca\/en\/tous-les-livres\/dreamwalkers-t-3\/","title":{"rendered":"Dreamwalkers TOME 3 Le forgeron du destin"},"content":{"rendered":"<p>Sam est inquiet. L\u2019\u00e9tat de Jeremy se d\u00e9grade rapidement. Le jeune homme est tourment\u00e9 par des cauchemars chaque fois qu\u2019il ferme les yeux. Serait-ce d\u00fb \u00e0 la pr\u00e9sence de l\u2019Ancien, qui continue de sommeiller dans un coin de son esprit? Sam a peur de ce qui pourrait arriver \u00e0 son ami s\u2019il n\u2019agit pas rapidement. Il n\u2019a d\u2019autre choix que de lib\u00e9rer l\u2019entit\u00e9 qui empoisonne le gar\u00e7on petit \u00e0 petit avant que celle-ci ne finisse par s\u2019emparer de sa vie. Se pr\u00e9parant une nouvelle fois \u00e0 faire face \u00e0 l\u2019Ancien, Sam se mesure \u00e0 un groupe de fanatiques, qui tente de ramener l\u2019entit\u00e9 \u00e0 sa puissance originelle. Il n\u2019a plus le choix\u2026 Il doit \u00e9liminer ce vieil ennemi et mettre fin \u00e0 une guerre qui fait rage et dont l\u2019humanit\u00e9 sera la premi\u00e8re victime. Mais est-il vraiment possible de vaincre un adversaire immortel?<\/p>\n","protected":false},"excerpt":{"rendered":"<p>Sam est inquiet. L\u2019\u00e9tat de Jeremy se d\u00e9grade rapidement. Le jeune homme est tourment\u00e9 par des cauchemars chaque fois qu\u2019il ferme les yeux. Serait-ce d\u00fb \u00e0 la pr\u00e9sence de l\u2019Ancien, qui continue de sommeiller dans un coin de son esprit? Sam a peur de ce qui pourrait arriver \u00e0 son ami s\u2019il n\u2019agit pas rapidement. [&hellip;]<\/p>\n","protected":false},"featured_media":57218,"template":"","meta":{"wds_primary_product_brand":0,"wds_primary_product_cat":0,"wds_primary_maison_dedition":0},"product_brand":[],"product_cat":[601,542,602],"product_tag":[],"maison_dedition":[630],"class_list":{"0":"post-11200","1":"product","2":"type-product","3":"status-publish","4":"has-post-thumbnail","6":"product_cat-fantaisie","7":"product_cat-roman","8":"product_cat-science-fiction","9":"pa_auteur-alain-lafond","10":"maison_dedition-les-editions-goelette","12":"first","13":"instock","14":"taxable","15":"shipping-taxable","16":"purchasable","17":"product-type-variable","18":"has-default-attributes"},"bundled_by":[],"bundle_stock_status":"instock","bundle_stock_quantity":null,"bundle_virtual":false,"bundle_layout":"","bundle_add_to_cart_form_location":"","bundle_editable_in_cart":false,"bundle_sold_individually_context":"","bundle_item_grouping":"","bundle_min_size":"","bundle_max_size":"","bundle_price":[],"bundled_items":[],"bundle_sell_ids":[],"acf":[],"_links":{"self":[{"href":"https:\/\/goelette.ca\/en\/wp-json\/wp\/v2\/product\/11200","targetHints":{"allow":["GET"]}}],"collection":[{"href":"https:\/\/goelette.ca\/en\/wp-json\/wp\/v2\/product"}],"about":[{"href":"https:\/\/goelette.ca\/en\/wp-json\/wp\/v2\/types\/product"}],"wp:featuredmedia":[{"embeddable":true,"href":"https:\/\/goelette.ca\/en\/wp-json\/wp\/v2\/media\/57218"}],"wp:attachment":[{"href":"https:\/\/goelette.ca\/en\/wp-json\/wp\/v2\/media?parent=11200"}],"wp:term":[{"taxonomy":"product_brand","embeddable":true,"href":"https:\/\/goelette.ca\/en\/wp-json\/wp\/v2\/product_brand?post=11200"},{"taxonomy":"product_cat","embeddable":true,"href":"https:\/\/goelette.ca\/en\/wp-json\/wp\/v2\/product_cat?post=11200"},{"taxonomy":"product_tag","embeddable":true,"href":"https:\/\/goelette.ca\/en\/wp-json\/wp\/v2\/product_tag?post=11200"},{"taxonomy":"maison_dedition","embeddable":true,"href":"https:\/\/goelette.ca\/en\/wp-json\/wp\/v2\/maison_dedition?post=11200"}],"curies":[{"name":"wp","href":"https:\/\/api.w.org\/{rel}","templated":true}]}}