{"id":11194,"date":"2023-08-02T20:25:00","date_gmt":"2023-08-03T00:25:00","guid":{"rendered":"https:\/\/www.goelette.ca\/produit\/dreamwalkers-t-1\/"},"modified":"2023-08-02T20:58:29","modified_gmt":"2023-08-03T00:58:29","slug":"dreamwalkers-t-1","status":"publish","type":"product","link":"https:\/\/goelette.ca\/en\/tous-les-livres\/dreamwalkers-t-1\/","title":{"rendered":"Dreamwalkers TOME 1 Les voyageurs de la nuit"},"content":{"rendered":"<p>M\u00e9decin v\u00e9t\u00e9rinaire, Samuel Swartz est au comble du bonheur depuis que sa femme lui a annonc\u00e9 qu\u2019elle attend leur premier enfant. Solange lui avoue toutefois que ses nuits sont troubl\u00e9es par des cauchemars dans lesquels un homme s\u2019emploie \u00e0 la torturer afin d\u2019obtenir des informations sur son mari. Le supplice ne s\u2019arr\u00eate pas l\u00e0 : bient\u00f4t, l\u2019effrayant personnage surgit dans le monde r\u00e9el, mettant ainsi en p\u00e9ril tout<br \/>\nce que Sam a de plus cher. Sauv\u00e9 in extremis par de myst\u00e9rieux alli\u00e9s, Samuel est catapult\u00e9 dans l\u2019univers des Dreamwalkers, des \u00eatres dot\u00e9s du pouvoir de s\u2019immiscer dans les r\u00eaves. D\u00e9couvrant\u00a0 qu\u2019il poss\u00e8de lui aussi ce don, il doit suivre un entra\u00eenement afin de le ma\u00eetriser. Et s\u2019il pouvait trouver les r\u00e9ponses qu\u2019il esp\u00e8re en voyageant dans les songes?<\/p>\n","protected":false},"excerpt":{"rendered":"<p>M\u00e9decin v\u00e9t\u00e9rinaire, Samuel Swartz est au comble du bonheur depuis que sa femme lui a annonc\u00e9 qu\u2019elle attend leur premier enfant. Solange lui avoue toutefois que ses nuits sont troubl\u00e9es par des cauchemars dans lesquels un homme s\u2019emploie \u00e0 la torturer afin d\u2019obtenir des informations sur son mari. Le supplice ne s\u2019arr\u00eate pas l\u00e0 : [&hellip;]<\/p>\n","protected":false},"featured_media":57210,"template":"","meta":{"wds_primary_product_brand":0,"wds_primary_product_cat":0,"wds_primary_maison_dedition":0},"product_brand":[],"product_cat":[601,542,602],"product_tag":[],"maison_dedition":[630],"class_list":{"0":"post-11194","1":"product","2":"type-product","3":"status-publish","4":"has-post-thumbnail","6":"product_cat-fantaisie","7":"product_cat-roman","8":"product_cat-science-fiction","9":"pa_auteur-alain-lafond","10":"maison_dedition-les-editions-goelette","12":"first","13":"instock","14":"taxable","15":"shipping-taxable","16":"purchasable","17":"product-type-variable","18":"has-default-attributes"},"bundled_by":[],"bundle_stock_status":"instock","bundle_stock_quantity":null,"bundle_virtual":false,"bundle_layout":"","bundle_add_to_cart_form_location":"","bundle_editable_in_cart":false,"bundle_sold_individually_context":"","bundle_item_grouping":"","bundle_min_size":"","bundle_max_size":"","bundle_price":[],"bundled_items":[],"bundle_sell_ids":[],"acf":[],"_links":{"self":[{"href":"https:\/\/goelette.ca\/en\/wp-json\/wp\/v2\/product\/11194","targetHints":{"allow":["GET"]}}],"collection":[{"href":"https:\/\/goelette.ca\/en\/wp-json\/wp\/v2\/product"}],"about":[{"href":"https:\/\/goelette.ca\/en\/wp-json\/wp\/v2\/types\/product"}],"wp:featuredmedia":[{"embeddable":true,"href":"https:\/\/goelette.ca\/en\/wp-json\/wp\/v2\/media\/57210"}],"wp:attachment":[{"href":"https:\/\/goelette.ca\/en\/wp-json\/wp\/v2\/media?parent=11194"}],"wp:term":[{"taxonomy":"product_brand","embeddable":true,"href":"https:\/\/goelette.ca\/en\/wp-json\/wp\/v2\/product_brand?post=11194"},{"taxonomy":"product_cat","embeddable":true,"href":"https:\/\/goelette.ca\/en\/wp-json\/wp\/v2\/product_cat?post=11194"},{"taxonomy":"product_tag","embeddable":true,"href":"https:\/\/goelette.ca\/en\/wp-json\/wp\/v2\/product_tag?post=11194"},{"taxonomy":"maison_dedition","embeddable":true,"href":"https:\/\/goelette.ca\/en\/wp-json\/wp\/v2\/maison_dedition?post=11194"}],"curies":[{"name":"wp","href":"https:\/\/api.w.org\/{rel}","templated":true}]}}