{"id":11110,"date":"2018-10-12T01:00:00","date_gmt":"2021-10-04T18:47:18","guid":{"rendered":"https:\/\/www.goelette.ca\/produit\/japprends-les-langues-francais-anglais-espagnol\/"},"modified":"2023-12-28T08:37:36","modified_gmt":"2023-12-28T13:37:36","slug":"japprends-les-langues-francais-anglais-espagnol","status":"publish","type":"product","link":"https:\/\/goelette.ca\/en\/tous-les-livres\/japprends-les-langues-francais-anglais-espagnol\/","title":{"rendered":"J&#8217;apprends les langues Fran\u00e7ais-Anglais-Espagnol"},"content":{"rendered":"<p>Voici l&#8217;outil id\u00e9al pour aider votre enfant \u00e0 apprendre ses premiers mots en anglais et en espagnol.<\/p>\n<p>Montrez-lui le recto des cartes pour qu&#8217;il d\u00e9couvre une image. Une fois qu&#8217;il l&#8217;a nomm\u00e9e, prononcez le mot en anglais ou en espagnol et faites-lui r\u00e9p\u00e9ter.<\/p>\n","protected":false},"excerpt":{"rendered":"<p>Voici l&#8217;outil id\u00e9al pour aider votre enfant \u00e0 apprendre ses premiers mots en anglais et en espagnol. Montrez-lui le recto des cartes pour qu&#8217;il d\u00e9couvre une image. Une fois qu&#8217;il l&#8217;a nomm\u00e9e, prononcez le mot en anglais ou en espagnol et faites-lui r\u00e9p\u00e9ter.<\/p>\n","protected":false},"featured_media":11108,"template":"","meta":{"wds_primary_product_brand":0,"wds_primary_product_cat":0,"wds_primary_maison_dedition":0},"product_brand":[],"product_cat":[555,596,538,597],"product_tag":[],"maison_dedition":[595],"class_list":{"0":"post-11110","1":"product","2":"type-product","3":"status-publish","4":"has-post-thumbnail","6":"product_cat-6-ans-et-plus","7":"product_cat-cartes-eclair-jeunesse","8":"product_cat-jeunesse","9":"product_cat-parascolaire","10":"pa_auteur-collectif","11":"maison_dedition-cartes-eclair","13":"first","14":"instock","15":"taxable","16":"shipping-taxable","17":"purchasable","18":"product-type-variable"},"bundled_by":[],"bundle_stock_status":"instock","bundle_stock_quantity":null,"bundle_virtual":false,"bundle_layout":"","bundle_add_to_cart_form_location":"","bundle_editable_in_cart":false,"bundle_sold_individually_context":"","bundle_item_grouping":"","bundle_min_size":"","bundle_max_size":"","bundle_price":[],"bundled_items":[],"bundle_sell_ids":[],"acf":[],"_links":{"self":[{"href":"https:\/\/goelette.ca\/en\/wp-json\/wp\/v2\/product\/11110","targetHints":{"allow":["GET"]}}],"collection":[{"href":"https:\/\/goelette.ca\/en\/wp-json\/wp\/v2\/product"}],"about":[{"href":"https:\/\/goelette.ca\/en\/wp-json\/wp\/v2\/types\/product"}],"wp:featuredmedia":[{"embeddable":true,"href":"https:\/\/goelette.ca\/en\/wp-json\/wp\/v2\/media\/11108"}],"wp:attachment":[{"href":"https:\/\/goelette.ca\/en\/wp-json\/wp\/v2\/media?parent=11110"}],"wp:term":[{"taxonomy":"product_brand","embeddable":true,"href":"https:\/\/goelette.ca\/en\/wp-json\/wp\/v2\/product_brand?post=11110"},{"taxonomy":"product_cat","embeddable":true,"href":"https:\/\/goelette.ca\/en\/wp-json\/wp\/v2\/product_cat?post=11110"},{"taxonomy":"product_tag","embeddable":true,"href":"https:\/\/goelette.ca\/en\/wp-json\/wp\/v2\/product_tag?post=11110"},{"taxonomy":"maison_dedition","embeddable":true,"href":"https:\/\/goelette.ca\/en\/wp-json\/wp\/v2\/maison_dedition?post=11110"}],"curies":[{"name":"wp","href":"https:\/\/api.w.org\/{rel}","templated":true}]}}