{"id":11080,"date":"2019-01-10T01:00:00","date_gmt":"2019-01-10T06:00:00","guid":{"rendered":"https:\/\/www.goelette.ca\/produit\/zen-50-cartes-inspirantes-pour-vous-motiver-au-quotidien\/"},"modified":"2023-12-06T12:02:33","modified_gmt":"2023-12-06T17:02:33","slug":"zen-50-cartes-inspirantes-pour-vous-motiver-au-quotidien","status":"publish","type":"product","link":"https:\/\/goelette.ca\/en\/tous-les-livres\/zen-50-cartes-inspirantes-pour-vous-motiver-au-quotidien\/","title":{"rendered":"Zen &#8211; 50 cartes inspirantes pour vous motiver au quotidien"},"content":{"rendered":"<p><span style=\"font-size: 14px;\">Trouvez la z\u00e9nitude avec 50 pens\u00e9es joliment illustr\u00e9es. Pigez une carte au hasard pour guider vos r\u00e9flexions ou offrez-la \u00e0 vos proches pour les inspirer et distribuer du bonheur ! <\/span><\/p>\n","protected":false},"excerpt":{"rendered":"<p>Trouvez la z\u00e9nitude avec 50 pens\u00e9es joliment illustr\u00e9es. Pigez une carte au hasard pour guider vos r\u00e9flexions ou offrez-la \u00e0 vos proches pour les inspirer et distribuer du bonheur !<\/p>\n","protected":false},"featured_media":11078,"template":"","meta":{"wds_primary_product_brand":0,"wds_primary_product_cat":0,"wds_primary_maison_dedition":0},"product_brand":[],"product_cat":[586,594,557],"product_tag":[],"maison_dedition":[595],"class_list":{"0":"post-11080","1":"product","2":"type-product","3":"status-publish","4":"has-post-thumbnail","6":"product_cat-bien-etre-et-sante-pratique","7":"product_cat-cartes-eclair","8":"product_cat-pratique","9":"pa_auteur-collectif","10":"maison_dedition-cartes-eclair","12":"first","13":"instock","14":"taxable","15":"shipping-taxable","16":"purchasable","17":"product-type-variable"},"bundled_by":[],"bundle_stock_status":"instock","bundle_stock_quantity":null,"bundle_virtual":false,"bundle_layout":"","bundle_add_to_cart_form_location":"","bundle_editable_in_cart":false,"bundle_sold_individually_context":"","bundle_item_grouping":"","bundle_min_size":"","bundle_max_size":"","bundle_price":[],"bundled_items":[],"bundle_sell_ids":[],"acf":[],"_links":{"self":[{"href":"https:\/\/goelette.ca\/en\/wp-json\/wp\/v2\/product\/11080","targetHints":{"allow":["GET"]}}],"collection":[{"href":"https:\/\/goelette.ca\/en\/wp-json\/wp\/v2\/product"}],"about":[{"href":"https:\/\/goelette.ca\/en\/wp-json\/wp\/v2\/types\/product"}],"wp:featuredmedia":[{"embeddable":true,"href":"https:\/\/goelette.ca\/en\/wp-json\/wp\/v2\/media\/11078"}],"wp:attachment":[{"href":"https:\/\/goelette.ca\/en\/wp-json\/wp\/v2\/media?parent=11080"}],"wp:term":[{"taxonomy":"product_brand","embeddable":true,"href":"https:\/\/goelette.ca\/en\/wp-json\/wp\/v2\/product_brand?post=11080"},{"taxonomy":"product_cat","embeddable":true,"href":"https:\/\/goelette.ca\/en\/wp-json\/wp\/v2\/product_cat?post=11080"},{"taxonomy":"product_tag","embeddable":true,"href":"https:\/\/goelette.ca\/en\/wp-json\/wp\/v2\/product_tag?post=11080"},{"taxonomy":"maison_dedition","embeddable":true,"href":"https:\/\/goelette.ca\/en\/wp-json\/wp\/v2\/maison_dedition?post=11080"}],"curies":[{"name":"wp","href":"https:\/\/api.w.org\/{rel}","templated":true}]}}