{"id":11056,"date":"2022-11-17T00:00:00","date_gmt":"2022-11-17T05:00:00","guid":{"rendered":"https:\/\/www.goelette.ca\/produit\/la-longue-nuit-de-siku\/"},"modified":"2025-05-15T13:45:54","modified_gmt":"2025-05-15T17:45:54","slug":"la-longue-nuit-de-siku","status":"publish","type":"product","link":"https:\/\/goelette.ca\/en\/tous-les-livres\/la-longue-nuit-de-siku\/","title":{"rendered":"La longue nuit de Siku"},"content":{"rendered":"<p>Siku le jeune ours polaire adore jouer sur la banquise avec sa soeur Qanik, alors que le soleil brille. Mais au fil des jours, l&#8217;astre ne reste pas dans le ciel aussi longtemps qu&#8217;auparavant. Il vient m\u00eame \u00e0 dispara\u00eetre ! Siku est bien d\u00e9courag\u00e9. Comment pourront-ils s&#8217;amuser en pleine obscurit\u00e9 ?<\/p>\n","protected":false},"excerpt":{"rendered":"<p>Siku le jeune ours polaire adore jouer sur la banquise avec sa soeur Qanik, alors que le soleil brille. Mais au fil des jours, l&#8217;astre ne reste pas dans le ciel aussi longtemps qu&#8217;auparavant. Il vient m\u00eame \u00e0 dispara\u00eetre ! Siku est bien d\u00e9courag\u00e9. Comment pourront-ils s&#8217;amuser en pleine obscurit\u00e9 ?<\/p>\n","protected":false},"featured_media":11054,"template":"","meta":{"wds_primary_product_brand":0,"wds_primary_product_cat":0,"wds_primary_maison_dedition":0},"product_brand":[],"product_cat":[560,578,538],"product_tag":[],"maison_dedition":[541,584],"class_list":{"0":"post-11056","1":"product","2":"type-product","3":"status-publish","4":"has-post-thumbnail","6":"product_cat-3-5-ans","7":"product_cat-albums-illustres","8":"product_cat-jeunesse","9":"pa_auteur-maude-iris-hamelin-ouellette","10":"pa_illustrateur-lea-fabre","11":"maison_dedition-les-editions-coup-doeil","12":"maison_dedition-petites-lectures","14":"first","15":"instock","16":"taxable","17":"shipping-taxable","18":"purchasable","19":"product-type-variable","20":"has-default-attributes"},"bundled_by":[],"bundle_stock_status":"instock","bundle_stock_quantity":null,"bundle_virtual":false,"bundle_layout":"","bundle_add_to_cart_form_location":"","bundle_editable_in_cart":false,"bundle_sold_individually_context":"","bundle_item_grouping":"","bundle_min_size":"","bundle_max_size":"","bundle_price":[],"bundled_items":[],"bundle_sell_ids":[],"acf":[],"_links":{"self":[{"href":"https:\/\/goelette.ca\/en\/wp-json\/wp\/v2\/product\/11056","targetHints":{"allow":["GET"]}}],"collection":[{"href":"https:\/\/goelette.ca\/en\/wp-json\/wp\/v2\/product"}],"about":[{"href":"https:\/\/goelette.ca\/en\/wp-json\/wp\/v2\/types\/product"}],"wp:featuredmedia":[{"embeddable":true,"href":"https:\/\/goelette.ca\/en\/wp-json\/wp\/v2\/media\/11054"}],"wp:attachment":[{"href":"https:\/\/goelette.ca\/en\/wp-json\/wp\/v2\/media?parent=11056"}],"wp:term":[{"taxonomy":"product_brand","embeddable":true,"href":"https:\/\/goelette.ca\/en\/wp-json\/wp\/v2\/product_brand?post=11056"},{"taxonomy":"product_cat","embeddable":true,"href":"https:\/\/goelette.ca\/en\/wp-json\/wp\/v2\/product_cat?post=11056"},{"taxonomy":"product_tag","embeddable":true,"href":"https:\/\/goelette.ca\/en\/wp-json\/wp\/v2\/product_tag?post=11056"},{"taxonomy":"maison_dedition","embeddable":true,"href":"https:\/\/goelette.ca\/en\/wp-json\/wp\/v2\/maison_dedition?post=11056"}],"curies":[{"name":"wp","href":"https:\/\/api.w.org\/{rel}","templated":true}]}}