{"id":11053,"date":"2022-06-09T00:00:00","date_gmt":"2022-06-09T04:00:00","guid":{"rendered":"https:\/\/www.goelette.ca\/produit\/fais-attention\/"},"modified":"2025-05-15T14:14:59","modified_gmt":"2025-05-15T18:14:59","slug":"fais-attention","status":"publish","type":"product","link":"https:\/\/goelette.ca\/en\/tous-les-livres\/fais-attention\/","title":{"rendered":"Fais attention !"},"content":{"rendered":"<p>Oh non ! Le ballon de Kylian est coinc\u00e9 sur le toit de sa maison. Il l&#8217;a lanc\u00e9 trop haut ! Ni lui ni sa s\u0153ur Kathy ne peuvent l&#8217;atteindre malgr\u00e9 tous leurs bonds de kangourou. Comment pourront-ils le r\u00e9cup\u00e9rer sans se mettre en danger ?<\/p>\n<p>Avec cette histoire rigolote, abordez en douceur le sujet de la s\u00e9curit\u00e9 avec votre enfant et faites-le r\u00e9fl\u00e9chir gr\u00e2ce \u00e0 une page sp\u00e9ciale \u00e0 la fin de l&#8217;album.<\/p>\n","protected":false},"excerpt":{"rendered":"<p>Oh non ! Le ballon de Kylian est coinc\u00e9 sur le toit de sa maison. Il l&#8217;a lanc\u00e9 trop haut ! Ni lui ni sa s\u0153ur Kathy ne peuvent l&#8217;atteindre malgr\u00e9 tous leurs bonds de kangourou. Comment pourront-ils le r\u00e9cup\u00e9rer sans se mettre en danger ? Avec cette histoire rigolote, abordez en douceur le sujet [&hellip;]<\/p>\n","protected":false},"featured_media":11051,"template":"","meta":{"wds_primary_product_brand":0,"wds_primary_product_cat":0,"wds_primary_maison_dedition":0},"product_brand":[],"product_cat":[560,578,538],"product_tag":[],"maison_dedition":[541,584],"class_list":{"0":"post-11053","1":"product","2":"type-product","3":"status-publish","4":"has-post-thumbnail","6":"product_cat-3-5-ans","7":"product_cat-albums-illustres","8":"product_cat-jeunesse","9":"pa_auteur-marilou-charpentier","10":"pa_illustrateur-gaelle-picard","11":"maison_dedition-les-editions-coup-doeil","12":"maison_dedition-petites-lectures","14":"first","15":"instock","16":"taxable","17":"shipping-taxable","18":"purchasable","19":"product-type-variable","20":"has-default-attributes"},"bundled_by":[],"bundle_stock_status":"instock","bundle_stock_quantity":null,"bundle_virtual":false,"bundle_layout":"","bundle_add_to_cart_form_location":"","bundle_editable_in_cart":false,"bundle_sold_individually_context":"","bundle_item_grouping":"","bundle_min_size":"","bundle_max_size":"","bundle_price":[],"bundled_items":[],"bundle_sell_ids":[],"acf":[],"_links":{"self":[{"href":"https:\/\/goelette.ca\/en\/wp-json\/wp\/v2\/product\/11053","targetHints":{"allow":["GET"]}}],"collection":[{"href":"https:\/\/goelette.ca\/en\/wp-json\/wp\/v2\/product"}],"about":[{"href":"https:\/\/goelette.ca\/en\/wp-json\/wp\/v2\/types\/product"}],"wp:featuredmedia":[{"embeddable":true,"href":"https:\/\/goelette.ca\/en\/wp-json\/wp\/v2\/media\/11051"}],"wp:attachment":[{"href":"https:\/\/goelette.ca\/en\/wp-json\/wp\/v2\/media?parent=11053"}],"wp:term":[{"taxonomy":"product_brand","embeddable":true,"href":"https:\/\/goelette.ca\/en\/wp-json\/wp\/v2\/product_brand?post=11053"},{"taxonomy":"product_cat","embeddable":true,"href":"https:\/\/goelette.ca\/en\/wp-json\/wp\/v2\/product_cat?post=11053"},{"taxonomy":"product_tag","embeddable":true,"href":"https:\/\/goelette.ca\/en\/wp-json\/wp\/v2\/product_tag?post=11053"},{"taxonomy":"maison_dedition","embeddable":true,"href":"https:\/\/goelette.ca\/en\/wp-json\/wp\/v2\/maison_dedition?post=11053"}],"curies":[{"name":"wp","href":"https:\/\/api.w.org\/{rel}","templated":true}]}}