{"id":11050,"date":"2022-06-09T00:00:00","date_gmt":"2022-06-09T04:00:00","guid":{"rendered":"https:\/\/www.goelette.ca\/produit\/le-flamant-rose-qui-naimait-pas-le-rose\/"},"modified":"2025-05-15T14:26:30","modified_gmt":"2025-05-15T18:26:30","slug":"le-flamant-rose-qui-naimait-pas-le-rose","status":"publish","type":"product","link":"https:\/\/goelette.ca\/en\/tous-les-livres\/le-flamant-rose-qui-naimait-pas-le-rose\/","title":{"rendered":"Le flamant qui n&#8217;aimait pas le rose"},"content":{"rendered":"<p>Fiona n&#8217;aime pas le rose, et encore moins que son plumage soit de cette couleur. Sa vie de flamant serait tellement plus agr\u00e9able s&#8217;il \u00e9tait de l&#8217;une des jolies teintes de l&#8217;arc-en-ciel. Heureusement, son copain le singe est tr\u00e8s malin ! Il sait ce que Fiona doit faire pour exaucer son souhait.<\/p>\n<p>Avec cette histoire rigolote, abordez en douceur le sujet des couleurs avec votre enfant et faites-le r\u00e9fl\u00e9chir gr\u00e2ce \u00e0 une page sp\u00e9ciale \u00e0 la fin de l&#8217;album.<\/p>\n","protected":false},"excerpt":{"rendered":"<p>Fiona n&#8217;aime pas le rose, et encore moins que son plumage soit de cette couleur. Sa vie de flamant serait tellement plus agr\u00e9able s&#8217;il \u00e9tait de l&#8217;une des jolies teintes de l&#8217;arc-en-ciel. Heureusement, son copain le singe est tr\u00e8s malin ! Il sait ce que Fiona doit faire pour exaucer son souhait. Avec cette histoire [&hellip;]<\/p>\n","protected":false},"featured_media":11048,"template":"","meta":{"wds_primary_product_brand":0,"wds_primary_product_cat":0,"wds_primary_maison_dedition":0},"product_brand":[],"product_cat":[560,578,538],"product_tag":[],"maison_dedition":[541,584],"class_list":{"0":"post-11050","1":"product","2":"type-product","3":"status-publish","4":"has-post-thumbnail","6":"product_cat-3-5-ans","7":"product_cat-albums-illustres","8":"product_cat-jeunesse","9":"pa_auteur-maude-iris-hamelin-ouellette","10":"pa_illustrateur-elen-lescoat","11":"maison_dedition-les-editions-coup-doeil","12":"maison_dedition-petites-lectures","14":"first","15":"instock","16":"taxable","17":"shipping-taxable","18":"purchasable","19":"product-type-variable","20":"has-default-attributes"},"bundled_by":[],"bundle_stock_status":"instock","bundle_stock_quantity":null,"bundle_virtual":false,"bundle_layout":"","bundle_add_to_cart_form_location":"","bundle_editable_in_cart":false,"bundle_sold_individually_context":"","bundle_item_grouping":"","bundle_min_size":"","bundle_max_size":"","bundle_price":[],"bundled_items":[],"bundle_sell_ids":[],"acf":[],"_links":{"self":[{"href":"https:\/\/goelette.ca\/en\/wp-json\/wp\/v2\/product\/11050","targetHints":{"allow":["GET"]}}],"collection":[{"href":"https:\/\/goelette.ca\/en\/wp-json\/wp\/v2\/product"}],"about":[{"href":"https:\/\/goelette.ca\/en\/wp-json\/wp\/v2\/types\/product"}],"wp:featuredmedia":[{"embeddable":true,"href":"https:\/\/goelette.ca\/en\/wp-json\/wp\/v2\/media\/11048"}],"wp:attachment":[{"href":"https:\/\/goelette.ca\/en\/wp-json\/wp\/v2\/media?parent=11050"}],"wp:term":[{"taxonomy":"product_brand","embeddable":true,"href":"https:\/\/goelette.ca\/en\/wp-json\/wp\/v2\/product_brand?post=11050"},{"taxonomy":"product_cat","embeddable":true,"href":"https:\/\/goelette.ca\/en\/wp-json\/wp\/v2\/product_cat?post=11050"},{"taxonomy":"product_tag","embeddable":true,"href":"https:\/\/goelette.ca\/en\/wp-json\/wp\/v2\/product_tag?post=11050"},{"taxonomy":"maison_dedition","embeddable":true,"href":"https:\/\/goelette.ca\/en\/wp-json\/wp\/v2\/maison_dedition?post=11050"}],"curies":[{"name":"wp","href":"https:\/\/api.w.org\/{rel}","templated":true}]}}