{"id":10981,"date":"2022-06-09T00:00:00","date_gmt":"2022-06-09T04:00:00","guid":{"rendered":"https:\/\/www.goelette.ca\/produit\/larbre-qui-avait-peur-de-lhiver\/"},"modified":"2025-05-15T13:51:26","modified_gmt":"2025-05-15T17:51:26","slug":"larbre-qui-avait-peur-de-lhiver","status":"publish","type":"product","link":"https:\/\/goelette.ca\/en\/tous-les-livres\/larbre-qui-avait-peur-de-lhiver\/","title":{"rendered":"L&#8217;Arbre qui avait peur de l&#8217;hiver"},"content":{"rendered":"<p>Depuis quelques temps, Ernest le jeune \u00e9rable est perplexe. Les animaux du parc dans lequel il vit commencent \u00e0 se pr\u00e9parer pour l&#8217;arriv\u00e9e du grand froid. Certains font des r\u00e9serves, alors que d&#8217;autres s&#8217;envolent au loin. Mais qu&#8217;est-ce que l&#8217;hiver a de si effrayant pour que ses amis s&#8217;y pr\u00e9parent avec tant de soin ? Doit-il lui-m\u00eame craindre le froid \u00e0 venir ?<\/p>\n","protected":false},"excerpt":{"rendered":"<p>Depuis quelques temps, Ernest le jeune \u00e9rable est perplexe. Les animaux du parc dans lequel il vit commencent \u00e0 se pr\u00e9parer pour l&#8217;arriv\u00e9e du grand froid. Certains font des r\u00e9serves, alors que d&#8217;autres s&#8217;envolent au loin. Mais qu&#8217;est-ce que l&#8217;hiver a de si effrayant pour que ses amis s&#8217;y pr\u00e9parent avec tant de soin ? [&hellip;]<\/p>\n","protected":false},"featured_media":10979,"template":"","meta":{"wds_primary_product_brand":0,"wds_primary_product_cat":0,"wds_primary_maison_dedition":0},"product_brand":[],"product_cat":[560,578,538],"product_tag":[],"maison_dedition":[541,584],"class_list":{"0":"post-10981","1":"product","2":"type-product","3":"status-publish","4":"has-post-thumbnail","6":"product_cat-3-5-ans","7":"product_cat-albums-illustres","8":"product_cat-jeunesse","9":"pa_auteur-marilou-charpentier","10":"pa_illustrateur-luba-aguilova","11":"maison_dedition-les-editions-coup-doeil","12":"maison_dedition-petites-lectures","14":"first","15":"instock","16":"taxable","17":"shipping-taxable","18":"purchasable","19":"product-type-variable","20":"has-default-attributes"},"bundled_by":[],"bundle_stock_status":"instock","bundle_stock_quantity":null,"bundle_virtual":false,"bundle_layout":"","bundle_add_to_cart_form_location":"","bundle_editable_in_cart":false,"bundle_sold_individually_context":"","bundle_item_grouping":"","bundle_min_size":"","bundle_max_size":"","bundle_price":[],"bundled_items":[],"bundle_sell_ids":[],"acf":[],"_links":{"self":[{"href":"https:\/\/goelette.ca\/en\/wp-json\/wp\/v2\/product\/10981","targetHints":{"allow":["GET"]}}],"collection":[{"href":"https:\/\/goelette.ca\/en\/wp-json\/wp\/v2\/product"}],"about":[{"href":"https:\/\/goelette.ca\/en\/wp-json\/wp\/v2\/types\/product"}],"wp:featuredmedia":[{"embeddable":true,"href":"https:\/\/goelette.ca\/en\/wp-json\/wp\/v2\/media\/10979"}],"wp:attachment":[{"href":"https:\/\/goelette.ca\/en\/wp-json\/wp\/v2\/media?parent=10981"}],"wp:term":[{"taxonomy":"product_brand","embeddable":true,"href":"https:\/\/goelette.ca\/en\/wp-json\/wp\/v2\/product_brand?post=10981"},{"taxonomy":"product_cat","embeddable":true,"href":"https:\/\/goelette.ca\/en\/wp-json\/wp\/v2\/product_cat?post=10981"},{"taxonomy":"product_tag","embeddable":true,"href":"https:\/\/goelette.ca\/en\/wp-json\/wp\/v2\/product_tag?post=10981"},{"taxonomy":"maison_dedition","embeddable":true,"href":"https:\/\/goelette.ca\/en\/wp-json\/wp\/v2\/maison_dedition?post=10981"}],"curies":[{"name":"wp","href":"https:\/\/api.w.org\/{rel}","templated":true}]}}