{"id":10975,"date":"2018-05-11T01:00:00","date_gmt":"2021-10-04T18:45:07","guid":{"rendered":"https:\/\/www.goelette.ca\/produit\/pour-toi-nina\/"},"modified":"2023-01-19T13:40:42","modified_gmt":"2023-01-19T18:40:42","slug":"pour-toi-nina","status":"publish","type":"product","link":"https:\/\/goelette.ca\/en\/tous-les-livres\/pour-toi-nina\/","title":{"rendered":"Pour toi, Nina"},"content":{"rendered":"<p>\u00c0 la naissance de sa fille Nina, Alice est invit\u00e9e \u00e0 s&#8217;installer chez son arri\u00e8re-grand-m\u00e8re Jeanne avec son poupon pour quelque temps. Dans la maison de son a\u00efeule, la jeune femme prend alors go\u00fbt \u00e0 sa nouvelle t\u00e2che de m\u00e8re, mais en profite aussi pour renouer avec son h\u00e9ritage familial.<\/p>\n<p>Tout d\u00e9bute lorsque Jeanne et Alice mettent la main sur une ancienne valise ayant appartenu \u00e0 leur anc\u00eatre Dina. Le contenu qu&#8217;elles y trouvent, mais surtout une \u00e9tonnante photo de mariage, suscite en elles de nombreuses questions. Curieuses, elles pousseront leurs recherches jusqu&#8217;\u00e0 d\u00e9couvrir les secrets de la malheureuse mal\u00e9diction que les femmes de leur famille se sont transmise de g\u00e9n\u00e9ration en g\u00e9n\u00e9ration. Mais le simple fait de conna\u00eetre la v\u00e9rit\u00e9 sera-t-il suffisant pour prot\u00e9ger Nina ?<\/p>\n<p>Une fois de plus, Claire Pontbriand raconte ici avec une douceur et une humanit\u00e9 propre \u00e0 elle une fresque familiale complexe et pleine de sensibilit\u00e9. \u00c0 travers l&#8217;histoire de cinq g\u00e9n\u00e9rations de femmes, elle nous offre un r\u00e9cit o\u00f9 l&#8217;amour sous toutes ses formes s&#8217;exprime dans toute sa splendeur.<\/p>\n","protected":false},"excerpt":{"rendered":"<p>\u00c0 la naissance de sa fille Nina, Alice est invit\u00e9e \u00e0 s&#8217;installer chez son arri\u00e8re-grand-m\u00e8re Jeanne avec son poupon pour quelque temps. Dans la maison de son a\u00efeule, la jeune femme prend alors go\u00fbt \u00e0 sa nouvelle t\u00e2che de m\u00e8re, mais en profite aussi pour renouer avec son h\u00e9ritage familial. Tout d\u00e9bute lorsque Jeanne et [&hellip;]<\/p>\n","protected":false},"featured_media":10973,"template":"","meta":{"wds_primary_product_brand":0,"wds_primary_product_cat":0,"wds_primary_maison_dedition":0},"product_brand":[],"product_cat":[565,542],"product_tag":[],"maison_dedition":[541],"class_list":{"0":"post-10975","1":"product","2":"type-product","3":"status-publish","4":"has-post-thumbnail","6":"product_cat-drame","7":"product_cat-roman","8":"pa_auteur-claire-pontbriand","9":"maison_dedition-les-editions-coup-doeil","11":"first","12":"instock","13":"taxable","14":"shipping-taxable","15":"purchasable","16":"product-type-variable"},"bundled_by":[],"bundle_stock_status":"instock","bundle_stock_quantity":null,"bundle_virtual":false,"bundle_layout":"","bundle_add_to_cart_form_location":"","bundle_editable_in_cart":false,"bundle_sold_individually_context":"","bundle_item_grouping":"","bundle_min_size":"","bundle_max_size":"","bundle_price":[],"bundled_items":[],"bundle_sell_ids":[],"acf":[],"_links":{"self":[{"href":"https:\/\/goelette.ca\/en\/wp-json\/wp\/v2\/product\/10975","targetHints":{"allow":["GET"]}}],"collection":[{"href":"https:\/\/goelette.ca\/en\/wp-json\/wp\/v2\/product"}],"about":[{"href":"https:\/\/goelette.ca\/en\/wp-json\/wp\/v2\/types\/product"}],"wp:featuredmedia":[{"embeddable":true,"href":"https:\/\/goelette.ca\/en\/wp-json\/wp\/v2\/media\/10973"}],"wp:attachment":[{"href":"https:\/\/goelette.ca\/en\/wp-json\/wp\/v2\/media?parent=10975"}],"wp:term":[{"taxonomy":"product_brand","embeddable":true,"href":"https:\/\/goelette.ca\/en\/wp-json\/wp\/v2\/product_brand?post=10975"},{"taxonomy":"product_cat","embeddable":true,"href":"https:\/\/goelette.ca\/en\/wp-json\/wp\/v2\/product_cat?post=10975"},{"taxonomy":"product_tag","embeddable":true,"href":"https:\/\/goelette.ca\/en\/wp-json\/wp\/v2\/product_tag?post=10975"},{"taxonomy":"maison_dedition","embeddable":true,"href":"https:\/\/goelette.ca\/en\/wp-json\/wp\/v2\/maison_dedition?post=10975"}],"curies":[{"name":"wp","href":"https:\/\/api.w.org\/{rel}","templated":true}]}}