{"id":10963,"date":"2018-04-16T01:00:00","date_gmt":"2021-10-04T18:44:58","guid":{"rendered":"https:\/\/www.goelette.ca\/produit\/plume-et-pinceaux\/"},"modified":"2022-02-18T16:19:13","modified_gmt":"2022-02-18T21:19:13","slug":"plume-et-pinceaux","status":"publish","type":"product","link":"https:\/\/goelette.ca\/en\/tous-les-livres\/plume-et-pinceaux\/","title":{"rendered":"Plume et pinceaux"},"content":{"rendered":"<p>Au mitan de sa vie, Gabrielle vit un quotidien lassant et banal. Entre un mari ti\u00e8de, des enfants qui n&#8217;ont plus besoin d&#8217;elle et un travail abrutissant, elle sent resurgir au fond de son \u00e2me l&#8217;esquisse de r\u00eaves longtemps refoul\u00e9s. <\/p>\n<p>Un bon matin, elle l\u00e8ve l&#8217;ancre et prend le large vers la magnifique r\u00e9gion de Charlevoix, d\u00e9cid\u00e9e \u00e0 se retrouver. Elle rencontre au d\u00e9tour du chemin l&#8217;artiste \u00c9lisabeth et le peintre F\u00e9lix, qui lui redonnent go\u00fbt \u00e0 la vie, tout en la chamboulant compl\u00e8tement. <\/p>\n<p>Avec <em>Plume et pinceaux<\/em>, Micheline Duff fait r\u00e9sonner la voix silencieuse de nombreuses femmes, qui, essouffl\u00e9es par leur routine ordinaire, ont laiss\u00e9 de c\u00f4t\u00e9 leurs ambitions. Une \u00e9mouvante remise en question o\u00f9 l&#8217;amour, l&#8217;art et le bonheur s&#8217;enchev\u00eatrent au tournant de la vie. <\/p><\/p>\n","protected":false},"excerpt":{"rendered":"<p>Au mitan de sa vie, Gabrielle vit un quotidien lassant et banal. Entre un mari ti\u00e8de, des enfants qui n&#8217;ont plus besoin d&#8217;elle et un travail abrutissant, elle sent resurgir au fond de son \u00e2me l&#8217;esquisse de r\u00eaves longtemps refoul\u00e9s. Un bon matin, elle l\u00e8ve l&#8217;ancre et prend le large vers la magnifique r\u00e9gion de [&hellip;]<\/p>\n","protected":false},"featured_media":10961,"template":"","meta":{"wds_primary_product_brand":0,"wds_primary_product_cat":0,"wds_primary_maison_dedition":0},"product_brand":[],"product_cat":[565,542],"product_tag":[],"maison_dedition":[541],"class_list":{"0":"post-10963","1":"product","2":"type-product","3":"status-publish","4":"has-post-thumbnail","6":"product_cat-drame","7":"product_cat-roman","8":"pa_auteur-micheline-duff","9":"maison_dedition-les-editions-coup-doeil","11":"first","12":"instock","13":"taxable","14":"shipping-taxable","15":"purchasable","16":"product-type-variable"},"bundled_by":[],"bundle_stock_status":"instock","bundle_stock_quantity":null,"bundle_virtual":false,"bundle_layout":"","bundle_add_to_cart_form_location":"","bundle_editable_in_cart":false,"bundle_sold_individually_context":"","bundle_item_grouping":"","bundle_min_size":"","bundle_max_size":"","bundle_price":[],"bundled_items":[],"bundle_sell_ids":[],"acf":[],"_links":{"self":[{"href":"https:\/\/goelette.ca\/en\/wp-json\/wp\/v2\/product\/10963","targetHints":{"allow":["GET"]}}],"collection":[{"href":"https:\/\/goelette.ca\/en\/wp-json\/wp\/v2\/product"}],"about":[{"href":"https:\/\/goelette.ca\/en\/wp-json\/wp\/v2\/types\/product"}],"wp:featuredmedia":[{"embeddable":true,"href":"https:\/\/goelette.ca\/en\/wp-json\/wp\/v2\/media\/10961"}],"wp:attachment":[{"href":"https:\/\/goelette.ca\/en\/wp-json\/wp\/v2\/media?parent=10963"}],"wp:term":[{"taxonomy":"product_brand","embeddable":true,"href":"https:\/\/goelette.ca\/en\/wp-json\/wp\/v2\/product_brand?post=10963"},{"taxonomy":"product_cat","embeddable":true,"href":"https:\/\/goelette.ca\/en\/wp-json\/wp\/v2\/product_cat?post=10963"},{"taxonomy":"product_tag","embeddable":true,"href":"https:\/\/goelette.ca\/en\/wp-json\/wp\/v2\/product_tag?post=10963"},{"taxonomy":"maison_dedition","embeddable":true,"href":"https:\/\/goelette.ca\/en\/wp-json\/wp\/v2\/maison_dedition?post=10963"}],"curies":[{"name":"wp","href":"https:\/\/api.w.org\/{rel}","templated":true}]}}